{"id":1069,"date":"2019-10-28T02:02:44","date_gmt":"2019-10-28T02:02:44","guid":{"rendered":"https:\/\/juanfe.juanfe.org\/donacionesapp\/"},"modified":"2024-09-05T15:02:14","modified_gmt":"2024-09-05T22:02:14","slug":"donacionesapp","status":"publish","type":"page","link":"https:\/\/juanfe.juanfe.org\/en\/donacionesapp\/","title":{"rendered":"Make a Donation"},"content":{"rendered":"<div class=\"wpb-content-wrapper\"><p>[vc_row][vc_column][\/vc_column][\/vc_row]<\/p>\n<\/div>","protected":false},"excerpt":{"rendered":"<p>[vc_row][vc_column][\/vc_column][\/vc_row]<\/p>\n","protected":false},"author":1,"featured_media":0,"parent":0,"menu_order":0,"comment_status":"closed","ping_status":"closed","template":"donation_form_us.php","meta":{"footnotes":""},"categories":[],"tags":[],"class_list":["post-1069","page","type-page","status-publish","hentry"],"yoast_head":"<!-- This site is optimized with the Yoast SEO plugin v23.2 - https:\/\/yoast.com\/wordpress\/plugins\/seo\/ -->\n<title>Fundaci\u00f3n Juanfe | Make a Donation<\/title>\n<meta name=\"robots\" content=\"index, follow, max-snippet:-1, max-image-preview:large, max-video-preview:-1\" \/>\n<link rel=\"canonical\" href=\"https:\/\/juanfe.juanfe.org\/en\/donacionesapp\/\" \/>\n<meta property=\"og:locale\" content=\"en_US\" \/>\n<meta property=\"og:type\" content=\"article\" \/>\n<meta property=\"og:title\" content=\"Fundaci\u00f3n Juanfe | Make a Donation\" \/>\n<meta property=\"og:description\" content=\"[vc_row][vc_column][\/vc_column][\/vc_row]\" \/>\n<meta property=\"og:url\" content=\"https:\/\/juanfe.juanfe.org\/en\/donacionesapp\/\" \/>\n<meta property=\"og:site_name\" content=\"Fundaci\u00f3n Juanfe\" \/>\n<meta property=\"article:modified_time\" content=\"2024-09-05T22:02:14+00:00\" \/>\n<meta name=\"twitter:card\" content=\"summary_large_image\" \/>\n<meta name=\"twitter:label1\" content=\"Est. reading time\" \/>\n\t<meta name=\"twitter:data1\" content=\"1 minute\" \/>\n<script type=\"application\/ld+json\" class=\"yoast-schema-graph\">{\"@context\":\"https:\/\/schema.org\",\"@graph\":[{\"@type\":\"WebPage\",\"@id\":\"https:\/\/juanfe.juanfe.org\/en\/donacionesapp\/\",\"url\":\"https:\/\/juanfe.juanfe.org\/en\/donacionesapp\/\",\"name\":\"Fundaci\u00f3n Juanfe | Make a Donation\",\"isPartOf\":{\"@id\":\"https:\/\/juanfe.juanfe.org\/en\/#website\"},\"datePublished\":\"2019-10-28T02:02:44+00:00\",\"dateModified\":\"2024-09-05T22:02:14+00:00\",\"breadcrumb\":{\"@id\":\"https:\/\/juanfe.juanfe.org\/en\/donacionesapp\/#breadcrumb\"},\"inLanguage\":\"en-US\",\"potentialAction\":[{\"@type\":\"ReadAction\",\"target\":[\"https:\/\/juanfe.juanfe.org\/en\/donacionesapp\/\"]}]},{\"@type\":\"BreadcrumbList\",\"@id\":\"https:\/\/juanfe.juanfe.org\/en\/donacionesapp\/#breadcrumb\",\"itemListElement\":[{\"@type\":\"ListItem\",\"position\":1,\"name\":\"Portada\",\"item\":\"https:\/\/juanfe.juanfe.org\/en\/\"},{\"@type\":\"ListItem\",\"position\":2,\"name\":\"Make a Donation\"}]},{\"@type\":\"WebSite\",\"@id\":\"https:\/\/juanfe.juanfe.org\/en\/#website\",\"url\":\"https:\/\/juanfe.juanfe.org\/en\/\",\"name\":\"Fundaci\u00f3n Juanfe\",\"description\":\"En la Fundaci\u00f3n Juanfe, sabemos que invertir en las mujeres es la clave para erradicar la pobreza y avanzar en la equidad de g\u00e9nero.\",\"publisher\":{\"@id\":\"https:\/\/juanfe.juanfe.org\/en\/#organization\"},\"potentialAction\":[{\"@type\":\"SearchAction\",\"target\":{\"@type\":\"EntryPoint\",\"urlTemplate\":\"https:\/\/juanfe.juanfe.org\/en\/?s={search_term_string}\"},\"query-input\":\"required name=search_term_string\"}],\"inLanguage\":\"en-US\"},{\"@type\":\"Organization\",\"@id\":\"https:\/\/juanfe.juanfe.org\/en\/#organization\",\"name\":\"Fundaci\u00f3n Juanfe\",\"url\":\"https:\/\/juanfe.juanfe.org\/en\/\",\"logo\":{\"@type\":\"ImageObject\",\"inLanguage\":\"en-US\",\"@id\":\"https:\/\/juanfe.juanfe.org\/en\/#\/schema\/logo\/image\/\",\"url\":\"https:\/\/juanfe.juanfe.org\/wp-content\/uploads\/2019\/11\/logo_Fundacion_JuanFe_Colombia.png\",\"contentUrl\":\"https:\/\/juanfe.juanfe.org\/wp-content\/uploads\/2019\/11\/logo_Fundacion_JuanFe_Colombia.png\",\"width\":251,\"height\":75,\"caption\":\"Fundaci\u00f3n Juanfe\"},\"image\":{\"@id\":\"https:\/\/juanfe.juanfe.org\/en\/#\/schema\/logo\/image\/\"}}]}<\/script>\n<!-- \/ Yoast SEO plugin. -->","yoast_head_json":{"title":"Fundaci\u00f3n Juanfe | Make a Donation","robots":{"index":"index","follow":"follow","max-snippet":"max-snippet:-1","max-image-preview":"max-image-preview:large","max-video-preview":"max-video-preview:-1"},"canonical":"https:\/\/juanfe.juanfe.org\/en\/donacionesapp\/","og_locale":"en_US","og_type":"article","og_title":"Fundaci\u00f3n Juanfe | Make a Donation","og_description":"[vc_row][vc_column][\/vc_column][\/vc_row]","og_url":"https:\/\/juanfe.juanfe.org\/en\/donacionesapp\/","og_site_name":"Fundaci\u00f3n Juanfe","article_modified_time":"2024-09-05T22:02:14+00:00","twitter_card":"summary_large_image","twitter_misc":{"Est. reading time":"1 minute"},"schema":{"@context":"https:\/\/schema.org","@graph":[{"@type":"WebPage","@id":"https:\/\/juanfe.juanfe.org\/en\/donacionesapp\/","url":"https:\/\/juanfe.juanfe.org\/en\/donacionesapp\/","name":"Fundaci\u00f3n Juanfe | Make a Donation","isPartOf":{"@id":"https:\/\/juanfe.juanfe.org\/en\/#website"},"datePublished":"2019-10-28T02:02:44+00:00","dateModified":"2024-09-05T22:02:14+00:00","breadcrumb":{"@id":"https:\/\/juanfe.juanfe.org\/en\/donacionesapp\/#breadcrumb"},"inLanguage":"en-US","potentialAction":[{"@type":"ReadAction","target":["https:\/\/juanfe.juanfe.org\/en\/donacionesapp\/"]}]},{"@type":"BreadcrumbList","@id":"https:\/\/juanfe.juanfe.org\/en\/donacionesapp\/#breadcrumb","itemListElement":[{"@type":"ListItem","position":1,"name":"Portada","item":"https:\/\/juanfe.juanfe.org\/en\/"},{"@type":"ListItem","position":2,"name":"Make a Donation"}]},{"@type":"WebSite","@id":"https:\/\/juanfe.juanfe.org\/en\/#website","url":"https:\/\/juanfe.juanfe.org\/en\/","name":"Fundaci\u00f3n Juanfe","description":"En la Fundaci\u00f3n Juanfe, sabemos que invertir en las mujeres es la clave para erradicar la pobreza y avanzar en la equidad de g\u00e9nero.","publisher":{"@id":"https:\/\/juanfe.juanfe.org\/en\/#organization"},"potentialAction":[{"@type":"SearchAction","target":{"@type":"EntryPoint","urlTemplate":"https:\/\/juanfe.juanfe.org\/en\/?s={search_term_string}"},"query-input":"required name=search_term_string"}],"inLanguage":"en-US"},{"@type":"Organization","@id":"https:\/\/juanfe.juanfe.org\/en\/#organization","name":"Fundaci\u00f3n Juanfe","url":"https:\/\/juanfe.juanfe.org\/en\/","logo":{"@type":"ImageObject","inLanguage":"en-US","@id":"https:\/\/juanfe.juanfe.org\/en\/#\/schema\/logo\/image\/","url":"https:\/\/juanfe.juanfe.org\/wp-content\/uploads\/2019\/11\/logo_Fundacion_JuanFe_Colombia.png","contentUrl":"https:\/\/juanfe.juanfe.org\/wp-content\/uploads\/2019\/11\/logo_Fundacion_JuanFe_Colombia.png","width":251,"height":75,"caption":"Fundaci\u00f3n Juanfe"},"image":{"@id":"https:\/\/juanfe.juanfe.org\/en\/#\/schema\/logo\/image\/"}}]}},"_links":{"self":[{"href":"https:\/\/juanfe.juanfe.org\/en\/wp-json\/wp\/v2\/pages\/1069","targetHints":{"allow":["GET"]}}],"collection":[{"href":"https:\/\/juanfe.juanfe.org\/en\/wp-json\/wp\/v2\/pages"}],"about":[{"href":"https:\/\/juanfe.juanfe.org\/en\/wp-json\/wp\/v2\/types\/page"}],"author":[{"embeddable":true,"href":"https:\/\/juanfe.juanfe.org\/en\/wp-json\/wp\/v2\/users\/1"}],"replies":[{"embeddable":true,"href":"https:\/\/juanfe.juanfe.org\/en\/wp-json\/wp\/v2\/comments?post=1069"}],"version-history":[{"count":15,"href":"https:\/\/juanfe.juanfe.org\/en\/wp-json\/wp\/v2\/pages\/1069\/revisions"}],"predecessor-version":[{"id":7294,"href":"https:\/\/juanfe.juanfe.org\/en\/wp-json\/wp\/v2\/pages\/1069\/revisions\/7294"}],"wp:attachment":[{"href":"https:\/\/juanfe.juanfe.org\/en\/wp-json\/wp\/v2\/media?parent=1069"}],"wp:term":[{"taxonomy":"category","embeddable":true,"href":"https:\/\/juanfe.juanfe.org\/en\/wp-json\/wp\/v2\/categories?post=1069"},{"taxonomy":"post_tag","embeddable":true,"href":"https:\/\/juanfe.juanfe.org\/en\/wp-json\/wp\/v2\/tags?post=1069"}],"curies":[{"name":"wp","href":"https:\/\/api.w.org\/{rel}","templated":true}]}}