{"id":180,"date":"2019-10-28T15:43:56","date_gmt":"2019-10-28T15:43:56","guid":{"rendered":"https:\/\/70.39.251.12\/?page_id=760"},"modified":"2024-04-10T06:45:54","modified_gmt":"2024-04-10T13:45:54","slug":"ee-uu","status":"publish","type":"page","link":"https:\/\/juanfe.juanfe.org\/en\/ee-uu\/","title":{"rendered":"USA"},"content":{"rendered":"<div class=\"wpb-content-wrapper\"><p>[vc_row full_width=&#8221;stretch_row_content_no_spaces&#8221; css=&#8221;.vc_custom_1571711456091{background-color: #dedede !important;}&#8221;][vc_column][vc_column_text]<\/p>\n<h2 style=\"text-align: center;\"><a href=\"https:\/\/juanfe.juanfe.org\/en\/where-we-work\/#universal\"><span style=\"color: #78bf00;\"><strong>WHERE WE WORK<\/strong><\/span><\/a><\/h2>\n<p>[\/vc_column_text][\/vc_column][\/vc_row][vc_row full_width=&#8221;stretch_row_content_no_spaces&#8221; css=&#8221;.vc_custom_1572018857458{margin-top: 0px !important;margin-right: 0px !important;margin-bottom: 0px !important;margin-left: 0px !important;padding-top: 0px !important;padding-right: 0px !important;padding-bottom: 0px !important;padding-left: 0px !important;background-color: #78c600 !important;}&#8221;][vc_column css=&#8221;.vc_custom_1572018850926{margin: 0px !important;padding: 0px !important;border: 0px initial !important;}&#8221;][vc_row_inner css=&#8221;.vc_custom_1572274749652{margin: 0px !important;padding: 0px !important;}&#8221;][vc_column_inner css=&#8221;.vc_custom_1572018753636{margin: 0px !important;padding: 0px !important;}&#8221;][vc_column_text css=&#8221;.vc_custom_1603804740533{margin-top: 0px !important;margin-right: 0px !important;margin-bottom: 0px !important;margin-left: 0px !important;padding-top: 10px !important;padding-right: 0px !important;padding-bottom: 0px !important;padding-left: 0px !important;}&#8221;]<\/p>\n<ul class=\"main-menu-green-second\">\n<li><a href=\"https:\/\/juanfe.juanfe.org\/en\/cartagena\/\">CARTAGENA<\/a><\/li>\n<li><a href=\"https:\/\/juanfe.juanfe.org\/en\/medellin\/\">MEDELL\u00cdN<\/a><\/li>\n<li><a href=\"https:\/\/juanfe.juanfe.org\/en\/panama-city\/\">PANAMA CITY<\/a><\/li>\n<li><a href=\"https:\/\/juanfe.juanfe.org\/en\/santiago-of-chile\/\">SANTIAGO DE CHILE<\/a><\/li>\n<li><a class=\"active\" href=\"https:\/\/juanfe.juanfe.org\/en\/ee.uu\/\">USA<\/a><\/li>\n<li><a href=\"https:\/\/juanfe.juanfe.org\/en\/spain\/\">SPAIN<\/a><\/li>\n<\/ul>\n<p>[\/vc_column_text][\/vc_column_inner][\/vc_row_inner][\/vc_column][\/vc_row][vc_row][vc_column offset=&#8221;vc_hidden-sm vc_hidden-xs&#8221;][vc_row_inner][vc_column_inner width=&#8221;1\/2&#8243;][vc_column_text css=&#8221;.vc_custom_1604605353595{padding-top: 40px !important;padding-right: 70px !important;padding-left: 60px !important;}&#8221;]<\/p>\n<h1 style=\"text-align: center;\"><span style=\"color: #003300; font-size: 28px;\"><img decoding=\"async\" class=\"alignnone wp-image-338\" src=\"https:\/\/juanfe.juanfe.org\/wp-content\/uploads\/2019\/11\/icon-location.png\" alt=\"\" width=\"36\" height=\"46\" srcset=\"https:\/\/juanfe.juanfe.org\/wp-content\/uploads\/2019\/11\/icon-location.png 91w, https:\/\/juanfe.juanfe.org\/wp-content\/uploads\/2019\/11\/icon-location-39x50.png 39w, https:\/\/juanfe.juanfe.org\/wp-content\/uploads\/2019\/11\/icon-location-58x75.png 58w, https:\/\/juanfe.juanfe.org\/wp-content\/uploads\/2019\/11\/icon-location-16x20.png 16w\" sizes=\"(max-width:767px) 36px, 36px\" \/><br \/>\n<\/span><span style=\"color: #003300; font-size: 28px;\">USA<\/span><\/h1>\n<p>Since 2011, we are legally constituted in the United States to obtain resources for the operation of our programs for children and adolescents in situations of extreme poverty in Colombia.<\/p>\n<p><span style=\"color: #033300;\"><strong>If you are interested in supporting our projects, you can make your contribution to the account:<\/strong><\/span><\/p>\n<p style=\"text-align: center;\"><strong>WELLS FARGO BANK<\/strong><br \/>\n<strong>2396297455 &#8211; Juan Felipe Gomez Escobar Foundation Inc.<\/strong><br \/>\n<strong>ABA 121000248<\/strong><br \/>\n<strong>SWIFT WFBIUS6S<\/strong><\/p>\n<p>[\/vc_column_text][\/vc_column_inner][vc_column_inner width=&#8221;1\/2&#8243;]<div class=\"ult-spacer spacer-69f619cda719c\" data-id=\"69f619cda719c\" data-height=\"46\" data-height-mobile=\"46\" data-height-tab=\"46\" data-height-tab-portrait=\"\" data-height-mobile-landscape=\"\" style=\"clear:both;display:block;\"><\/div>[vc_single_image image=&#8221;373&#8243; img_size=&#8221;full&#8221; css=&#8221;.vc_custom_1574990467581{margin-left: -72px !important;}&#8221;][\/vc_column_inner][\/vc_row_inner][\/vc_column][\/vc_row][vc_row][vc_column offset=&#8221;vc_hidden-lg vc_hidden-md&#8221;][vc_row_inner][vc_column_inner width=&#8221;1\/2&#8243;][vc_column_text css=&#8221;.vc_custom_1575933609467{padding-top: 40px !important;padding-right: 30px !important;padding-left: 30px !important;}&#8221;]<\/p>\n<h1 style=\"text-align: center;\"><span style=\"color: #003300; font-size: 28px;\"><img decoding=\"async\" class=\"alignnone wp-image-338\" src=\"https:\/\/juanfe.juanfe.org\/wp-content\/uploads\/2019\/11\/icon-location.png\" alt=\"\" width=\"36\" height=\"46\" srcset=\"https:\/\/juanfe.juanfe.org\/wp-content\/uploads\/2019\/11\/icon-location.png 91w, https:\/\/juanfe.juanfe.org\/wp-content\/uploads\/2019\/11\/icon-location-39x50.png 39w, https:\/\/juanfe.juanfe.org\/wp-content\/uploads\/2019\/11\/icon-location-58x75.png 58w, https:\/\/juanfe.juanfe.org\/wp-content\/uploads\/2019\/11\/icon-location-16x20.png 16w\" sizes=\"(max-width:767px) 36px, 36px\" \/><br \/>\n<\/span><span style=\"color: #003300; font-size: 28px;\">U.S<\/span><\/h1>\n<p>Since 2011, we have been legally constituted in the United States to obtain resources for the operation of our programs for children and adolescents in situations of extreme poverty in Colombia.<\/p>\n<p>If you are interested in supporting our projects, you can make your contribution to the account:<\/p>\n<p>&nbsp;<\/p>\n<p style=\"text-align: center;\">WELLS FARGO BANK<br \/>\n2396297455 &#8211; Juan Felipe Gomez Escobar Foundation Inc.<br \/>\nABA 121000248<br \/>\nSWIFT WFBIUS6S<\/p>\n<h1 style=\"text-align: center;\"><span style=\"color: #003300; font-size: 28px;\">\u00a0<\/span><\/h1>\n<p>[\/vc_column_text][\/vc_column_inner][vc_column_inner width=&#8221;1\/2&#8243;][vc_single_image image=&#8221;373&#8243; img_size=&#8221;full&#8221; css=&#8221;.vc_custom_1574990475088{margin-left: -72px !important;}&#8221;][\/vc_column_inner][\/vc_row_inner][\/vc_column][\/vc_row]<\/p>\n<\/div>","protected":false},"excerpt":{"rendered":"<p>[vc_row full_width=&#8221;stretch_row_content_no_spaces&#8221; css=&#8221;.vc_custom_1571711456091{background-color: #dedede !important;}&#8221;][vc_column][vc_column_text] WHERE WE WORK [\/vc_column_text][\/vc_column][\/vc_row][vc_row full_width=&#8221;stretch_row_content_no_spaces&#8221; css=&#8221;.vc_custom_1572018857458{margin-top: 0px !important;margin-right: 0px !important;margin-bottom: 0px !important;margin-left: 0px !important;padding-top: 0px !important;padding-right: 0px !important;padding-bottom: 0px !important;padding-left: 0px !important;background-color: #78c600 !important;}&#8221;][vc_column css=&#8221;.vc_custom_1572018850926{margin:<span class=\"excerpt-hellip\"> [\u2026]<\/span><\/p>\n","protected":false},"author":1,"featured_media":0,"parent":0,"menu_order":0,"comment_status":"closed","ping_status":"closed","template":"","meta":{"footnotes":""},"categories":[],"tags":[],"class_list":["post-180","page","type-page","status-publish","hentry"],"yoast_head":"<!-- This site is optimized with the Yoast SEO plugin v23.2 - https:\/\/yoast.com\/wordpress\/plugins\/seo\/ -->\n<title>Fundaci\u00f3n Juanfe | USA<\/title>\n<meta name=\"robots\" content=\"index, follow, max-snippet:-1, max-image-preview:large, max-video-preview:-1\" \/>\n<link rel=\"canonical\" href=\"https:\/\/juanfe.juanfe.org\/en\/ee-uu\/\" \/>\n<meta property=\"og:locale\" content=\"en_US\" \/>\n<meta property=\"og:type\" content=\"article\" \/>\n<meta property=\"og:title\" content=\"Fundaci\u00f3n Juanfe | USA\" \/>\n<meta property=\"og:description\" content=\"[vc_row full_width=&#8221;stretch_row_content_no_spaces&#8221; css=&#8221;.vc_custom_1571711456091{background-color: #dedede !important;}&#8221;][vc_column][vc_column_text] WHERE WE WORK [\/vc_column_text][\/vc_column][\/vc_row][vc_row full_width=&#8221;stretch_row_content_no_spaces&#8221; css=&#8221;.vc_custom_1572018857458{margin-top: 0px !important;margin-right: 0px !important;margin-bottom: 0px !important;margin-left: 0px !important;padding-top: 0px !important;padding-right: 0px !important;padding-bottom: 0px !important;padding-left: 0px !important;background-color: #78c600 !important;}&#8221;][vc_column css=&#8221;.vc_custom_1572018850926{margin: [\u2026]\" \/>\n<meta property=\"og:url\" content=\"https:\/\/juanfe.juanfe.org\/en\/ee-uu\/\" \/>\n<meta property=\"og:site_name\" content=\"Fundaci\u00f3n Juanfe\" \/>\n<meta property=\"article:modified_time\" content=\"2024-04-10T13:45:54+00:00\" \/>\n<meta property=\"og:image\" content=\"https:\/\/juanfe.juanfe.org\/wp-content\/uploads\/2019\/11\/icon-location.png\" \/>\n<meta name=\"twitter:card\" content=\"summary_large_image\" \/>\n<meta name=\"twitter:label1\" content=\"Est. reading time\" \/>\n\t<meta name=\"twitter:data1\" content=\"2 minutes\" \/>\n<script type=\"application\/ld+json\" class=\"yoast-schema-graph\">{\"@context\":\"https:\/\/schema.org\",\"@graph\":[{\"@type\":\"WebPage\",\"@id\":\"https:\/\/juanfe.juanfe.org\/en\/ee-uu\/\",\"url\":\"https:\/\/juanfe.juanfe.org\/en\/ee-uu\/\",\"name\":\"Fundaci\u00f3n Juanfe | USA\",\"isPartOf\":{\"@id\":\"https:\/\/juanfe.juanfe.org\/en\/#website\"},\"primaryImageOfPage\":{\"@id\":\"https:\/\/juanfe.juanfe.org\/en\/ee-uu\/#primaryimage\"},\"image\":{\"@id\":\"https:\/\/juanfe.juanfe.org\/en\/ee-uu\/#primaryimage\"},\"thumbnailUrl\":\"https:\/\/juanfe.juanfe.org\/wp-content\/uploads\/2019\/11\/icon-location.png\",\"datePublished\":\"2019-10-28T15:43:56+00:00\",\"dateModified\":\"2024-04-10T13:45:54+00:00\",\"breadcrumb\":{\"@id\":\"https:\/\/juanfe.juanfe.org\/en\/ee-uu\/#breadcrumb\"},\"inLanguage\":\"en-US\",\"potentialAction\":[{\"@type\":\"ReadAction\",\"target\":[\"https:\/\/juanfe.juanfe.org\/en\/ee-uu\/\"]}]},{\"@type\":\"ImageObject\",\"inLanguage\":\"en-US\",\"@id\":\"https:\/\/juanfe.juanfe.org\/en\/ee-uu\/#primaryimage\",\"url\":\"https:\/\/juanfe.juanfe.org\/wp-content\/uploads\/2019\/11\/icon-location.png\",\"contentUrl\":\"https:\/\/juanfe.juanfe.org\/wp-content\/uploads\/2019\/11\/icon-location.png\"},{\"@type\":\"BreadcrumbList\",\"@id\":\"https:\/\/juanfe.juanfe.org\/en\/ee-uu\/#breadcrumb\",\"itemListElement\":[{\"@type\":\"ListItem\",\"position\":1,\"name\":\"Portada\",\"item\":\"https:\/\/juanfe.juanfe.org\/en\/\"},{\"@type\":\"ListItem\",\"position\":2,\"name\":\"USA\"}]},{\"@type\":\"WebSite\",\"@id\":\"https:\/\/juanfe.juanfe.org\/en\/#website\",\"url\":\"https:\/\/juanfe.juanfe.org\/en\/\",\"name\":\"Fundaci\u00f3n Juanfe\",\"description\":\"En la Fundaci\u00f3n Juanfe, sabemos que invertir en las mujeres es la clave para erradicar la pobreza y avanzar en la equidad de g\u00e9nero.\",\"publisher\":{\"@id\":\"https:\/\/juanfe.juanfe.org\/en\/#organization\"},\"potentialAction\":[{\"@type\":\"SearchAction\",\"target\":{\"@type\":\"EntryPoint\",\"urlTemplate\":\"https:\/\/juanfe.juanfe.org\/en\/?s={search_term_string}\"},\"query-input\":\"required name=search_term_string\"}],\"inLanguage\":\"en-US\"},{\"@type\":\"Organization\",\"@id\":\"https:\/\/juanfe.juanfe.org\/en\/#organization\",\"name\":\"Fundaci\u00f3n Juanfe\",\"url\":\"https:\/\/juanfe.juanfe.org\/en\/\",\"logo\":{\"@type\":\"ImageObject\",\"inLanguage\":\"en-US\",\"@id\":\"https:\/\/juanfe.juanfe.org\/en\/#\/schema\/logo\/image\/\",\"url\":\"https:\/\/juanfe.juanfe.org\/wp-content\/uploads\/2019\/11\/logo_Fundacion_JuanFe_Colombia.png\",\"contentUrl\":\"https:\/\/juanfe.juanfe.org\/wp-content\/uploads\/2019\/11\/logo_Fundacion_JuanFe_Colombia.png\",\"width\":251,\"height\":75,\"caption\":\"Fundaci\u00f3n Juanfe\"},\"image\":{\"@id\":\"https:\/\/juanfe.juanfe.org\/en\/#\/schema\/logo\/image\/\"}}]}<\/script>\n<!-- \/ Yoast SEO plugin. -->","yoast_head_json":{"title":"Fundaci\u00f3n Juanfe | USA","robots":{"index":"index","follow":"follow","max-snippet":"max-snippet:-1","max-image-preview":"max-image-preview:large","max-video-preview":"max-video-preview:-1"},"canonical":"https:\/\/juanfe.juanfe.org\/en\/ee-uu\/","og_locale":"en_US","og_type":"article","og_title":"Fundaci\u00f3n Juanfe | USA","og_description":"[vc_row full_width=&#8221;stretch_row_content_no_spaces&#8221; css=&#8221;.vc_custom_1571711456091{background-color: #dedede !important;}&#8221;][vc_column][vc_column_text] WHERE WE WORK [\/vc_column_text][\/vc_column][\/vc_row][vc_row full_width=&#8221;stretch_row_content_no_spaces&#8221; css=&#8221;.vc_custom_1572018857458{margin-top: 0px !important;margin-right: 0px !important;margin-bottom: 0px !important;margin-left: 0px !important;padding-top: 0px !important;padding-right: 0px !important;padding-bottom: 0px !important;padding-left: 0px !important;background-color: #78c600 !important;}&#8221;][vc_column css=&#8221;.vc_custom_1572018850926{margin: [\u2026]","og_url":"https:\/\/juanfe.juanfe.org\/en\/ee-uu\/","og_site_name":"Fundaci\u00f3n Juanfe","article_modified_time":"2024-04-10T13:45:54+00:00","og_image":[{"url":"https:\/\/juanfe.juanfe.org\/wp-content\/uploads\/2019\/11\/icon-location.png"}],"twitter_card":"summary_large_image","twitter_misc":{"Est. reading time":"2 minutes"},"schema":{"@context":"https:\/\/schema.org","@graph":[{"@type":"WebPage","@id":"https:\/\/juanfe.juanfe.org\/en\/ee-uu\/","url":"https:\/\/juanfe.juanfe.org\/en\/ee-uu\/","name":"Fundaci\u00f3n Juanfe | USA","isPartOf":{"@id":"https:\/\/juanfe.juanfe.org\/en\/#website"},"primaryImageOfPage":{"@id":"https:\/\/juanfe.juanfe.org\/en\/ee-uu\/#primaryimage"},"image":{"@id":"https:\/\/juanfe.juanfe.org\/en\/ee-uu\/#primaryimage"},"thumbnailUrl":"https:\/\/juanfe.juanfe.org\/wp-content\/uploads\/2019\/11\/icon-location.png","datePublished":"2019-10-28T15:43:56+00:00","dateModified":"2024-04-10T13:45:54+00:00","breadcrumb":{"@id":"https:\/\/juanfe.juanfe.org\/en\/ee-uu\/#breadcrumb"},"inLanguage":"en-US","potentialAction":[{"@type":"ReadAction","target":["https:\/\/juanfe.juanfe.org\/en\/ee-uu\/"]}]},{"@type":"ImageObject","inLanguage":"en-US","@id":"https:\/\/juanfe.juanfe.org\/en\/ee-uu\/#primaryimage","url":"https:\/\/juanfe.juanfe.org\/wp-content\/uploads\/2019\/11\/icon-location.png","contentUrl":"https:\/\/juanfe.juanfe.org\/wp-content\/uploads\/2019\/11\/icon-location.png"},{"@type":"BreadcrumbList","@id":"https:\/\/juanfe.juanfe.org\/en\/ee-uu\/#breadcrumb","itemListElement":[{"@type":"ListItem","position":1,"name":"Portada","item":"https:\/\/juanfe.juanfe.org\/en\/"},{"@type":"ListItem","position":2,"name":"USA"}]},{"@type":"WebSite","@id":"https:\/\/juanfe.juanfe.org\/en\/#website","url":"https:\/\/juanfe.juanfe.org\/en\/","name":"Fundaci\u00f3n Juanfe","description":"En la Fundaci\u00f3n Juanfe, sabemos que invertir en las mujeres es la clave para erradicar la pobreza y avanzar en la equidad de g\u00e9nero.","publisher":{"@id":"https:\/\/juanfe.juanfe.org\/en\/#organization"},"potentialAction":[{"@type":"SearchAction","target":{"@type":"EntryPoint","urlTemplate":"https:\/\/juanfe.juanfe.org\/en\/?s={search_term_string}"},"query-input":"required name=search_term_string"}],"inLanguage":"en-US"},{"@type":"Organization","@id":"https:\/\/juanfe.juanfe.org\/en\/#organization","name":"Fundaci\u00f3n Juanfe","url":"https:\/\/juanfe.juanfe.org\/en\/","logo":{"@type":"ImageObject","inLanguage":"en-US","@id":"https:\/\/juanfe.juanfe.org\/en\/#\/schema\/logo\/image\/","url":"https:\/\/juanfe.juanfe.org\/wp-content\/uploads\/2019\/11\/logo_Fundacion_JuanFe_Colombia.png","contentUrl":"https:\/\/juanfe.juanfe.org\/wp-content\/uploads\/2019\/11\/logo_Fundacion_JuanFe_Colombia.png","width":251,"height":75,"caption":"Fundaci\u00f3n Juanfe"},"image":{"@id":"https:\/\/juanfe.juanfe.org\/en\/#\/schema\/logo\/image\/"}}]}},"_links":{"self":[{"href":"https:\/\/juanfe.juanfe.org\/en\/wp-json\/wp\/v2\/pages\/180","targetHints":{"allow":["GET"]}}],"collection":[{"href":"https:\/\/juanfe.juanfe.org\/en\/wp-json\/wp\/v2\/pages"}],"about":[{"href":"https:\/\/juanfe.juanfe.org\/en\/wp-json\/wp\/v2\/types\/page"}],"author":[{"embeddable":true,"href":"https:\/\/juanfe.juanfe.org\/en\/wp-json\/wp\/v2\/users\/1"}],"replies":[{"embeddable":true,"href":"https:\/\/juanfe.juanfe.org\/en\/wp-json\/wp\/v2\/comments?post=180"}],"version-history":[{"count":13,"href":"https:\/\/juanfe.juanfe.org\/en\/wp-json\/wp\/v2\/pages\/180\/revisions"}],"predecessor-version":[{"id":3506,"href":"https:\/\/juanfe.juanfe.org\/en\/wp-json\/wp\/v2\/pages\/180\/revisions\/3506"}],"wp:attachment":[{"href":"https:\/\/juanfe.juanfe.org\/en\/wp-json\/wp\/v2\/media?parent=180"}],"wp:term":[{"taxonomy":"category","embeddable":true,"href":"https:\/\/juanfe.juanfe.org\/en\/wp-json\/wp\/v2\/categories?post=180"},{"taxonomy":"post_tag","embeddable":true,"href":"https:\/\/juanfe.juanfe.org\/en\/wp-json\/wp\/v2\/tags?post=180"}],"curies":[{"name":"wp","href":"https:\/\/api.w.org\/{rel}","templated":true}]}}