{"id":201,"date":"2019-10-28T15:21:26","date_gmt":"2019-10-28T15:21:26","guid":{"rendered":"https:\/\/70.39.251.12\/?page_id=738"},"modified":"2024-04-25T09:32:42","modified_gmt":"2024-04-25T16:32:42","slug":"medellin","status":"publish","type":"page","link":"https:\/\/juanfe.juanfe.org\/en\/medellin\/","title":{"rendered":"Medell\u00edn"},"content":{"rendered":"<div class=\"wpb-content-wrapper\"><p>[vc_row full_width=&#8221;stretch_row_content_no_spaces&#8221; css=&#8221;.vc_custom_1571711456091{background-color: #dedede !important;}&#8221;][vc_column][vc_column_text]<\/p>\n<h2 style=\"text-align: center;\"><a href=\"https:\/\/juanfe.juanfe.org\/en\/where-we-work\/#universal\"><span style=\"color: #78bf00;\"><strong>WHERE WE WORK<\/strong><\/span><\/a><\/h2>\n<p>[\/vc_column_text][\/vc_column][\/vc_row][vc_row full_width=&#8221;stretch_row_content_no_spaces&#8221; css=&#8221;.vc_custom_1572018857458{margin-top: 0px !important;margin-right: 0px !important;margin-bottom: 0px !important;margin-left: 0px !important;padding-top: 0px !important;padding-right: 0px !important;padding-bottom: 0px !important;padding-left: 0px !important;background-color: #78c600 !important;}&#8221;][vc_column css=&#8221;.vc_custom_1572018850926{margin: 0px !important;padding: 0px !important;border: 0px initial !important;}&#8221;][vc_row_inner css=&#8221;.vc_custom_1572274749652{margin: 0px !important;padding: 0px !important;}&#8221;][vc_column_inner css=&#8221;.vc_custom_1572018753636{margin: 0px !important;padding: 0px !important;}&#8221;][vc_column_text css=&#8221;.vc_custom_1603804928580{margin-top: 0px !important;margin-right: 0px !important;margin-bottom: 0px !important;margin-left: 0px !important;padding-top: 10px !important;padding-right: 0px !important;padding-bottom: 0px !important;padding-left: 0px !important;}&#8221;]<\/p>\n<ul class=\"main-menu-green-second\">\n<li><a href=\"https:\/\/juanfe.juanfe.org\/en\/cartagena\/\">CARTAGENA<\/a><\/li>\n<li><a class=\"active\" href=\"https:\/\/juanfe.juanfe.org\/en\/medellin\/\">MEDELL\u00cdN<\/a><\/li>\n<li><a href=\"https:\/\/juanfe.juanfe.org\/en\/panama-city\/\">PANAMA CITY<\/a><\/li>\n<li><a href=\"https:\/\/juanfe.juanfe.org\/en\/santiago-of-chile\/\">SANTIAGO DE CHILE<\/a><\/li>\n<li><a href=\"https:\/\/juanfe.juanfe.org\/en\/ee.uu\/\">USA<\/a><\/li>\n<li><a href=\"https:\/\/juanfe.juanfe.org\/en\/spain\/\">SPAIN<\/a><\/li>\n<\/ul>\n<p>[\/vc_column_text][\/vc_column_inner][\/vc_row_inner][\/vc_column][\/vc_row][vc_row][vc_column offset=&#8221;vc_hidden-sm vc_hidden-xs&#8221;][vc_row_inner][vc_column_inner width=&#8221;1\/2&#8243;][vc_column_text css=&#8221;.vc_custom_1714062458675{padding-top: 40px !important;padding-right: 70px !important;padding-left: 60px !important;}&#8221;]<\/p>\n<h1 style=\"text-align: center;\"><span style=\"color: #003300; font-size: 28px;\"><img decoding=\"async\" class=\"alignnone wp-image-338\" src=\"https:\/\/juanfe.juanfe.org\/wp-content\/uploads\/2019\/11\/icon-location.png\" alt=\"\" width=\"36\" height=\"46\" srcset=\"https:\/\/juanfe.juanfe.org\/wp-content\/uploads\/2019\/11\/icon-location.png 91w, https:\/\/juanfe.juanfe.org\/wp-content\/uploads\/2019\/11\/icon-location-39x50.png 39w, https:\/\/juanfe.juanfe.org\/wp-content\/uploads\/2019\/11\/icon-location-58x75.png 58w, https:\/\/juanfe.juanfe.org\/wp-content\/uploads\/2019\/11\/icon-location-16x20.png 16w\" sizes=\"(max-width:767px) 36px, 36px\" \/><br \/>\n<\/span><span style=\"color: #003300; font-size: 28px;\">Medell\u00edn<\/span><\/h1>\n<p>At the moment, we serve <em><strong>534<\/strong> <\/em>teenage mothers and their children at our Medell\u00edn headquarters, thanks to the alliances developed with Cesde and Comfama. Of these: <em><strong>222<\/strong><\/em> in the process of labor inclusion.<\/p>\n<p>We have <em><strong>27<\/strong> <\/em>young people receiving monetary support through SENA quota with the following companies:<\/p>\n<ul>\n<li>Grupo Reditos<\/li>\n<li>BTG Pactual<\/li>\n<li>Siemens<\/li>\n<\/ul>\n<p><strong>Our results:<\/strong><\/p>\n<ul>\n<li>In Colombia, in 2023, there were <em><strong>81,735<\/strong> <\/em>births to teenage mothers, representing 16% of births in the country. (3,818 births to mothers between 10 and 14 years old and 77,917 to mothers between 15 and 19 years old).<\/li>\n<li><em><strong> 9,002 <\/strong><\/em>births to adolescent mothers occurred in Antioquia, that is, 15% of births in the department (452 births to mothers between 10 and 14 years old and 8,850 to mothers between 15 and 19 years old).<\/li>\n<li><em><strong>2,040<\/strong><\/em> births to teenage mothers occurred in Medellin, that is, 17% of births in the city (70 births to mothers between 10 and 14 years old and 1,970 to mothers between 15 and 19 years old).<\/li>\n<li>If we analyze the 2022 teenage pregnancy in Colombia with the 2023 data, a significant decrease of <em><strong>63,268<\/strong><\/em> cases of teenage pregnancies is evidenced.<\/li>\n<li>This decrease is distributed in 408 fewer cases in the group of mothers between 10 and 14 years old, and a decrease of 16,060 cases in the age range of 15 to 19 years old. However, this downward trend in teenage pregnancies is also reflected in a marked reduction in the birth rate of 12%.<\/li>\n<\/ul>\n<p>&nbsp;<\/p>\n<p><span style=\"color: #58595b; font-size: 12px;\"><em>Sources: <i><span lang=\"EN-US\">National Administrative Department of Statistics (DANE).<\/span><\/i><\/em><\/span>[\/vc_column_text][\/vc_column_inner][vc_column_inner width=&#8221;1\/2&#8243;]<div class=\"ult-spacer spacer-69f618d0a8878\" data-id=\"69f618d0a8878\" data-height=\"170\" data-height-mobile=\"170\" data-height-tab=\"170\" data-height-tab-portrait=\"\" data-height-mobile-landscape=\"\" style=\"clear:both;display:block;\"><\/div>[vc_single_image image=&#8221;379&#8243; img_size=&#8221;full&#8221; css=&#8221;.vc_custom_1574993793111{margin-left: -76px !important;}&#8221;][\/vc_column_inner][\/vc_row_inner][\/vc_column][\/vc_row][vc_row][vc_column offset=&#8221;vc_hidden-lg vc_hidden-md&#8221;][vc_row_inner][vc_column_inner width=&#8221;1\/2&#8243;][vc_column_text css=&#8221;.vc_custom_1602787499083{padding-top: 40px !important;padding-right: 30px !important;padding-left: 30px !important;}&#8221;]<\/p>\n<h1 style=\"text-align: center;\"><span style=\"color: #003300; font-size: 28px;\"><img decoding=\"async\" class=\"alignnone wp-image-338\" src=\"https:\/\/juanfe.juanfe.org\/wp-content\/uploads\/2019\/11\/icon-location.png\" alt=\"\" width=\"36\" height=\"46\" srcset=\"https:\/\/juanfe.juanfe.org\/wp-content\/uploads\/2019\/11\/icon-location.png 91w, https:\/\/juanfe.juanfe.org\/wp-content\/uploads\/2019\/11\/icon-location-39x50.png 39w, https:\/\/juanfe.juanfe.org\/wp-content\/uploads\/2019\/11\/icon-location-58x75.png 58w, https:\/\/juanfe.juanfe.org\/wp-content\/uploads\/2019\/11\/icon-location-16x20.png 16w\" sizes=\"(max-width:767px) 36px, 36px\" \/><br \/>\n<\/span><span style=\"color: #003300; font-size: 28px;\">Medell\u00edn<\/span><\/h1>\n<p>At this time, we serve 130 teenage mothers and their children at our headquarters in Medell\u00edn, thanks to alliances developed with the Mayor&#8217;s Office of Medell\u00edn and Comfama.<\/p>\n<ul>\n<li>There were 56.4 births per 1,000 women between 15 and 19 years.<\/li>\n<li>In 2018, 4,375 teenage pregnancies were reported, equivalent to 16% of the city&#8217;s total pregnancies.<\/li>\n<li>276 girls between the ages of 10 and 14 became pregnant in Medell\u00edn, which is considered child sexual abuse.<\/li>\n<li>The communes with the highest incidence of teenage pregnancy are Popular, Manrique, Villa Hermosa and Javier.<\/li>\n<li>In 2017, informality was 42.4%.<\/li>\n<li>In 2017, 4,841 cases of domestic violence were reported.<\/li>\n<li>There were 15,139 complaints of non-fatal injuries; and of these, 3,135 corresponded to maltreatment.<\/li>\n<li>In 2018, 41 women were killed in Medell\u00edn. Of this number, 14 cases were due to gender violence.<\/li>\n<li>87% of the total victims of sexual abuse in Medell\u00edn, in 2018, were girls and adolescent women. Reports of child sexual abuse have increased by 8% in the last two years. In 2018, 2,154 were made.<\/li>\n<\/ul>\n<p><span style=\"color: #58595b; font-size: 12px;\"><em>Sources: <i><span lang=\"EN-US\">Medell\u00edn C\u00f3mo Vamos, Informe Calidad de Vida 2017; National Administrative Department of Statistics (DANE); Attorney General&#8217;s Office.<\/span><\/i><\/em><\/span>[\/vc_column_text][\/vc_column_inner][vc_column_inner width=&#8221;1\/2&#8243;][vc_single_image image=&#8221;379&#8243; img_size=&#8221;full&#8221; css=&#8221;.vc_custom_1574993800199{margin-left: -26px !important;}&#8221;][\/vc_column_inner][\/vc_row_inner][\/vc_column][\/vc_row]<\/p>\n<\/div>","protected":false},"excerpt":{"rendered":"<p>[vc_row full_width=&#8221;stretch_row_content_no_spaces&#8221; css=&#8221;.vc_custom_1571711456091{background-color: #dedede !important;}&#8221;][vc_column][vc_column_text] WHERE WE WORK [\/vc_column_text][\/vc_column][\/vc_row][vc_row full_width=&#8221;stretch_row_content_no_spaces&#8221; css=&#8221;.vc_custom_1572018857458{margin-top: 0px !important;margin-right: 0px !important;margin-bottom: 0px !important;margin-left: 0px !important;padding-top: 0px !important;padding-right: 0px !important;padding-bottom: 0px !important;padding-left: 0px !important;background-color: #78c600 !important;}&#8221;][vc_column css=&#8221;.vc_custom_1572018850926{margin:<span class=\"excerpt-hellip\"> [\u2026]<\/span><\/p>\n","protected":false},"author":1,"featured_media":0,"parent":0,"menu_order":0,"comment_status":"closed","ping_status":"closed","template":"","meta":{"footnotes":""},"categories":[],"tags":[],"class_list":["post-201","page","type-page","status-publish","hentry"],"yoast_head":"<!-- This site is optimized with the Yoast SEO plugin v23.2 - https:\/\/yoast.com\/wordpress\/plugins\/seo\/ -->\n<title>Fundaci\u00f3n Juanfe | Medell\u00edn<\/title>\n<meta name=\"robots\" content=\"index, follow, max-snippet:-1, max-image-preview:large, max-video-preview:-1\" \/>\n<link rel=\"canonical\" href=\"https:\/\/juanfe.juanfe.org\/en\/medellin\/\" \/>\n<meta property=\"og:locale\" content=\"en_US\" \/>\n<meta property=\"og:type\" content=\"article\" \/>\n<meta property=\"og:title\" content=\"Fundaci\u00f3n Juanfe | Medell\u00edn\" \/>\n<meta property=\"og:description\" content=\"[vc_row full_width=&#8221;stretch_row_content_no_spaces&#8221; css=&#8221;.vc_custom_1571711456091{background-color: #dedede !important;}&#8221;][vc_column][vc_column_text] WHERE WE WORK [\/vc_column_text][\/vc_column][\/vc_row][vc_row full_width=&#8221;stretch_row_content_no_spaces&#8221; css=&#8221;.vc_custom_1572018857458{margin-top: 0px !important;margin-right: 0px !important;margin-bottom: 0px !important;margin-left: 0px !important;padding-top: 0px !important;padding-right: 0px !important;padding-bottom: 0px !important;padding-left: 0px !important;background-color: #78c600 !important;}&#8221;][vc_column css=&#8221;.vc_custom_1572018850926{margin: [\u2026]\" \/>\n<meta property=\"og:url\" content=\"https:\/\/juanfe.juanfe.org\/en\/medellin\/\" \/>\n<meta property=\"og:site_name\" content=\"Fundaci\u00f3n Juanfe\" \/>\n<meta property=\"article:modified_time\" content=\"2024-04-25T16:32:42+00:00\" \/>\n<meta property=\"og:image\" content=\"https:\/\/juanfe.juanfe.org\/wp-content\/uploads\/2019\/11\/icon-location.png\" \/>\n<meta name=\"twitter:card\" content=\"summary_large_image\" \/>\n<meta name=\"twitter:label1\" content=\"Est. reading time\" \/>\n\t<meta name=\"twitter:data1\" content=\"3 minutes\" \/>\n<script type=\"application\/ld+json\" class=\"yoast-schema-graph\">{\"@context\":\"https:\/\/schema.org\",\"@graph\":[{\"@type\":\"WebPage\",\"@id\":\"https:\/\/juanfe.juanfe.org\/en\/medellin\/\",\"url\":\"https:\/\/juanfe.juanfe.org\/en\/medellin\/\",\"name\":\"Fundaci\u00f3n Juanfe | Medell\u00edn\",\"isPartOf\":{\"@id\":\"https:\/\/juanfe.juanfe.org\/en\/#website\"},\"primaryImageOfPage\":{\"@id\":\"https:\/\/juanfe.juanfe.org\/en\/medellin\/#primaryimage\"},\"image\":{\"@id\":\"https:\/\/juanfe.juanfe.org\/en\/medellin\/#primaryimage\"},\"thumbnailUrl\":\"https:\/\/juanfe.juanfe.org\/wp-content\/uploads\/2019\/11\/icon-location.png\",\"datePublished\":\"2019-10-28T15:21:26+00:00\",\"dateModified\":\"2024-04-25T16:32:42+00:00\",\"breadcrumb\":{\"@id\":\"https:\/\/juanfe.juanfe.org\/en\/medellin\/#breadcrumb\"},\"inLanguage\":\"en-US\",\"potentialAction\":[{\"@type\":\"ReadAction\",\"target\":[\"https:\/\/juanfe.juanfe.org\/en\/medellin\/\"]}]},{\"@type\":\"ImageObject\",\"inLanguage\":\"en-US\",\"@id\":\"https:\/\/juanfe.juanfe.org\/en\/medellin\/#primaryimage\",\"url\":\"https:\/\/juanfe.juanfe.org\/wp-content\/uploads\/2019\/11\/icon-location.png\",\"contentUrl\":\"https:\/\/juanfe.juanfe.org\/wp-content\/uploads\/2019\/11\/icon-location.png\"},{\"@type\":\"BreadcrumbList\",\"@id\":\"https:\/\/juanfe.juanfe.org\/en\/medellin\/#breadcrumb\",\"itemListElement\":[{\"@type\":\"ListItem\",\"position\":1,\"name\":\"Portada\",\"item\":\"https:\/\/juanfe.juanfe.org\/en\/\"},{\"@type\":\"ListItem\",\"position\":2,\"name\":\"Medell\u00edn\"}]},{\"@type\":\"WebSite\",\"@id\":\"https:\/\/juanfe.juanfe.org\/en\/#website\",\"url\":\"https:\/\/juanfe.juanfe.org\/en\/\",\"name\":\"Fundaci\u00f3n Juanfe\",\"description\":\"En la Fundaci\u00f3n Juanfe, sabemos que invertir en las mujeres es la clave para erradicar la pobreza y avanzar en la equidad de g\u00e9nero.\",\"publisher\":{\"@id\":\"https:\/\/juanfe.juanfe.org\/en\/#organization\"},\"potentialAction\":[{\"@type\":\"SearchAction\",\"target\":{\"@type\":\"EntryPoint\",\"urlTemplate\":\"https:\/\/juanfe.juanfe.org\/en\/?s={search_term_string}\"},\"query-input\":\"required name=search_term_string\"}],\"inLanguage\":\"en-US\"},{\"@type\":\"Organization\",\"@id\":\"https:\/\/juanfe.juanfe.org\/en\/#organization\",\"name\":\"Fundaci\u00f3n Juanfe\",\"url\":\"https:\/\/juanfe.juanfe.org\/en\/\",\"logo\":{\"@type\":\"ImageObject\",\"inLanguage\":\"en-US\",\"@id\":\"https:\/\/juanfe.juanfe.org\/en\/#\/schema\/logo\/image\/\",\"url\":\"https:\/\/juanfe.juanfe.org\/wp-content\/uploads\/2019\/11\/logo_Fundacion_JuanFe_Colombia.png\",\"contentUrl\":\"https:\/\/juanfe.juanfe.org\/wp-content\/uploads\/2019\/11\/logo_Fundacion_JuanFe_Colombia.png\",\"width\":251,\"height\":75,\"caption\":\"Fundaci\u00f3n Juanfe\"},\"image\":{\"@id\":\"https:\/\/juanfe.juanfe.org\/en\/#\/schema\/logo\/image\/\"}}]}<\/script>\n<!-- \/ Yoast SEO plugin. -->","yoast_head_json":{"title":"Fundaci\u00f3n Juanfe | Medell\u00edn","robots":{"index":"index","follow":"follow","max-snippet":"max-snippet:-1","max-image-preview":"max-image-preview:large","max-video-preview":"max-video-preview:-1"},"canonical":"https:\/\/juanfe.juanfe.org\/en\/medellin\/","og_locale":"en_US","og_type":"article","og_title":"Fundaci\u00f3n Juanfe | Medell\u00edn","og_description":"[vc_row full_width=&#8221;stretch_row_content_no_spaces&#8221; css=&#8221;.vc_custom_1571711456091{background-color: #dedede !important;}&#8221;][vc_column][vc_column_text] WHERE WE WORK [\/vc_column_text][\/vc_column][\/vc_row][vc_row full_width=&#8221;stretch_row_content_no_spaces&#8221; css=&#8221;.vc_custom_1572018857458{margin-top: 0px !important;margin-right: 0px !important;margin-bottom: 0px !important;margin-left: 0px !important;padding-top: 0px !important;padding-right: 0px !important;padding-bottom: 0px !important;padding-left: 0px !important;background-color: #78c600 !important;}&#8221;][vc_column css=&#8221;.vc_custom_1572018850926{margin: [\u2026]","og_url":"https:\/\/juanfe.juanfe.org\/en\/medellin\/","og_site_name":"Fundaci\u00f3n Juanfe","article_modified_time":"2024-04-25T16:32:42+00:00","og_image":[{"url":"https:\/\/juanfe.juanfe.org\/wp-content\/uploads\/2019\/11\/icon-location.png"}],"twitter_card":"summary_large_image","twitter_misc":{"Est. reading time":"3 minutes"},"schema":{"@context":"https:\/\/schema.org","@graph":[{"@type":"WebPage","@id":"https:\/\/juanfe.juanfe.org\/en\/medellin\/","url":"https:\/\/juanfe.juanfe.org\/en\/medellin\/","name":"Fundaci\u00f3n Juanfe | Medell\u00edn","isPartOf":{"@id":"https:\/\/juanfe.juanfe.org\/en\/#website"},"primaryImageOfPage":{"@id":"https:\/\/juanfe.juanfe.org\/en\/medellin\/#primaryimage"},"image":{"@id":"https:\/\/juanfe.juanfe.org\/en\/medellin\/#primaryimage"},"thumbnailUrl":"https:\/\/juanfe.juanfe.org\/wp-content\/uploads\/2019\/11\/icon-location.png","datePublished":"2019-10-28T15:21:26+00:00","dateModified":"2024-04-25T16:32:42+00:00","breadcrumb":{"@id":"https:\/\/juanfe.juanfe.org\/en\/medellin\/#breadcrumb"},"inLanguage":"en-US","potentialAction":[{"@type":"ReadAction","target":["https:\/\/juanfe.juanfe.org\/en\/medellin\/"]}]},{"@type":"ImageObject","inLanguage":"en-US","@id":"https:\/\/juanfe.juanfe.org\/en\/medellin\/#primaryimage","url":"https:\/\/juanfe.juanfe.org\/wp-content\/uploads\/2019\/11\/icon-location.png","contentUrl":"https:\/\/juanfe.juanfe.org\/wp-content\/uploads\/2019\/11\/icon-location.png"},{"@type":"BreadcrumbList","@id":"https:\/\/juanfe.juanfe.org\/en\/medellin\/#breadcrumb","itemListElement":[{"@type":"ListItem","position":1,"name":"Portada","item":"https:\/\/juanfe.juanfe.org\/en\/"},{"@type":"ListItem","position":2,"name":"Medell\u00edn"}]},{"@type":"WebSite","@id":"https:\/\/juanfe.juanfe.org\/en\/#website","url":"https:\/\/juanfe.juanfe.org\/en\/","name":"Fundaci\u00f3n Juanfe","description":"En la Fundaci\u00f3n Juanfe, sabemos que invertir en las mujeres es la clave para erradicar la pobreza y avanzar en la equidad de g\u00e9nero.","publisher":{"@id":"https:\/\/juanfe.juanfe.org\/en\/#organization"},"potentialAction":[{"@type":"SearchAction","target":{"@type":"EntryPoint","urlTemplate":"https:\/\/juanfe.juanfe.org\/en\/?s={search_term_string}"},"query-input":"required name=search_term_string"}],"inLanguage":"en-US"},{"@type":"Organization","@id":"https:\/\/juanfe.juanfe.org\/en\/#organization","name":"Fundaci\u00f3n Juanfe","url":"https:\/\/juanfe.juanfe.org\/en\/","logo":{"@type":"ImageObject","inLanguage":"en-US","@id":"https:\/\/juanfe.juanfe.org\/en\/#\/schema\/logo\/image\/","url":"https:\/\/juanfe.juanfe.org\/wp-content\/uploads\/2019\/11\/logo_Fundacion_JuanFe_Colombia.png","contentUrl":"https:\/\/juanfe.juanfe.org\/wp-content\/uploads\/2019\/11\/logo_Fundacion_JuanFe_Colombia.png","width":251,"height":75,"caption":"Fundaci\u00f3n Juanfe"},"image":{"@id":"https:\/\/juanfe.juanfe.org\/en\/#\/schema\/logo\/image\/"}}]}},"_links":{"self":[{"href":"https:\/\/juanfe.juanfe.org\/en\/wp-json\/wp\/v2\/pages\/201","targetHints":{"allow":["GET"]}}],"collection":[{"href":"https:\/\/juanfe.juanfe.org\/en\/wp-json\/wp\/v2\/pages"}],"about":[{"href":"https:\/\/juanfe.juanfe.org\/en\/wp-json\/wp\/v2\/types\/page"}],"author":[{"embeddable":true,"href":"https:\/\/juanfe.juanfe.org\/en\/wp-json\/wp\/v2\/users\/1"}],"replies":[{"embeddable":true,"href":"https:\/\/juanfe.juanfe.org\/en\/wp-json\/wp\/v2\/comments?post=201"}],"version-history":[{"count":18,"href":"https:\/\/juanfe.juanfe.org\/en\/wp-json\/wp\/v2\/pages\/201\/revisions"}],"predecessor-version":[{"id":6273,"href":"https:\/\/juanfe.juanfe.org\/en\/wp-json\/wp\/v2\/pages\/201\/revisions\/6273"}],"wp:attachment":[{"href":"https:\/\/juanfe.juanfe.org\/en\/wp-json\/wp\/v2\/media?parent=201"}],"wp:term":[{"taxonomy":"category","embeddable":true,"href":"https:\/\/juanfe.juanfe.org\/en\/wp-json\/wp\/v2\/categories?post=201"},{"taxonomy":"post_tag","embeddable":true,"href":"https:\/\/juanfe.juanfe.org\/en\/wp-json\/wp\/v2\/tags?post=201"}],"curies":[{"name":"wp","href":"https:\/\/api.w.org\/{rel}","templated":true}]}}