{"id":2029,"date":"2020-03-25T21:15:46","date_gmt":"2020-03-25T21:15:46","guid":{"rendered":"https:\/\/juanfe.juanfe.org\/?page_id=2029"},"modified":"2020-04-07T18:16:58","modified_gmt":"2020-04-07T18:16:58","slug":"aliados","status":"publish","type":"page","link":"https:\/\/juanfe.juanfe.org\/en\/aliados\/","title":{"rendered":"Aliados"},"content":{"rendered":"<div class=\"wpb-content-wrapper\"><p>[vc_row full_width=&#8221;stretch_row_content_no_spaces&#8221;][vc_column offset=&#8221;vc_hidden-sm vc_hidden-xs&#8221;]<section class=\"elegant-tabs-container\">\n\t\t\t<div class=\"et-tabs et-horizontal et-mobile-enabled et-tabs-style-iconbox tab-class-236245911 et-align-center\"\n\t\t\tdata-tab_style=\"iconbox\"\n\t\t\tdata-active-bg=\"#00a7c1\"\n\t\t\tdata-active-text=\"#ffffff\"\n\t\t\tdata-hover-bg=\"\"\n\t\t\tdata-hover-text=\"#333333\"\n\t\t\tdata-active-tab=\"0\"\n\t\t\tdata-auto-switch-tab=\"yes\"\n\t\t\tdata-switch-interval=\"10\" >\n\t\t\t<nav>\n\t\t\t<ul class=\"elegant-tabs-list-container\" style=\"color:#00a7c1;\">\n\t\t\t<li style=\"background:#d3d3d3;\" ><a class=\"et-anchor-tag\" style=\"\" href=\"#\" data-href=\"#section-1583423709585-4-6\"><span style=\"\" class=\"et-tab-title no-icon\">ALIADOS<\/span><\/a><\/li>\n\t\t\t<\/ul>\n\t\t\t<\/nav>\n\t\t\t<div class=\"et-content-wrap\">\n\t\t\t<section id=\"section-1583423709585-4-6\" class=\"tab\" data-animation=\"\" style=\"background:; color:;\"><div class=\"infi-content-wrapper\">[vc_row_inner equal_height=&#8221;yes&#8221; css=&#8221;.vc_custom_1583442183876{margin-top: 0px !important;margin-right: 0px !important;margin-bottom: -50px !important;margin-left: 0px !important;padding-top: 0px !important;padding-right: 0px !important;padding-bottom: 0px !important;padding-left: 0px !important;}&#8221;][vc_column_inner width=&#8221;1\/6&#8243;][\/vc_column_inner][vc_column_inner width=&#8221;1\/6&#8243;][vc_single_image image=&#8221;2050&#8243; img_size=&#8221;full&#8221; alignment=&#8221;center&#8221; onclick=&#8221;custom_link&#8221; img_link_target=&#8221;_blank&#8221; css=&#8221;.vc_custom_1585168287483{margin-top: 0px !important;margin-right: 0px !important;margin-bottom: 0px !important;margin-left: 0px !important;padding-top: 0px !important;padding-right: 0px !important;padding-bottom: 0px !important;padding-left: 0px !important;}&#8221; link=&#8221;https:\/\/www.benefitcosmetics.com\/co\/es&#8221;][\/vc_column_inner][vc_column_inner width=&#8221;1\/6&#8243;][vc_single_image image=&#8221;2052&#8243; img_size=&#8221;full&#8221; alignment=&#8221;center&#8221; onclick=&#8221;custom_link&#8221; img_link_target=&#8221;_blank&#8221; css=&#8221;.vc_custom_1585168550949{margin-top: 0px !important;margin-right: 0px !important;margin-bottom: 0px !important;margin-left: 0px !important;padding-top: 0px !important;padding-right: 0px !important;padding-bottom: 0px !important;padding-left: 0px !important;}&#8221; link=&#8221;https:\/\/flypass.com.co\/&#8221;][\/vc_column_inner][vc_column_inner width=&#8221;1\/6&#8243;][vc_single_image image=&#8221;2054&#8243; img_size=&#8221;full&#8221; alignment=&#8221;center&#8221; onclick=&#8221;custom_link&#8221; img_link_target=&#8221;_blank&#8221; css=&#8221;.vc_custom_1585169199182{margin-top: 0px !important;margin-right: 0px !important;margin-bottom: 0px !important;margin-left: 0px !important;padding-top: 0px !important;padding-right: 0px !important;padding-bottom: 0px !important;padding-left: 0px !important;}&#8221; link=&#8221;https:\/\/www.movistararena.co\/&#8221;][\/vc_column_inner][vc_column_inner width=&#8221;1\/6&#8243;][vc_single_image image=&#8221;2047&#8243; img_size=&#8221;full&#8221; alignment=&#8221;center&#8221; onclick=&#8221;custom_link&#8221; img_link_target=&#8221;_blank&#8221; css=&#8221;.vc_custom_1585163814714{margin-top: 0px !important;margin-right: 0px !important;margin-bottom: 0px !important;margin-left: 0px !important;padding-top: 0px !important;padding-right: 0px !important;padding-bottom: 0px !important;padding-left: 0px !important;}&#8221;][\/vc_column_inner][vc_column_inner width=&#8221;1\/6&#8243;][\/vc_column_inner][\/vc_row_inner][vc_row_inner equal_height=&#8221;yes&#8221; css=&#8221;.vc_custom_1583442187206{margin-top: 0px !important;margin-right: 0px !important;margin-bottom: -50px !important;margin-left: 0px !important;padding-top: 0px !important;padding-right: 0px !important;padding-bottom: 0px !important;padding-left: 0px !important;}&#8221;][vc_column_inner width=&#8221;1\/6&#8243;][\/vc_column_inner][vc_column_inner width=&#8221;1\/6&#8243;][vc_single_image image=&#8221;1914&#8243; img_size=&#8221;full&#8221; alignment=&#8221;center&#8221; onclick=&#8221;custom_link&#8221; img_link_target=&#8221;_blank&#8221; css=&#8221;.vc_custom_1583442075174{margin-top: 0px !important;margin-right: 0px !important;margin-bottom: 0px !important;margin-left: 0px !important;padding-top: 0px !important;padding-right: 0px !important;padding-bottom: 0px !important;padding-left: 0px !important;}&#8221; link=&#8221;https:\/\/www.terpel.com\/&#8221;][\/vc_column_inner][vc_column_inner width=&#8221;1\/6&#8243;][\/vc_column_inner][vc_column_inner width=&#8221;1\/6&#8243;][\/vc_column_inner][\/vc_row_inner][vc_row_inner equal_height=&#8221;yes&#8221; css=&#8221;.vc_custom_1583441752212{margin-top: 0px !important;margin-right: 0px !important;margin-bottom: 0px !important;margin-left: 0px !important;padding-top: 0px !important;padding-right: 0px !important;padding-bottom: 0px !important;padding-left: 0px !important;}&#8221;][vc_column_inner width=&#8221;1\/6&#8243;][\/vc_column_inner][\/vc_row_inner][vc_row_inner equal_height=&#8221;yes&#8221; css=&#8221;.vc_custom_1583441752212{margin-top: 0px !important;margin-right: 0px !important;margin-bottom: 0px !important;margin-left: 0px !important;padding-top: 0px !important;padding-right: 0px !important;padding-bottom: 0px !important;padding-left: 0px !important;}&#8221;][vc_column_inner width=&#8221;1\/6&#8243;][\/vc_column_inner][\/vc_row_inner]<\/div><\/section>\n\t\t\t<\/div> <!-- \/et-content-wrap -->\n\t\t\t<\/div> <!-- \/et-tabs -->\n\t\t\t<\/section>[\/vc_column][\/vc_row][vc_row full_width=&#8221;stretch_row_content_no_spaces&#8221;][vc_column offset=&#8221;vc_hidden-lg vc_hidden-md&#8221;][\/vc_column][\/vc_row][vc_row full_width=&#8221;stretch_row_content_no_spaces&#8221; disable_element=&#8221;yes&#8221;][vc_column offset=&#8221;vc_hidden-lg vc_hidden-md&#8221;]<section class=\"elegant-tabs-container\">\n\t\t\t<div class=\"et-tabs et-horizontal et-mobile-enabled et-tabs-style-iconbox tab-class-1521030563 et-align-center\"\n\t\t\tdata-tab_style=\"iconbox\"\n\t\t\tdata-active-bg=\"#79c200\"\n\t\t\tdata-active-text=\"#ffffff\"\n\t\t\tdata-hover-bg=\"\"\n\t\t\tdata-hover-text=\"#333333\"\n\t\t\tdata-active-tab=\"0\"\n\t\t\tdata-auto-switch-tab=\"yes\"\n\t\t\tdata-switch-interval=\"10\" >\n\t\t\t<nav>\n\t\t\t<ul class=\"elegant-tabs-list-container\" style=\"color:#79c200;\">\n\t\t\t<li style=\"background:#d3d3d3;\" ><a class=\"et-anchor-tag\" style=\"\" href=\"#\" data-href=\"#section-1583454348417-0-6\"><span style=\"\" class=\"et-tab-title no-icon\">ALIADOS<\/span><\/a><\/li>\n\t\t\t<\/ul>\n\t\t\t<\/nav>\n\t\t\t<div class=\"et-content-wrap\">\n\t\t\t<section id=\"section-1583454348417-0-6\" class=\"tab\" data-animation=\"\" style=\"background:; color:;\"><div class=\"infi-content-wrapper\"><\/div><\/section>\n\t\t\t<\/div> <!-- \/et-content-wrap -->\n\t\t\t<\/div> <!-- \/et-tabs -->\n\t\t\t<\/section>[\/vc_column][\/vc_row][vc_row full_width=&#8221;stretch_row_content_no_spaces&#8221; bg_type=&#8221;image&#8221; parallax_style=&#8221;vcpb-vz-jquery&#8221; bg_image_new=&#8221;id^277|url^https:\/\/juanfe.juanfe.org\/wp-content\/uploads\/2019\/10\/tu-tambien-puedes-ayudar.jpg|caption^null|alt^null|title^tu-tambien-puedes-ayudar|description^null&#8221;][vc_column][\/vc_column][\/vc_row]<\/p>\n<\/div>","protected":false},"excerpt":{"rendered":"<p>[vc_row full_width=&#8221;stretch_row_content_no_spaces&#8221;][vc_column offset=&#8221;vc_hidden-sm vc_hidden-xs&#8221;][\/vc_column][\/vc_row][vc_row full_width=&#8221;stretch_row_content_no_spaces&#8221;][vc_column offset=&#8221;vc_hidden-lg vc_hidden-md&#8221;][\/vc_column][\/vc_row][vc_row full_width=&#8221;stretch_row_content_no_spaces&#8221; disable_element=&#8221;yes&#8221;][vc_column offset=&#8221;vc_hidden-lg vc_hidden-md&#8221;][\/vc_column][\/vc_row][vc_row full_width=&#8221;stretch_row_content_no_spaces&#8221; bg_type=&#8221;image&#8221; parallax_style=&#8221;vcpb-vz-jquery&#8221; bg_image_new=&#8221;id^277|url^https:\/\/juanfe.juanfe.org\/wp-content\/uploads\/2019\/10\/tu-tambien-puedes-ayudar.jpg|caption^null|alt^null|title^tu-tambien-puedes-ayudar|description^null&#8221;][vc_column][\/vc_column][\/vc_row]<\/p>\n","protected":false},"author":2,"featured_media":0,"parent":0,"menu_order":0,"comment_status":"closed","ping_status":"closed","template":"","meta":{"footnotes":""},"categories":[],"tags":[],"class_list":["post-2029","page","type-page","status-publish","hentry"],"yoast_head":"<!-- This site is optimized with the Yoast SEO plugin v23.2 - https:\/\/yoast.com\/wordpress\/plugins\/seo\/ -->\n<title>Fundaci\u00f3n Juanfe | Aliados<\/title>\n<meta name=\"robots\" content=\"index, follow, max-snippet:-1, max-image-preview:large, max-video-preview:-1\" \/>\n<link rel=\"canonical\" href=\"https:\/\/juanfe.juanfe.org\/aliados\/\" \/>\n<meta property=\"og:locale\" content=\"en_US\" \/>\n<meta property=\"og:type\" content=\"article\" \/>\n<meta property=\"og:title\" content=\"Fundaci\u00f3n Juanfe | Aliados\" \/>\n<meta property=\"og:description\" content=\"[vc_row full_width=&#8221;stretch_row_content_no_spaces&#8221;][vc_column offset=&#8221;vc_hidden-sm vc_hidden-xs&#8221;][\/vc_column][\/vc_row][vc_row full_width=&#8221;stretch_row_content_no_spaces&#8221;][vc_column offset=&#8221;vc_hidden-lg vc_hidden-md&#8221;][\/vc_column][\/vc_row][vc_row full_width=&#8221;stretch_row_content_no_spaces&#8221; disable_element=&#8221;yes&#8221;][vc_column offset=&#8221;vc_hidden-lg vc_hidden-md&#8221;][\/vc_column][\/vc_row][vc_row full_width=&#8221;stretch_row_content_no_spaces&#8221; bg_type=&#8221;image&#8221; parallax_style=&#8221;vcpb-vz-jquery&#8221; bg_image_new=&#8221;id^277|url^https:\/\/juanfe.juanfe.org\/wp-content\/uploads\/2019\/10\/tu-tambien-puedes-ayudar.jpg|caption^null|alt^null|title^tu-tambien-puedes-ayudar|description^null&#8221;][vc_column][\/vc_column][\/vc_row]\" \/>\n<meta property=\"og:url\" content=\"https:\/\/juanfe.juanfe.org\/aliados\/\" \/>\n<meta property=\"og:site_name\" content=\"Fundaci\u00f3n Juanfe\" \/>\n<meta property=\"article:modified_time\" content=\"2020-04-07T18:16:58+00:00\" \/>\n<meta name=\"twitter:card\" content=\"summary_large_image\" \/>\n<meta name=\"twitter:label1\" content=\"Est. reading time\" \/>\n\t<meta name=\"twitter:data1\" content=\"3 minutes\" \/>\n<script type=\"application\/ld+json\" class=\"yoast-schema-graph\">{\"@context\":\"https:\/\/schema.org\",\"@graph\":[{\"@type\":\"WebPage\",\"@id\":\"https:\/\/juanfe.juanfe.org\/aliados\/\",\"url\":\"https:\/\/juanfe.juanfe.org\/aliados\/\",\"name\":\"Fundaci\u00f3n Juanfe | Aliados\",\"isPartOf\":{\"@id\":\"https:\/\/juanfe.juanfe.org\/en\/#website\"},\"datePublished\":\"2020-03-25T21:15:46+00:00\",\"dateModified\":\"2020-04-07T18:16:58+00:00\",\"breadcrumb\":{\"@id\":\"https:\/\/juanfe.juanfe.org\/aliados\/#breadcrumb\"},\"inLanguage\":\"en-US\",\"potentialAction\":[{\"@type\":\"ReadAction\",\"target\":[\"https:\/\/juanfe.juanfe.org\/aliados\/\"]}]},{\"@type\":\"BreadcrumbList\",\"@id\":\"https:\/\/juanfe.juanfe.org\/aliados\/#breadcrumb\",\"itemListElement\":[{\"@type\":\"ListItem\",\"position\":1,\"name\":\"Portada\",\"item\":\"https:\/\/juanfe.juanfe.org\/en\/\"},{\"@type\":\"ListItem\",\"position\":2,\"name\":\"Aliados\"}]},{\"@type\":\"WebSite\",\"@id\":\"https:\/\/juanfe.juanfe.org\/en\/#website\",\"url\":\"https:\/\/juanfe.juanfe.org\/en\/\",\"name\":\"Fundaci\u00f3n Juanfe\",\"description\":\"En la Fundaci\u00f3n Juanfe, sabemos que invertir en las mujeres es la clave para erradicar la pobreza y avanzar en la equidad de g\u00e9nero.\",\"publisher\":{\"@id\":\"https:\/\/juanfe.juanfe.org\/en\/#organization\"},\"potentialAction\":[{\"@type\":\"SearchAction\",\"target\":{\"@type\":\"EntryPoint\",\"urlTemplate\":\"https:\/\/juanfe.juanfe.org\/en\/?s={search_term_string}\"},\"query-input\":\"required name=search_term_string\"}],\"inLanguage\":\"en-US\"},{\"@type\":\"Organization\",\"@id\":\"https:\/\/juanfe.juanfe.org\/en\/#organization\",\"name\":\"Fundaci\u00f3n Juanfe\",\"url\":\"https:\/\/juanfe.juanfe.org\/en\/\",\"logo\":{\"@type\":\"ImageObject\",\"inLanguage\":\"en-US\",\"@id\":\"https:\/\/juanfe.juanfe.org\/en\/#\/schema\/logo\/image\/\",\"url\":\"https:\/\/juanfe.juanfe.org\/wp-content\/uploads\/2019\/11\/logo_Fundacion_JuanFe_Colombia.png\",\"contentUrl\":\"https:\/\/juanfe.juanfe.org\/wp-content\/uploads\/2019\/11\/logo_Fundacion_JuanFe_Colombia.png\",\"width\":251,\"height\":75,\"caption\":\"Fundaci\u00f3n Juanfe\"},\"image\":{\"@id\":\"https:\/\/juanfe.juanfe.org\/en\/#\/schema\/logo\/image\/\"}}]}<\/script>\n<!-- \/ Yoast SEO plugin. -->","yoast_head_json":{"title":"Fundaci\u00f3n Juanfe | Aliados","robots":{"index":"index","follow":"follow","max-snippet":"max-snippet:-1","max-image-preview":"max-image-preview:large","max-video-preview":"max-video-preview:-1"},"canonical":"https:\/\/juanfe.juanfe.org\/aliados\/","og_locale":"en_US","og_type":"article","og_title":"Fundaci\u00f3n Juanfe | Aliados","og_description":"[vc_row full_width=&#8221;stretch_row_content_no_spaces&#8221;][vc_column offset=&#8221;vc_hidden-sm vc_hidden-xs&#8221;][\/vc_column][\/vc_row][vc_row full_width=&#8221;stretch_row_content_no_spaces&#8221;][vc_column offset=&#8221;vc_hidden-lg vc_hidden-md&#8221;][\/vc_column][\/vc_row][vc_row full_width=&#8221;stretch_row_content_no_spaces&#8221; disable_element=&#8221;yes&#8221;][vc_column offset=&#8221;vc_hidden-lg vc_hidden-md&#8221;][\/vc_column][\/vc_row][vc_row full_width=&#8221;stretch_row_content_no_spaces&#8221; bg_type=&#8221;image&#8221; parallax_style=&#8221;vcpb-vz-jquery&#8221; bg_image_new=&#8221;id^277|url^https:\/\/juanfe.juanfe.org\/wp-content\/uploads\/2019\/10\/tu-tambien-puedes-ayudar.jpg|caption^null|alt^null|title^tu-tambien-puedes-ayudar|description^null&#8221;][vc_column][\/vc_column][\/vc_row]","og_url":"https:\/\/juanfe.juanfe.org\/aliados\/","og_site_name":"Fundaci\u00f3n Juanfe","article_modified_time":"2020-04-07T18:16:58+00:00","twitter_card":"summary_large_image","twitter_misc":{"Est. reading time":"3 minutes"},"schema":{"@context":"https:\/\/schema.org","@graph":[{"@type":"WebPage","@id":"https:\/\/juanfe.juanfe.org\/aliados\/","url":"https:\/\/juanfe.juanfe.org\/aliados\/","name":"Fundaci\u00f3n Juanfe | Aliados","isPartOf":{"@id":"https:\/\/juanfe.juanfe.org\/en\/#website"},"datePublished":"2020-03-25T21:15:46+00:00","dateModified":"2020-04-07T18:16:58+00:00","breadcrumb":{"@id":"https:\/\/juanfe.juanfe.org\/aliados\/#breadcrumb"},"inLanguage":"en-US","potentialAction":[{"@type":"ReadAction","target":["https:\/\/juanfe.juanfe.org\/aliados\/"]}]},{"@type":"BreadcrumbList","@id":"https:\/\/juanfe.juanfe.org\/aliados\/#breadcrumb","itemListElement":[{"@type":"ListItem","position":1,"name":"Portada","item":"https:\/\/juanfe.juanfe.org\/en\/"},{"@type":"ListItem","position":2,"name":"Aliados"}]},{"@type":"WebSite","@id":"https:\/\/juanfe.juanfe.org\/en\/#website","url":"https:\/\/juanfe.juanfe.org\/en\/","name":"Fundaci\u00f3n Juanfe","description":"En la Fundaci\u00f3n Juanfe, sabemos que invertir en las mujeres es la clave para erradicar la pobreza y avanzar en la equidad de g\u00e9nero.","publisher":{"@id":"https:\/\/juanfe.juanfe.org\/en\/#organization"},"potentialAction":[{"@type":"SearchAction","target":{"@type":"EntryPoint","urlTemplate":"https:\/\/juanfe.juanfe.org\/en\/?s={search_term_string}"},"query-input":"required name=search_term_string"}],"inLanguage":"en-US"},{"@type":"Organization","@id":"https:\/\/juanfe.juanfe.org\/en\/#organization","name":"Fundaci\u00f3n Juanfe","url":"https:\/\/juanfe.juanfe.org\/en\/","logo":{"@type":"ImageObject","inLanguage":"en-US","@id":"https:\/\/juanfe.juanfe.org\/en\/#\/schema\/logo\/image\/","url":"https:\/\/juanfe.juanfe.org\/wp-content\/uploads\/2019\/11\/logo_Fundacion_JuanFe_Colombia.png","contentUrl":"https:\/\/juanfe.juanfe.org\/wp-content\/uploads\/2019\/11\/logo_Fundacion_JuanFe_Colombia.png","width":251,"height":75,"caption":"Fundaci\u00f3n Juanfe"},"image":{"@id":"https:\/\/juanfe.juanfe.org\/en\/#\/schema\/logo\/image\/"}}]}},"_links":{"self":[{"href":"https:\/\/juanfe.juanfe.org\/en\/wp-json\/wp\/v2\/pages\/2029","targetHints":{"allow":["GET"]}}],"collection":[{"href":"https:\/\/juanfe.juanfe.org\/en\/wp-json\/wp\/v2\/pages"}],"about":[{"href":"https:\/\/juanfe.juanfe.org\/en\/wp-json\/wp\/v2\/types\/page"}],"author":[{"embeddable":true,"href":"https:\/\/juanfe.juanfe.org\/en\/wp-json\/wp\/v2\/users\/2"}],"replies":[{"embeddable":true,"href":"https:\/\/juanfe.juanfe.org\/en\/wp-json\/wp\/v2\/comments?post=2029"}],"version-history":[{"count":12,"href":"https:\/\/juanfe.juanfe.org\/en\/wp-json\/wp\/v2\/pages\/2029\/revisions"}],"predecessor-version":[{"id":2840,"href":"https:\/\/juanfe.juanfe.org\/en\/wp-json\/wp\/v2\/pages\/2029\/revisions\/2840"}],"wp:attachment":[{"href":"https:\/\/juanfe.juanfe.org\/en\/wp-json\/wp\/v2\/media?parent=2029"}],"wp:term":[{"taxonomy":"category","embeddable":true,"href":"https:\/\/juanfe.juanfe.org\/en\/wp-json\/wp\/v2\/categories?post=2029"},{"taxonomy":"post_tag","embeddable":true,"href":"https:\/\/juanfe.juanfe.org\/en\/wp-json\/wp\/v2\/tags?post=2029"}],"curies":[{"name":"wp","href":"https:\/\/api.w.org\/{rel}","templated":true}]}}