{"id":2350,"date":"2020-05-31T22:31:50","date_gmt":"2020-05-31T22:31:50","guid":{"rendered":"https:\/\/juanfe.juanfe.org\/?page_id=2350"},"modified":"2024-05-14T10:04:48","modified_gmt":"2024-05-14T17:04:48","slug":"transparency","status":"publish","type":"page","link":"https:\/\/juanfe.juanfe.org\/en\/transparency\/","title":{"rendered":"Transparency"},"content":{"rendered":"<div class=\"wpb-content-wrapper\"><p>[vc_row full_width=&#8221;stretch_row_content_no_spaces&#8221; css=&#8221;.vc_custom_1571711456091{background-color: #dedede !important;}&#8221;][vc_column][vc_column_text]<\/p>\n<h2 style=\"text-align: center;\"><span style=\"color: #78bf00;\"><strong>TRANSPARENCY<\/strong><\/span><\/h2>\n<p>[\/vc_column_text][\/vc_column][\/vc_row][vc_row full_width=&#8221;stretch_row_content_no_spaces&#8221; css=&#8221;.vc_custom_1571758055615{margin: 0px !important;padding: 0px !important;background-color: #78c600 !important;border: 0px initial !important;}&#8221;][vc_column css=&#8221;.vc_custom_1571798253395{margin-top: 0px !important;margin-right: 0px !important;margin-bottom: 0px !important;margin-left: 0px !important;padding-top: 0px !important;padding-right: 0px !important;padding-bottom: 0px !important;padding-left: 0px !important;}&#8221;]<div class=\"ult-spacer spacer-69f62287ec246\" data-id=\"69f62287ec246\" data-height=\"20\" data-height-mobile=\"20\" data-height-tab=\"20\" data-height-tab-portrait=\"\" data-height-mobile-landscape=\"\" style=\"clear:both;display:block;\"><\/div>[\/vc_column][\/vc_row][vc_row][vc_column][vc_row_inner css=&#8221;.vc_custom_1571711697128{padding-top: 80px !important;}&#8221;][vc_column_inner width=&#8221;1\/2&#8243; css=&#8221;.vc_custom_1590962896838{padding-top: 0px !important;}&#8221;][vc_column_text css=&#8221;.vc_custom_1715284267190{padding-top: 20px !important;padding-right: 100px !important;padding-bottom: 20px !important;padding-left: 100px !important;background-color: #78cd00 !important;border-radius: 5px !important;}&#8221;]<\/p>\n<h2 style=\"text-align: center;\"><span style=\"color: #ffffff;\">COVID-19 information<\/span><\/h2>\n<p>[\/vc_column_text][vc_column_text]<\/p>\n<h3 style=\"text-align: center;\"><a href=\"https:\/\/juanfe.juanfe.org\/wp-content\/uploads\/2020\/05\/First-report-COVID19-JUANFE.pdf\" target=\"_blank\" rel=\"noopener noreferrer\">First COVID-19 report<\/a><\/h3>\n<p>[\/vc_column_text][\/vc_column_inner][vc_column_inner width=&#8221;1\/2&#8243;][vc_column_text css=&#8221;.vc_custom_1715284324592{padding-top: 20px !important;padding-right: 100px !important;padding-bottom: 20px !important;padding-left: 100px !important;background-color: #78cd00 !important;border-radius: 5px !important;}&#8221;]<\/p>\n<h2 style=\"text-align: center;\"><span style=\"color: #ffffff;\">Management report<\/span><\/h2>\n<p>[\/vc_column_text][vc_column_text]<\/p>\n<h3 style=\"text-align: center;\"><a href=\"https:\/\/fundacionjuanfeli-my.sharepoint.com\/:b:\/g\/personal\/practicantediseno_juanfe_org\/EWlnS1iiB1NHp0M7UGo0J6MBfGM2VK0UrOFXjY9knY-qAQ?e=RegVfT\">Anual Management Report 2023<\/a><\/h3>\n<h3 style=\"text-align: center;\"><a href=\"https:\/\/juanfe.juanfe.org\/wp-content\/uploads\/2023\/06\/QUARTERLY-REPORT_1ST-TRIMESTER_2023-Juanfe-Foundation.pdf\">First Quarterly Report 2023<\/a><\/h3>\n<h3 style=\"text-align: center;\"><a href=\"https:\/\/juanfe.juanfe.org\/wp-content\/uploads\/2023\/03\/ANNUAL-MANAGEMENT-REPORT-OF-JUANFE-FOUNDATION-2022.pdf\">Anual Management Report 2022<\/a><\/h3>\n<h3 style=\"text-align: center;\"><a href=\"https:\/\/juanfe.juanfe.org\/wp-content\/uploads\/2022\/10\/About-Juanfe-Foundation.pdf\">About Juanfe Foundation 2022<\/a><\/h3>\n<h3 style=\"text-align: center;\"><a href=\"https:\/\/juanfe.juanfe.org\/wp-content\/uploads\/2022\/05\/Quarterly-Report-1.pdf\">Quarterly report 2022<\/a><\/h3>\n<h3 style=\"text-align: center;\"><a href=\"https:\/\/juanfe.juanfe.org\/wp-content\/uploads\/2022\/11\/QUARTERLY-REPORT_3RD-TRIMESTER_2022.pdf\">Quarterly Report 3er Trimester 2022<\/a><\/h3>\n<h3 style=\"text-align: center;\"><a href=\"https:\/\/juanfe.juanfe.org\/wp-content\/uploads\/2022\/05\/Annual-Management-Report.pdf\" target=\"_blank\" rel=\"noopener noreferrer\">Management report 2021<\/a><\/h3>\n<h3 style=\"text-align: center;\"><a href=\"https:\/\/juanfe.juanfe.org\/wp-content\/uploads\/2020\/05\/Annual-Report-2019.pdf\" target=\"_blank\" rel=\"noopener noreferrer\">Management report 2019<\/a><br \/>\n<a href=\"https:\/\/juanfe.juanfe.org\/wp-content\/uploads\/2020\/06\/Fundaci\u00f3n-Juanfe_IG-2018-ingles.pdf\" target=\"_blank\" rel=\"noopener noreferrer\">Management report 2018<\/a><br \/>\n<a href=\"https:\/\/juanfe.juanfe.org\/wp-content\/uploads\/2020\/06\/Report_2017-vf.pdf\" target=\"_blank\" rel=\"noopener noreferrer\">Management report 2017<\/a><br \/>\n<a href=\"https:\/\/juanfe.juanfe.org\/wp-content\/uploads\/2020\/06\/Annual-Report-Juanfe-2016.pdf\" target=\"_blank\" rel=\"noopener noreferrer\">Management report 2016<\/a><\/h3>\n<p>[\/vc_column_text][\/vc_column_inner][\/vc_row_inner][\/vc_column][\/vc_row][vc_row][vc_column][vc_column_text]<\/p>\n<h3 style=\"text-align: center;\"><span style=\"color: #78bf00;\"><strong>FINANCIAL STATEMENTS<\/strong><\/span><\/h3>\n<p>[\/vc_column_text]<section class=\"elegant-tabs-container\">\n\t\t\t<div class=\"et-tabs et-horizontal et-mobile-enabled et-tabs-style-iconbox-iconlist tab-class-215251384 et-align-left\"\n\t\t\tdata-tab_style=\"iconbox-iconlist\"\n\t\t\tdata-active-bg=\"#549a00\"\n\t\t\tdata-active-text=\"\"\n\t\t\tdata-hover-bg=\"\"\n\t\t\tdata-hover-text=\"\"\n\t\t\tdata-active-tab=\"0\"\n\t\t\tdata-auto-switch-tab=\"no\"\n\t\t\tdata-switch-interval=\"5\" >\n\t\t\t<nav>\n\t\t\t<ul class=\"elegant-tabs-list-container\" style=\"color:#549a00;\">\n\t\t\t<li style=\"\" ><a class=\"et-anchor-tag\" style=\"\" href=\"#\" data-href=\"#section-1715088300469-4-7-2\"><span style=\"\" class=\"et-tab-title no-icon\">2023-2022<\/span><\/a><\/li><li style=\"\" ><a class=\"et-anchor-tag\" style=\"\" href=\"#\" data-href=\"#section-1715088128492-3-2-1\"><span style=\"\" class=\"et-tab-title no-icon\">2021-2020<\/span><\/a><\/li><li style=\"\" ><a class=\"et-anchor-tag\" style=\"\" href=\"#\" data-href=\"#section-1617056759805-2-8\"><span style=\"\" class=\"et-tab-title no-icon\">2020-2019<\/span><\/a><\/li><li style=\"\" ><a class=\"et-anchor-tag\" style=\"\" href=\"#\" data-href=\"#section-1593304489392-0\"><span style=\"\" class=\"et-tab-title no-icon\">2019 - 2018<\/span><\/a><\/li><li style=\"\" ><a class=\"et-anchor-tag\" style=\"\" href=\"#\" data-href=\"#section-1593304489438-8\"><span style=\"\" class=\"et-tab-title no-icon\">A\u00f1os anteriores<\/span><\/a><\/li>\n\t\t\t<\/ul>\n\t\t\t<\/nav>\n\t\t\t<div class=\"et-content-wrap\">\n\t\t\t<section id=\"section-1715088300469-4-7-2\" class=\"tab\" data-animation=\"\" style=\"background:; color:;\"><div class=\"infi-content-wrapper\">[vc_row_inner][vc_column_inner][vc_column_text css=&#8221;.vc_custom_1715088577364{margin-top: 80px !important;margin-bottom: 80px !important;}&#8221;]<\/p>\n<h3 style=\"text-align: center;\">Financial statements 2023-22<br \/>\nand tax auditor&#8217;s report<\/h3>\n<p>&nbsp;<\/p>\n<p style=\"text-align: center;\"><a href=\"https:\/\/juanfe.juanfe.org\/wp-content\/uploads\/2024\/05\/ESTADOS-FINANCIEROS-ES-2022-2023.pdf\" target=\"_blank\" rel=\"noopener\">See here<\/a><\/p>\n<p>[\/vc_column_text][\/vc_column_inner][\/vc_row_inner]<\/div><\/section><section id=\"section-1715088128492-3-2-1\" class=\"tab\" data-animation=\"\" style=\"background:; color:;\"><div class=\"infi-content-wrapper\">[vc_row_inner][vc_column_inner][vc_column_text css=&#8221;.vc_custom_1715088612208{margin-top: 80px !important;margin-bottom: 80px !important;}&#8221;]<\/p>\n<h3 style=\"text-align: center;\">Financial statements 2021-20<br \/>\nand tax auditor&#8217;s report<\/h3>\n<p>&nbsp;<\/p>\n<p style=\"text-align: center;\"><a href=\"https:\/\/juanfe.juanfe.org\/wp-content\/uploads\/2024\/05\/ESTADOS-EN-2020-2021.pdf\" target=\"_blank\" rel=\"noopener\">See here<\/a><\/p>\n<p>[\/vc_column_text][\/vc_column_inner][\/vc_row_inner]<\/div><\/section><section id=\"section-1617056759805-2-8\" class=\"tab\" data-animation=\"\" style=\"background:; color:;\"><div class=\"infi-content-wrapper\">[vc_row_inner][vc_column_inner][vc_column_text css=&#8221;.vc_custom_1688070014833{margin-top: 80px !important;margin-bottom: 80px !important;}&#8221;]<\/p>\n<h3 style=\"text-align: center;\"><span style=\"color: #333333;\">Estados financieros 2022<\/span><br \/>\n<span style=\"color: #333333;\">e informe del revisor fiscal<\/span><\/h3>\n<p>&nbsp;<\/p>\n<p style=\"text-align: center;\"><a href=\"https:\/\/juanfe.juanfe.org\/wp-content\/uploads\/2023\/06\/ESTADOS-FINANCIEROS-2022.pdf\">Ver aqu\u00ed<\/a><\/p>\n<p>[\/vc_column_text][\/vc_column_inner][\/vc_row_inner]<\/div><\/section><section id=\"section-1593304489392-0\" class=\"tab\" data-animation=\"\" style=\"background:; color:;\"><div class=\"infi-content-wrapper\">[vc_row_inner][vc_column_inner][vc_column_text css=&#8221;.vc_custom_1604614825357{margin-top: 80px !important;margin-bottom: 80px !important;}&#8221;]<\/p>\n<h3 style=\"text-align: center;\"><span style=\"color: #333333;\">Estados financieros por los a\u00f1os terminados<\/span><br \/>\n<span style=\"color: #333333;\">el 31 de diciembre de 2019 y 2018<\/span><br \/>\n<span style=\"color: #333333;\">e informe del revisor fiscal<\/span><\/h3>\n<p>&nbsp;<\/p>\n<p style=\"text-align: center;\"><a class=\"myButtonvermas\" tabindex=\"0\" href=\"\/wp-content\/uploads\/2020\/06\/Estados-financieros-2018-2019.pdf\" target=\"_blank\" rel=\"noopener noreferrer\">Ver aqu\u00ed<\/a><\/p>\n<p>[\/vc_column_text][\/vc_column_inner][\/vc_row_inner]<\/div><\/section><section id=\"section-1593304489438-8\" class=\"tab\" data-animation=\"\" style=\"background:; color:;\"><div class=\"infi-content-wrapper\"><\/div><\/section>\n\t\t\t<\/div> <!-- \/et-content-wrap -->\n\t\t\t<\/div> <!-- \/et-tabs -->\n\t\t\t<\/section>[\/vc_column][\/vc_row]<\/p>\n<\/div>","protected":false},"excerpt":{"rendered":"<p>[vc_row full_width=&#8221;stretch_row_content_no_spaces&#8221; css=&#8221;.vc_custom_1571711456091{background-color: #dedede !important;}&#8221;][vc_column][vc_column_text] TRANSPARENCY [\/vc_column_text][\/vc_column][\/vc_row][vc_row full_width=&#8221;stretch_row_content_no_spaces&#8221; css=&#8221;.vc_custom_1571758055615{margin: 0px !important;padding: 0px !important;background-color: #78c600 !important;border: 0px initial !important;}&#8221;][vc_column css=&#8221;.vc_custom_1571798253395{margin-top: 0px !important;margin-right: 0px !important;margin-bottom: 0px !important;margin-left: 0px !important;padding-top: 0px !important;padding-right: 0px<span class=\"excerpt-hellip\"> [\u2026]<\/span><\/p>\n","protected":false},"author":1,"featured_media":0,"parent":0,"menu_order":0,"comment_status":"closed","ping_status":"closed","template":"","meta":{"footnotes":""},"categories":[],"tags":[],"class_list":["post-2350","page","type-page","status-publish","hentry"],"yoast_head":"<!-- This site is optimized with the Yoast SEO plugin v23.2 - https:\/\/yoast.com\/wordpress\/plugins\/seo\/ -->\n<title>Fundaci\u00f3n Juanfe | Transparency<\/title>\n<meta name=\"robots\" content=\"index, follow, max-snippet:-1, max-image-preview:large, max-video-preview:-1\" \/>\n<link rel=\"canonical\" href=\"https:\/\/juanfe.juanfe.org\/transparencia\/\" \/>\n<meta property=\"og:locale\" content=\"en_US\" \/>\n<meta property=\"og:type\" content=\"article\" \/>\n<meta property=\"og:title\" content=\"Fundaci\u00f3n Juanfe | Transparency\" \/>\n<meta property=\"og:description\" content=\"[vc_row full_width=&#8221;stretch_row_content_no_spaces&#8221; css=&#8221;.vc_custom_1571711456091{background-color: #dedede !important;}&#8221;][vc_column][vc_column_text] TRANSPARENCY [\/vc_column_text][\/vc_column][\/vc_row][vc_row full_width=&#8221;stretch_row_content_no_spaces&#8221; css=&#8221;.vc_custom_1571758055615{margin: 0px !important;padding: 0px !important;background-color: #78c600 !important;border: 0px initial !important;}&#8221;][vc_column css=&#8221;.vc_custom_1571798253395{margin-top: 0px !important;margin-right: 0px !important;margin-bottom: 0px !important;margin-left: 0px !important;padding-top: 0px !important;padding-right: 0px [\u2026]\" \/>\n<meta property=\"og:url\" content=\"https:\/\/juanfe.juanfe.org\/transparencia\/\" \/>\n<meta property=\"og:site_name\" content=\"Fundaci\u00f3n Juanfe\" \/>\n<meta property=\"article:modified_time\" content=\"2024-05-14T17:04:48+00:00\" \/>\n<meta name=\"twitter:card\" content=\"summary_large_image\" \/>\n<meta name=\"twitter:label1\" content=\"Est. reading time\" \/>\n\t<meta name=\"twitter:data1\" content=\"1 minute\" \/>\n<script type=\"application\/ld+json\" class=\"yoast-schema-graph\">{\"@context\":\"https:\/\/schema.org\",\"@graph\":[{\"@type\":\"WebPage\",\"@id\":\"https:\/\/juanfe.juanfe.org\/transparencia\/\",\"url\":\"https:\/\/juanfe.juanfe.org\/transparencia\/\",\"name\":\"Fundaci\u00f3n Juanfe | Transparency\",\"isPartOf\":{\"@id\":\"https:\/\/juanfe.juanfe.org\/en\/#website\"},\"datePublished\":\"2020-05-31T22:31:50+00:00\",\"dateModified\":\"2024-05-14T17:04:48+00:00\",\"breadcrumb\":{\"@id\":\"https:\/\/juanfe.juanfe.org\/transparencia\/#breadcrumb\"},\"inLanguage\":\"en-US\",\"potentialAction\":[{\"@type\":\"ReadAction\",\"target\":[\"https:\/\/juanfe.juanfe.org\/transparencia\/\"]}]},{\"@type\":\"BreadcrumbList\",\"@id\":\"https:\/\/juanfe.juanfe.org\/transparencia\/#breadcrumb\",\"itemListElement\":[{\"@type\":\"ListItem\",\"position\":1,\"name\":\"Portada\",\"item\":\"https:\/\/juanfe.juanfe.org\/en\/\"},{\"@type\":\"ListItem\",\"position\":2,\"name\":\"Transparency\"}]},{\"@type\":\"WebSite\",\"@id\":\"https:\/\/juanfe.juanfe.org\/en\/#website\",\"url\":\"https:\/\/juanfe.juanfe.org\/en\/\",\"name\":\"Fundaci\u00f3n Juanfe\",\"description\":\"En la Fundaci\u00f3n Juanfe, sabemos que invertir en las mujeres es la clave para erradicar la pobreza y avanzar en la equidad de g\u00e9nero.\",\"publisher\":{\"@id\":\"https:\/\/juanfe.juanfe.org\/en\/#organization\"},\"potentialAction\":[{\"@type\":\"SearchAction\",\"target\":{\"@type\":\"EntryPoint\",\"urlTemplate\":\"https:\/\/juanfe.juanfe.org\/en\/?s={search_term_string}\"},\"query-input\":\"required name=search_term_string\"}],\"inLanguage\":\"en-US\"},{\"@type\":\"Organization\",\"@id\":\"https:\/\/juanfe.juanfe.org\/en\/#organization\",\"name\":\"Fundaci\u00f3n Juanfe\",\"url\":\"https:\/\/juanfe.juanfe.org\/en\/\",\"logo\":{\"@type\":\"ImageObject\",\"inLanguage\":\"en-US\",\"@id\":\"https:\/\/juanfe.juanfe.org\/en\/#\/schema\/logo\/image\/\",\"url\":\"https:\/\/juanfe.juanfe.org\/wp-content\/uploads\/2019\/11\/logo_Fundacion_JuanFe_Colombia.png\",\"contentUrl\":\"https:\/\/juanfe.juanfe.org\/wp-content\/uploads\/2019\/11\/logo_Fundacion_JuanFe_Colombia.png\",\"width\":251,\"height\":75,\"caption\":\"Fundaci\u00f3n Juanfe\"},\"image\":{\"@id\":\"https:\/\/juanfe.juanfe.org\/en\/#\/schema\/logo\/image\/\"}}]}<\/script>\n<!-- \/ Yoast SEO plugin. -->","yoast_head_json":{"title":"Fundaci\u00f3n Juanfe | Transparency","robots":{"index":"index","follow":"follow","max-snippet":"max-snippet:-1","max-image-preview":"max-image-preview:large","max-video-preview":"max-video-preview:-1"},"canonical":"https:\/\/juanfe.juanfe.org\/transparencia\/","og_locale":"en_US","og_type":"article","og_title":"Fundaci\u00f3n Juanfe | Transparency","og_description":"[vc_row full_width=&#8221;stretch_row_content_no_spaces&#8221; css=&#8221;.vc_custom_1571711456091{background-color: #dedede !important;}&#8221;][vc_column][vc_column_text] TRANSPARENCY [\/vc_column_text][\/vc_column][\/vc_row][vc_row full_width=&#8221;stretch_row_content_no_spaces&#8221; css=&#8221;.vc_custom_1571758055615{margin: 0px !important;padding: 0px !important;background-color: #78c600 !important;border: 0px initial !important;}&#8221;][vc_column css=&#8221;.vc_custom_1571798253395{margin-top: 0px !important;margin-right: 0px !important;margin-bottom: 0px !important;margin-left: 0px !important;padding-top: 0px !important;padding-right: 0px [\u2026]","og_url":"https:\/\/juanfe.juanfe.org\/transparencia\/","og_site_name":"Fundaci\u00f3n Juanfe","article_modified_time":"2024-05-14T17:04:48+00:00","twitter_card":"summary_large_image","twitter_misc":{"Est. reading time":"1 minute"},"schema":{"@context":"https:\/\/schema.org","@graph":[{"@type":"WebPage","@id":"https:\/\/juanfe.juanfe.org\/transparencia\/","url":"https:\/\/juanfe.juanfe.org\/transparencia\/","name":"Fundaci\u00f3n Juanfe | Transparency","isPartOf":{"@id":"https:\/\/juanfe.juanfe.org\/en\/#website"},"datePublished":"2020-05-31T22:31:50+00:00","dateModified":"2024-05-14T17:04:48+00:00","breadcrumb":{"@id":"https:\/\/juanfe.juanfe.org\/transparencia\/#breadcrumb"},"inLanguage":"en-US","potentialAction":[{"@type":"ReadAction","target":["https:\/\/juanfe.juanfe.org\/transparencia\/"]}]},{"@type":"BreadcrumbList","@id":"https:\/\/juanfe.juanfe.org\/transparencia\/#breadcrumb","itemListElement":[{"@type":"ListItem","position":1,"name":"Portada","item":"https:\/\/juanfe.juanfe.org\/en\/"},{"@type":"ListItem","position":2,"name":"Transparency"}]},{"@type":"WebSite","@id":"https:\/\/juanfe.juanfe.org\/en\/#website","url":"https:\/\/juanfe.juanfe.org\/en\/","name":"Fundaci\u00f3n Juanfe","description":"En la Fundaci\u00f3n Juanfe, sabemos que invertir en las mujeres es la clave para erradicar la pobreza y avanzar en la equidad de g\u00e9nero.","publisher":{"@id":"https:\/\/juanfe.juanfe.org\/en\/#organization"},"potentialAction":[{"@type":"SearchAction","target":{"@type":"EntryPoint","urlTemplate":"https:\/\/juanfe.juanfe.org\/en\/?s={search_term_string}"},"query-input":"required name=search_term_string"}],"inLanguage":"en-US"},{"@type":"Organization","@id":"https:\/\/juanfe.juanfe.org\/en\/#organization","name":"Fundaci\u00f3n Juanfe","url":"https:\/\/juanfe.juanfe.org\/en\/","logo":{"@type":"ImageObject","inLanguage":"en-US","@id":"https:\/\/juanfe.juanfe.org\/en\/#\/schema\/logo\/image\/","url":"https:\/\/juanfe.juanfe.org\/wp-content\/uploads\/2019\/11\/logo_Fundacion_JuanFe_Colombia.png","contentUrl":"https:\/\/juanfe.juanfe.org\/wp-content\/uploads\/2019\/11\/logo_Fundacion_JuanFe_Colombia.png","width":251,"height":75,"caption":"Fundaci\u00f3n Juanfe"},"image":{"@id":"https:\/\/juanfe.juanfe.org\/en\/#\/schema\/logo\/image\/"}}]}},"_links":{"self":[{"href":"https:\/\/juanfe.juanfe.org\/en\/wp-json\/wp\/v2\/pages\/2350","targetHints":{"allow":["GET"]}}],"collection":[{"href":"https:\/\/juanfe.juanfe.org\/en\/wp-json\/wp\/v2\/pages"}],"about":[{"href":"https:\/\/juanfe.juanfe.org\/en\/wp-json\/wp\/v2\/types\/page"}],"author":[{"embeddable":true,"href":"https:\/\/juanfe.juanfe.org\/en\/wp-json\/wp\/v2\/users\/1"}],"replies":[{"embeddable":true,"href":"https:\/\/juanfe.juanfe.org\/en\/wp-json\/wp\/v2\/comments?post=2350"}],"version-history":[{"count":28,"href":"https:\/\/juanfe.juanfe.org\/en\/wp-json\/wp\/v2\/pages\/2350\/revisions"}],"predecessor-version":[{"id":6531,"href":"https:\/\/juanfe.juanfe.org\/en\/wp-json\/wp\/v2\/pages\/2350\/revisions\/6531"}],"wp:attachment":[{"href":"https:\/\/juanfe.juanfe.org\/en\/wp-json\/wp\/v2\/media?parent=2350"}],"wp:term":[{"taxonomy":"category","embeddable":true,"href":"https:\/\/juanfe.juanfe.org\/en\/wp-json\/wp\/v2\/categories?post=2350"},{"taxonomy":"post_tag","embeddable":true,"href":"https:\/\/juanfe.juanfe.org\/en\/wp-json\/wp\/v2\/tags?post=2350"}],"curies":[{"name":"wp","href":"https:\/\/api.w.org\/{rel}","templated":true}]}}