{"id":258,"date":"2019-10-29T19:27:53","date_gmt":"2019-10-29T19:27:53","guid":{"rendered":"https:\/\/70.39.251.12\/celebracion-de-un-evento\/"},"modified":"2024-04-10T06:48:31","modified_gmt":"2024-04-10T13:48:31","slug":"celebration-of-an-event","status":"publish","type":"page","link":"https:\/\/juanfe.juanfe.org\/en\/celebration-of-an-event\/","title":{"rendered":"Celebration of an Event"},"content":{"rendered":"<div class=\"wpb-content-wrapper\"><p>[vc_row full_width=&#8221;stretch_row_content_no_spaces&#8221;][vc_column][vc_column_text css=&#8221;.vc_custom_1575900812878{margin-top: 20px !important;}&#8221;]<\/p>\n<h2 style=\"text-align: center;\"><span style=\"color: #78bf00; font-size: 38px;\"><strong>CELEBRATION OF AN EVENT<\/strong><\/span><\/h2>\n<p>[\/vc_column_text][vc_row_inner][vc_column_inner width=&#8221;1\/3&#8243;][\/vc_column_inner][vc_column_inner width=&#8221;1\/3&#8243;][vc_column_text css=&#8221;.vc_custom_1657816490460{padding-right: 30px !important;padding-left: 30px !important;}&#8221;]<\/p>\n<p style=\"text-align: center;\">Celebrate your birthday, wedding, or any special occasion, by asking your family and friends to make a donation to the Juanfe Foundation. Together, we can continue to change the reality for the most vulnerable populations in Colombia and Latin America. If you are interested in helping us, please send an e-mail to <span style=\"color: #033300;\"><strong><em>proyectos@juanfe.juanfe.org<\/em><\/strong><\/span> or fill out the form below:<\/p>\n<p>[\/vc_column_text][\/vc_column_inner][vc_column_inner width=&#8221;1\/3&#8243;][\/vc_column_inner][\/vc_row_inner][\/vc_column][vc_column][vc_row_inner][vc_column_inner css=&#8221;.vc_custom_1572982021039{padding-right: 30px !important;padding-left: 30px !important;}&#8221;]<style type=\"text\/css\" id=\"107\" data-form-unique-id=\"29267\" ><\/style><div class=\"arf_form ar_main_div_107 arf_form_outer_wrapper \" id=\"arffrm_107_container\"><div id=\"arf_message_error\" class=\"frm_error_style\" style=\"display:none;\"><div class=\"msg-detail\"><div class=\"msg-description-success\">Form Submission is restricted<\/div><\/div><\/div><div id=\"arf_message_success_popup\" style=\"display:none;\"><div class=\"msg-detail\"><div class=\"msg-description-success\">The form has been submitted successfully. Thank you!<\/div><\/div><\/div><form enctype=\"multipart\/form-data\" method=\"post\" class=\"arfshowmainform  \" style=\"\" data-form-id=\"form_hcyngt\"  novalidate=\"\" data-id=\"29267\"  data-random-id=\"107_Si2vhf5knW\"  data-submission-key=\"TP7dnk3u\"  data-key-validate=\"false\"  data-popup-id=\"\"><input type='text' name='arf_filter_input' data-jqvalidate='false' data-random-key='107_Si2vhf5knW' value='' style='opacity:0 !important;display:none !important;visibility:hidden !important;' \/><input type='hidden' id='arf_ajax_url' value='https:\/\/juanfe.juanfe.org\/wp-admin\/admin-ajax.php' \/><input type=\"hidden\" data-jqvalidate=\"false\" class=\"kpress\" value=\"\" \/><input type=\"hidden\" data-jqvalidate=\"false\" class=\"stime\" value=\"1777751583\" \/><input type=\"hidden\" data-jqvalidate=\"false\" data-id=\"nonce_start_time\" class=\"nonce_start_time\" value=\"form_filter_st\" \/><input type=\"hidden\" data-jqvalidate=\"false\" data-id=\"nonce_keyboard_press\" class=\"nonce_keyboard_press\" value=\"form_filter_kp\" \/><input type=\"hidden\" data-jqvalidate=\"false\" data-id=\"arm_nonce_check\" name=\"arm_nonce_check\" value=\"5e2a0efc2d\" \/><input type=\"hidden\" data-jqvalidate=\"false\" name=\"arf_redirect_url_to\" id=\"arf_redirect_url_to\" value=\"same_tab\" \/><input type=\"hidden\" data-jqvalidate=\"false\" name=\"arf_browser_name\" data-id=\"arf_browser_name\" data-version=\"unknown\" value=\"Unknown\" \/><input type=\"hidden\" data-jqvalidate=\"false\" name=\"arforms_nonce\" id=\"arforms_nonce\" value=\"baf2e2e9ba\" \/><input type=\"hidden\" data-jqvalidate=\"false\" name=\"arf_file_token_107\" id=\"arf_file_token_107\" value=\"EmdHg5pl6V\" \/><input type=\"hidden\" data-jqvalidate=\"false\" name=\"upload_field_id_107_29267\" id=\"upload_field_id_107_29267\" value=\"\" \/><input type=\"hidden\" data-jqvalidate=\"false\" name=\"arfdecimal_separator\" data-id=\"arfdecimal_separator\" value=\".\" \/><input type=\"hidden\" data-jqvalidate=\"false\" name=\"arfform_date_formate_107\" data-id=\"arfform_date_formate_107\" value=\"MMM D, YYYY\" \/><input type=\"hidden\" data-jqvalidate=\"false\" name=\"form_key_107\" data-id=\"form_key_107\" value=\"hcyngt\" \/><input type=\"hidden\" data-jqvalidate=\"false\" name=\"arf_success_message_show_time_107\" data-id=\"arf_success_message_show_time_107\" value=\"3\" \/><input type=\"hidden\" data-jqvalidate=\"false\" name=\"arf_form_hide_after_submit_107\" data-id=\"arf_form_hide_after_submit_107\" value=\"\" \/><input type=\"hidden\" data-jqvalidate=\"false\" name=\"is_form_preview_107\" data-id=\"is_form_preview_107\" value=\"\" \/><input type=\"hidden\" data-jqvalidate=\"false\" name=\"arf_validate_outside_107\" data-id=\"arf_validate_outside_107\" data-validate=\"0\" value=\"0\" \/><input type=\"hidden\" data-jqvalidate=\"false\" name=\"arf_is_validate_outside_107\" data-id=\"arf_is_validate_outside_107\" data-validate=\"0\" value=\"0\" \/><input type=\"hidden\" data-jqvalidate=\"false\" name=\"arf_is_resetform_aftersubmit_107\" data-id=\"arf_is_resetform_aftersubmit_107\" value=\"1\" \/><input type=\"hidden\" data-jqvalidate=\"false\" name=\"arf_is_resetform_outside_107\" data-id=\"arf_is_resetform_outside_107\" value=\"0\" \/><input type=\"hidden\" data-jqvalidate=\"false\" name=\"arf_form_enable_cookie_107\" data-id=\"arf_form_enable_cookie_107\" value=\"\" \/><input type=\"hidden\" data-jqvalidate=\"false\" name=\"arf_tooltip_settings_107\" data-id=\"arf_tooltip_settings_107\" class=\"arf_front_tooltip_settings\" data-form-id=\"107\" data-color=\"#FFFFFF\" data-position=\"top\" data-width=\"\" data-bg-color=\"#000000\" \/><input type=\"hidden\" data-jqvalidate=\"false\" name=\"form_tooltip_error_107\" data-id=\"form_tooltip_error_107\" data-color=\"\" data-position=\"bottom\" value=\"advance\" \/><input type=\"text\" data-jqvalidate=\"false\" name=\"fake_text\" data-id=\"fake_text\" value=\"\" style=\"height:0 !important; margin:0 !important; opacity: 0 !important; filter:alpha(opacity=0); padding:0 !important; width:0 !important; float:left;\" \/><input type=\"hidden\" data-jqvalidate=\"false\" name=\"arfaction\" value=\"create\" \/><input type=\"hidden\" data-jqvalidate=\"false\" name=\"form_id\" data-id=\"form_id\" value=\"107\" \/><input type=\"hidden\" data-jqvalidate=\"false\" name=\"form_data_id\" data-id=\"form_data_id\" value=\"29267\" \/><input type=\"hidden\" data-jqvalidate=\"false\" name=\"form_key\" data-id=\"form_key\" value=\"hcyngt\" \/><input type=\"hidden\" data-jqvalidate=\"false\" name=\"is_load_js_and_css_in_all_pages\" data-id=\"is_load_js_and_css_in_all_pages\" value=\"0\" \/><input type=\"hidden\" data-jqvalidate=\"false\" name=\"arf_ajax_url\" value=\"https:\/\/juanfe.juanfe.org\/wp-admin\/admin-ajax.php\" \/><input type=\"hidden\" data-jqvalidate=\"false\" name=\"form_display_type\" data-id=\"form_display_type\" value=\"0|https:\/\/juanfe.juanfe.org\/en\/celebration-of-an-event\/\" \/><input type=\"hidden\" data-jqvalidate=\"false\" name=\"form_submit_type\" data-id=\"form_submit_type\" value=\"1\" \/><input type=\"hidden\" data-jqvalidate=\"false\" name=\"arf_http_referrer_url\" data-id=\"arf_http_referrer_url\" value=\"\" \/><input type=\"hidden\" data-jqvalidate=\"false\" name=\"entry_key\" value=\"\" \/><input type=\"hidden\" data-jqvalidate=\"false\" name=\"arf_skip_captcha\" data-id=\"arf_skip_captcha\" value=\"\" \/><input type='hidden' id='arf_pb_field_animation_duration_front_107' name='arf_pb_field_animation_duration_front_107' value='' \/><input type='hidden' id='arf_pb_field_animation_delay_front_107' name='arf_pb_field_animation_delay_front_107' value='' \/><input type='hidden' id='arf_pb_field_animation_inherit_107' name='arf_pb_field_animation_inherit_107' value='0' \/><input type='hidden' id='arf_field_animation_style_front_107' name='arf_field_animation_style_front_107' value='' \/><input type='hidden' id='arf_field_animation_duration_front_107' name='arf_field_animation_duration_front_107' value='' \/><input type='hidden' id='arf_field_animation_delay_front_107' name='arf_field_animation_delay_front_107' value='' \/><div class=\"allfields\"  style=\"visibility:hidden;height:0;\"><div class=\"arf_fieldset arf_rounded_form\" id=\"arf_fieldset_29267\"><div id=\"page_0\" class=\"page_break\"><div id=\"arf_field_150_29267_container\" class=\"arfformfield control-group arfmainformfield  arffieldrequired arf_field_type_text  top_container none_container top_container arfformfield   arf_field_150\"  style='width: 100%' data-field-type=\"text\" data-parent_field=\"0\" ><label data-type=\"text\" for=\"field_tkt5ec_29267\" class=\"arf_main_label arf_main_label_16px\">Name<span class=\"arfcheckrequiredfield\">*<\/span><\/label><div class=\"controls\"   ><input   type=\"text\" id=\"field_tkt5ec_29267\"  name=\"item_meta[150]\"  class=\" arf_required \" placeholder=\"Name\"  data-validation-required-message=\"This field can not be blank.\"   \/><\/div><\/div><div style=\"clear:both;\"><\/div><div id=\"arf_field_151_29267_container\" class=\"arfformfield control-group arfmainformfield  arffieldrequired arf_field_type_email  top_container none_container   top_container arfformfield  arf_field_151\"  style='width: 100%'  data-field-type=\"email\" data-parent_field=\"0\"><label data-type=\"email\" for=\"field_4l51h1_29267\" class=\"arf_main_label arf_main_label_16px\">Email<span class=\"arfcheckrequiredfield\">*<\/span><\/label><div class=\"controls\"   ><input type=\"text\" id=\"field_4l51h1_29267\" name=\"item_meta[151]\"  placeholder=\"Email\"  class=\" arf_required \" data-validation-required-message=\"This field can not be blank.\"  data-validation-regex-regex=\"[A-Za-z0-9._%+-]+@[A-Za-z0-9.-]+\\.[A-Za-z]+\" data-validation-regex-message=\"the email is invalid\"  \/><\/div><\/div><div style=\"clear:both;\"><\/div><div id=\"arf_field_152_29267_container\" class=\"arfformfield control-group arfmainformfield  arffieldrequired arf_field_type_text  top_container none_container top_container arfformfield   arf_field_152\"  style='width: 100%' data-field-type=\"text\" data-parent_field=\"0\" ><label data-type=\"text\" for=\"field_c79mi7_29267\" class=\"arf_main_label arf_main_label_16px\">Phone<span class=\"arfcheckrequiredfield\">*<\/span><\/label><div class=\"controls\"   ><input   type=\"text\" id=\"field_c79mi7_29267\"  name=\"item_meta[152]\"  class=\" arf_required \" placeholder=\"Phone\"  data-validation-required-message=\"This field can not be blank.\"   \/><\/div><\/div><div style=\"clear:both;\"><\/div><div id=\"arf_field_153_29267_container\" class=\"arfformfield control-group arfmainformfield  arf_field_type_textarea  top_container none_container top_container arfformfield   arf_field_153\"  style='width: 100%'  data-field-type=\"textarea\" data-parent_field=\"0\"><label data-type=\"textarea\" for=\"field_goau55_29267\" class=\"arf_main_label arf_main_label_16px\">Multiline<\/label><div class=\"controls\"   ><textarea name=\"item_meta[153]\" id=\"field_goau55_29267\"  rows=\"3\"  placeholder=\"Message\"  ><\/textarea><\/div><\/div><div style=\"clear:both;\"><\/div><div style=\"clear:both;height:1px;\">&nbsp;<\/div><\/div><!-- page_break && page_0--><div class=\"arfsubmitbutton top_container\" ><div class=\"arf_submit_div  top_container\"><input type=\"hidden\" data-jqvalidate=\"false\" value=\"1\" name=\"is_submit_form_107\" data-id=\"is_submit_form_107\" \/><input type=\"hidden\" data-jqvalidate=\"false\" value=\"0\" data-val=\"0\" data-max=\"0\" name=\"submit_form_107\" data-id=\"submit_form_107\" \/><button class=\"arf_submit_btn  arf_submit_btn_flat   btn-info arfstyle-button  unknown\"  id=\"arf_submit_btn_29267\" name=\"arf_submit_btn_29267\" data-style=\"zoom-in\"  ><span class=\"arfsubmitloader\"><\/span><span class=\"arfstyle-label\">SUBMIT<\/span><\/button><\/div><\/div><div style=\"clear:both\"><\/div><div id=\"brand-div\" class=\"brand-div top_container\" style=\"margin-top:30px; font-size:12px !important; color: #444444 !important; display:block !important; visibility: visible !important;\">Powered by&#32;<a href=\"https:\/\/codecanyon.net\/item\/arforms-exclusive-wordpress-form-builder-plugin\/6023165?ref=reputeinfosystems\" target=\"_blank\" style=\"color:#0066cc !important; font-size:12px !important; display:inline !important; visibility:visible !important;\">ARForms<\/a><span style=\"color:#FF0000 !important; font-size:12px !important; display:inline !important; visibility: visible !important;\">&nbsp;&nbsp;(Unlicensed)<\/span><\/div><\/div><!-- arf_fieldset --><\/div><!-- allfields --><\/form><script type='text\/javascript' data-cfasync='false'>if(!window['arf_conditional_logic']){window['arf_conditional_logic'] = new Array();}window['arf_conditional_logic'][29267] = {\"logic\":[],\"dependents\":[],\"defaults\":[]};if(!window['arf_pages_fields']){window['arf_pages_fields'] = new Array();}window['arf_pages_fields'][29267] = [{\"field_id\":\"150\",\"field_key\":\"tkt5ec\",\"default_value\":\"\",\"field_type\":\"text\",\"page_no\":0,\"heading_id\":0,\"repeater_id\":0},{\"field_id\":\"151\",\"field_key\":\"4l51h1\",\"default_value\":\"\",\"field_type\":\"email\",\"page_no\":0,\"heading_id\":0,\"repeater_id\":0},{\"field_id\":\"152\",\"field_key\":\"c79mi7\",\"default_value\":\"\",\"field_type\":\"text\",\"page_no\":0,\"heading_id\":0,\"repeater_id\":0},{\"field_id\":\"153\",\"field_key\":\"goau55\",\"default_value\":\"\",\"field_type\":\"textarea\",\"page_no\":0,\"heading_id\":0,\"repeater_id\":0}];<\/script><\/div><!--arf_form_outer_wrapper --><div class=\"brand-div\"><\/div><div class=\"\"><input type=\"hidden\" data-jqvalidate=\"false\" name=\"form_id\" data-id=\"form_id\" value=\"107\" \/><input type=\"hidden\" data-jqvalidate=\"false\" name=\"arfmainformurl\" data-id=\"arfmainformurl\" value=\"https:\/\/juanfe.juanfe.org\/wp-content\/plugins\/arforms\" \/><\/div>[\/vc_column_inner][\/vc_row_inner][vc_row_inner][vc_column_inner width=&#8221;1\/3&#8243;][\/vc_column_inner][vc_column_inner width=&#8221;1\/3&#8243;][vc_column_text]<\/p>\n<p style=\"text-align: right;\"><a class=\"myButtongreen\" href=\"https:\/\/juanfe.juanfe.org\/en\/join-up\/#join\"><i class=\"icon-reply\" style=\"\" aria-hidden=\"true\"><\/i> Go back<\/a><\/p>\n<p>[\/vc_column_text][\/vc_column_inner][vc_column_inner width=&#8221;1\/3&#8243;][\/vc_column_inner][\/vc_row_inner][\/vc_column][\/vc_row][vc_row][vc_column]<div class=\"ult-spacer spacer-69f61bd6b8dee\" data-id=\"69f61bd6b8dee\" data-height=\"10\" data-height-mobile=\"10\" data-height-tab=\"10\" data-height-tab-portrait=\"\" data-height-mobile-landscape=\"\" style=\"clear:both;display:block;\"><\/div>[\/vc_column][\/vc_row]<\/p>\n<\/div>","protected":false},"excerpt":{"rendered":"<p>[vc_row full_width=&#8221;stretch_row_content_no_spaces&#8221;][vc_column][vc_column_text css=&#8221;.vc_custom_1575900812878{margin-top: 20px !important;}&#8221;] CELEBRATION OF AN EVENT [\/vc_column_text][vc_row_inner][vc_column_inner width=&#8221;1\/3&#8243;][\/vc_column_inner][vc_column_inner width=&#8221;1\/3&#8243;][vc_column_text css=&#8221;.vc_custom_1657816490460{padding-right: 30px !important;padding-left: 30px !important;}&#8221;] Celebrate your birthday, wedding, or any special occasion, by asking your family and<span class=\"excerpt-hellip\"> [\u2026]<\/span><\/p>\n","protected":false},"author":1,"featured_media":0,"parent":0,"menu_order":0,"comment_status":"closed","ping_status":"closed","template":"","meta":{"footnotes":""},"categories":[],"tags":[],"class_list":["post-258","page","type-page","status-publish","hentry"],"yoast_head":"<!-- This site is optimized with the Yoast SEO plugin v23.2 - https:\/\/yoast.com\/wordpress\/plugins\/seo\/ -->\n<title>Fundaci\u00f3n Juanfe | Celebration of an Event<\/title>\n<meta name=\"robots\" content=\"index, follow, max-snippet:-1, max-image-preview:large, max-video-preview:-1\" \/>\n<link rel=\"canonical\" href=\"https:\/\/juanfe.juanfe.org\/celebracion-de-un-evento\/\" \/>\n<meta property=\"og:locale\" content=\"en_US\" \/>\n<meta property=\"og:type\" content=\"article\" \/>\n<meta property=\"og:title\" content=\"Fundaci\u00f3n Juanfe | Celebration of an Event\" \/>\n<meta property=\"og:description\" content=\"[vc_row full_width=&#8221;stretch_row_content_no_spaces&#8221;][vc_column][vc_column_text css=&#8221;.vc_custom_1575900812878{margin-top: 20px !important;}&#8221;] CELEBRATION OF AN EVENT [\/vc_column_text][vc_row_inner][vc_column_inner width=&#8221;1\/3&#8243;][\/vc_column_inner][vc_column_inner width=&#8221;1\/3&#8243;][vc_column_text css=&#8221;.vc_custom_1657816490460{padding-right: 30px !important;padding-left: 30px !important;}&#8221;] Celebrate your birthday, wedding, or any special occasion, by asking your family and [\u2026]\" \/>\n<meta property=\"og:url\" content=\"https:\/\/juanfe.juanfe.org\/celebracion-de-un-evento\/\" \/>\n<meta property=\"og:site_name\" content=\"Fundaci\u00f3n Juanfe\" \/>\n<meta property=\"article:modified_time\" content=\"2024-04-10T13:48:31+00:00\" \/>\n<meta name=\"twitter:card\" content=\"summary_large_image\" \/>\n<meta name=\"twitter:label1\" content=\"Est. reading time\" \/>\n\t<meta name=\"twitter:data1\" content=\"1 minute\" \/>\n<script type=\"application\/ld+json\" class=\"yoast-schema-graph\">{\"@context\":\"https:\/\/schema.org\",\"@graph\":[{\"@type\":\"WebPage\",\"@id\":\"https:\/\/juanfe.juanfe.org\/celebracion-de-un-evento\/\",\"url\":\"https:\/\/juanfe.juanfe.org\/celebracion-de-un-evento\/\",\"name\":\"Fundaci\u00f3n Juanfe | Celebration of an Event\",\"isPartOf\":{\"@id\":\"https:\/\/juanfe.juanfe.org\/en\/#website\"},\"datePublished\":\"2019-10-29T19:27:53+00:00\",\"dateModified\":\"2024-04-10T13:48:31+00:00\",\"breadcrumb\":{\"@id\":\"https:\/\/juanfe.juanfe.org\/celebracion-de-un-evento\/#breadcrumb\"},\"inLanguage\":\"en-US\",\"potentialAction\":[{\"@type\":\"ReadAction\",\"target\":[\"https:\/\/juanfe.juanfe.org\/celebracion-de-un-evento\/\"]}]},{\"@type\":\"BreadcrumbList\",\"@id\":\"https:\/\/juanfe.juanfe.org\/celebracion-de-un-evento\/#breadcrumb\",\"itemListElement\":[{\"@type\":\"ListItem\",\"position\":1,\"name\":\"Portada\",\"item\":\"https:\/\/juanfe.juanfe.org\/en\/\"},{\"@type\":\"ListItem\",\"position\":2,\"name\":\"Celebration of an Event\"}]},{\"@type\":\"WebSite\",\"@id\":\"https:\/\/juanfe.juanfe.org\/en\/#website\",\"url\":\"https:\/\/juanfe.juanfe.org\/en\/\",\"name\":\"Fundaci\u00f3n Juanfe\",\"description\":\"En la Fundaci\u00f3n Juanfe, sabemos que invertir en las mujeres es la clave para erradicar la pobreza y avanzar en la equidad de g\u00e9nero.\",\"publisher\":{\"@id\":\"https:\/\/juanfe.juanfe.org\/en\/#organization\"},\"potentialAction\":[{\"@type\":\"SearchAction\",\"target\":{\"@type\":\"EntryPoint\",\"urlTemplate\":\"https:\/\/juanfe.juanfe.org\/en\/?s={search_term_string}\"},\"query-input\":\"required name=search_term_string\"}],\"inLanguage\":\"en-US\"},{\"@type\":\"Organization\",\"@id\":\"https:\/\/juanfe.juanfe.org\/en\/#organization\",\"name\":\"Fundaci\u00f3n Juanfe\",\"url\":\"https:\/\/juanfe.juanfe.org\/en\/\",\"logo\":{\"@type\":\"ImageObject\",\"inLanguage\":\"en-US\",\"@id\":\"https:\/\/juanfe.juanfe.org\/en\/#\/schema\/logo\/image\/\",\"url\":\"https:\/\/juanfe.juanfe.org\/wp-content\/uploads\/2019\/11\/logo_Fundacion_JuanFe_Colombia.png\",\"contentUrl\":\"https:\/\/juanfe.juanfe.org\/wp-content\/uploads\/2019\/11\/logo_Fundacion_JuanFe_Colombia.png\",\"width\":251,\"height\":75,\"caption\":\"Fundaci\u00f3n Juanfe\"},\"image\":{\"@id\":\"https:\/\/juanfe.juanfe.org\/en\/#\/schema\/logo\/image\/\"}}]}<\/script>\n<!-- \/ Yoast SEO plugin. -->","yoast_head_json":{"title":"Fundaci\u00f3n Juanfe | Celebration of an Event","robots":{"index":"index","follow":"follow","max-snippet":"max-snippet:-1","max-image-preview":"max-image-preview:large","max-video-preview":"max-video-preview:-1"},"canonical":"https:\/\/juanfe.juanfe.org\/celebracion-de-un-evento\/","og_locale":"en_US","og_type":"article","og_title":"Fundaci\u00f3n Juanfe | Celebration of an Event","og_description":"[vc_row full_width=&#8221;stretch_row_content_no_spaces&#8221;][vc_column][vc_column_text css=&#8221;.vc_custom_1575900812878{margin-top: 20px !important;}&#8221;] CELEBRATION OF AN EVENT [\/vc_column_text][vc_row_inner][vc_column_inner width=&#8221;1\/3&#8243;][\/vc_column_inner][vc_column_inner width=&#8221;1\/3&#8243;][vc_column_text css=&#8221;.vc_custom_1657816490460{padding-right: 30px !important;padding-left: 30px !important;}&#8221;] Celebrate your birthday, wedding, or any special occasion, by asking your family and [\u2026]","og_url":"https:\/\/juanfe.juanfe.org\/celebracion-de-un-evento\/","og_site_name":"Fundaci\u00f3n Juanfe","article_modified_time":"2024-04-10T13:48:31+00:00","twitter_card":"summary_large_image","twitter_misc":{"Est. reading time":"1 minute"},"schema":{"@context":"https:\/\/schema.org","@graph":[{"@type":"WebPage","@id":"https:\/\/juanfe.juanfe.org\/celebracion-de-un-evento\/","url":"https:\/\/juanfe.juanfe.org\/celebracion-de-un-evento\/","name":"Fundaci\u00f3n Juanfe | Celebration of an Event","isPartOf":{"@id":"https:\/\/juanfe.juanfe.org\/en\/#website"},"datePublished":"2019-10-29T19:27:53+00:00","dateModified":"2024-04-10T13:48:31+00:00","breadcrumb":{"@id":"https:\/\/juanfe.juanfe.org\/celebracion-de-un-evento\/#breadcrumb"},"inLanguage":"en-US","potentialAction":[{"@type":"ReadAction","target":["https:\/\/juanfe.juanfe.org\/celebracion-de-un-evento\/"]}]},{"@type":"BreadcrumbList","@id":"https:\/\/juanfe.juanfe.org\/celebracion-de-un-evento\/#breadcrumb","itemListElement":[{"@type":"ListItem","position":1,"name":"Portada","item":"https:\/\/juanfe.juanfe.org\/en\/"},{"@type":"ListItem","position":2,"name":"Celebration of an Event"}]},{"@type":"WebSite","@id":"https:\/\/juanfe.juanfe.org\/en\/#website","url":"https:\/\/juanfe.juanfe.org\/en\/","name":"Fundaci\u00f3n Juanfe","description":"En la Fundaci\u00f3n Juanfe, sabemos que invertir en las mujeres es la clave para erradicar la pobreza y avanzar en la equidad de g\u00e9nero.","publisher":{"@id":"https:\/\/juanfe.juanfe.org\/en\/#organization"},"potentialAction":[{"@type":"SearchAction","target":{"@type":"EntryPoint","urlTemplate":"https:\/\/juanfe.juanfe.org\/en\/?s={search_term_string}"},"query-input":"required name=search_term_string"}],"inLanguage":"en-US"},{"@type":"Organization","@id":"https:\/\/juanfe.juanfe.org\/en\/#organization","name":"Fundaci\u00f3n Juanfe","url":"https:\/\/juanfe.juanfe.org\/en\/","logo":{"@type":"ImageObject","inLanguage":"en-US","@id":"https:\/\/juanfe.juanfe.org\/en\/#\/schema\/logo\/image\/","url":"https:\/\/juanfe.juanfe.org\/wp-content\/uploads\/2019\/11\/logo_Fundacion_JuanFe_Colombia.png","contentUrl":"https:\/\/juanfe.juanfe.org\/wp-content\/uploads\/2019\/11\/logo_Fundacion_JuanFe_Colombia.png","width":251,"height":75,"caption":"Fundaci\u00f3n Juanfe"},"image":{"@id":"https:\/\/juanfe.juanfe.org\/en\/#\/schema\/logo\/image\/"}}]}},"_links":{"self":[{"href":"https:\/\/juanfe.juanfe.org\/en\/wp-json\/wp\/v2\/pages\/258","targetHints":{"allow":["GET"]}}],"collection":[{"href":"https:\/\/juanfe.juanfe.org\/en\/wp-json\/wp\/v2\/pages"}],"about":[{"href":"https:\/\/juanfe.juanfe.org\/en\/wp-json\/wp\/v2\/types\/page"}],"author":[{"embeddable":true,"href":"https:\/\/juanfe.juanfe.org\/en\/wp-json\/wp\/v2\/users\/1"}],"replies":[{"embeddable":true,"href":"https:\/\/juanfe.juanfe.org\/en\/wp-json\/wp\/v2\/comments?post=258"}],"version-history":[{"count":7,"href":"https:\/\/juanfe.juanfe.org\/en\/wp-json\/wp\/v2\/pages\/258\/revisions"}],"predecessor-version":[{"id":4364,"href":"https:\/\/juanfe.juanfe.org\/en\/wp-json\/wp\/v2\/pages\/258\/revisions\/4364"}],"wp:attachment":[{"href":"https:\/\/juanfe.juanfe.org\/en\/wp-json\/wp\/v2\/media?parent=258"}],"wp:term":[{"taxonomy":"category","embeddable":true,"href":"https:\/\/juanfe.juanfe.org\/en\/wp-json\/wp\/v2\/categories?post=258"},{"taxonomy":"post_tag","embeddable":true,"href":"https:\/\/juanfe.juanfe.org\/en\/wp-json\/wp\/v2\/tags?post=258"}],"curies":[{"name":"wp","href":"https:\/\/api.w.org\/{rel}","templated":true}]}}