{"id":260,"date":"2019-10-28T15:32:30","date_gmt":"2019-10-28T15:32:30","guid":{"rendered":"https:\/\/70.39.251.12\/ciudad-de-panama\/"},"modified":"2024-05-24T10:18:41","modified_gmt":"2024-05-24T17:18:41","slug":"panama-city","status":"publish","type":"page","link":"https:\/\/juanfe.juanfe.org\/en\/panama-city\/","title":{"rendered":"Panama City"},"content":{"rendered":"<div class=\"wpb-content-wrapper\"><p>[vc_row full_width=&#8221;stretch_row_content_no_spaces&#8221; css=&#8221;.vc_custom_1571711456091{background-color: #dedede !important;}&#8221;][vc_column][vc_column_text]<\/p>\n<h2 style=\"text-align: center;\"><a href=\"https:\/\/juanfe.juanfe.org\/en\/where-we-work\/#universal\"><span style=\"color: #78bf00;\"><strong>WHERE WE WORK<\/strong><\/span><\/a><\/h2>\n<p>[\/vc_column_text][\/vc_column][\/vc_row][vc_row full_width=&#8221;stretch_row_content_no_spaces&#8221; css=&#8221;.vc_custom_1572018857458{margin-top: 0px !important;margin-right: 0px !important;margin-bottom: 0px !important;margin-left: 0px !important;padding-top: 0px !important;padding-right: 0px !important;padding-bottom: 0px !important;padding-left: 0px !important;background-color: #78c600 !important;}&#8221;][vc_column css=&#8221;.vc_custom_1572018850926{margin: 0px !important;padding: 0px !important;border: 0px initial !important;}&#8221;][vc_row_inner css=&#8221;.vc_custom_1572274749652{margin: 0px !important;padding: 0px !important;}&#8221;][vc_column_inner css=&#8221;.vc_custom_1572018753636{margin: 0px !important;padding: 0px !important;}&#8221;][vc_column_text css=&#8221;.vc_custom_1603804978842{margin-top: 0px !important;margin-right: 0px !important;margin-bottom: 0px !important;margin-left: 0px !important;padding-top: 10px !important;padding-right: 0px !important;padding-bottom: 0px !important;padding-left: 0px !important;}&#8221;]<\/p>\n<ul class=\"main-menu-green-second\">\n<li><a href=\"https:\/\/juanfe.juanfe.org\/en\/cartagena\/\">CARTAGENA<\/a><\/li>\n<li><a href=\"https:\/\/juanfe.juanfe.org\/en\/medellin\/\">MEDELL\u00cdN<\/a><\/li>\n<li><a class=\"active\" href=\"https:\/\/juanfe.juanfe.org\/en\/panama-city\/\">PANAMA CITY<\/a><\/li>\n<li><a href=\"https:\/\/juanfe.juanfe.org\/en\/santiago-of-chile\/\">SANTIAGO DE CHILE<\/a><\/li>\n<li><a href=\"https:\/\/juanfe.juanfe.org\/en\/ee.uu\/\">USA<\/a><\/li>\n<li><a href=\"https:\/\/juanfe.juanfe.org\/en\/spain\/\">SPAIN<\/a><\/li>\n<\/ul>\n<p>[\/vc_column_text][\/vc_column_inner][\/vc_row_inner][\/vc_column][\/vc_row][vc_row][vc_column offset=&#8221;vc_hidden-sm vc_hidden-xs&#8221;][vc_row_inner][vc_column_inner width=&#8221;1\/2&#8243;][vc_column_text css=&#8221;.vc_custom_1603804584281{padding-top: 40px !important;padding-right: 70px !important;padding-left: 60px !important;}&#8221;]<\/p>\n<h1 style=\"text-align: center;\"><span style=\"color: #003300; font-size: 28px;\"><img decoding=\"async\" class=\"alignnone wp-image-338\" src=\"https:\/\/juanfe.juanfe.org\/wp-content\/uploads\/2019\/11\/icon-location.png\" alt=\"\" width=\"36\" height=\"46\" srcset=\"https:\/\/juanfe.juanfe.org\/wp-content\/uploads\/2019\/11\/icon-location.png 91w, https:\/\/juanfe.juanfe.org\/wp-content\/uploads\/2019\/11\/icon-location-39x50.png 39w, https:\/\/juanfe.juanfe.org\/wp-content\/uploads\/2019\/11\/icon-location-58x75.png 58w, https:\/\/juanfe.juanfe.org\/wp-content\/uploads\/2019\/11\/icon-location-16x20.png 16w\" sizes=\"(max-width:767px) 36px, 36px\" \/><br \/>\n<\/span><span style=\"color: #003300; font-size: 28px;\">Panama City<\/span><\/h1>\n<p>In 2015, the <strong><span style=\"color: #033300;\">Voces Vitales Foundation<\/span>\u00a0<\/strong>opened the doors of <strong><span style=\"color: #033300;\">Las Claras Center<\/span>\u00a0<\/strong>in Panama City, in the community of Felipillo. Our 360 Degrees Model was adapted to the local context to address the problem of teenage pregnancy in the country.<\/p>\n<ul>\n<li><strong><em>20%\u00a0<\/em><\/strong>of the population lives below the poverty line.<\/li>\n<li><strong><em>1 of every 5\u00a0<\/em><\/strong>live births is to an adolescent.<\/li>\n<li>Every\u00a0<strong><em>43 minutes<\/em><\/strong>, a teenager becomes pregnant. A significant percentage of those cases correspond to sexual abuse, early or forced illegal unions, or ignorance.<\/li>\n<li>Teenage pregnancies represent <strong><em>36%\u00a0<\/em><\/strong>of pregnancies nationwide.<\/li>\n<li><strong><em>75%\u00a0<\/em><\/strong>of pregnant teenagers drop out of school.<\/li>\n<li><strong><em>1 in 5\u00a0<\/em><\/strong>woman has experienced violence.<\/li>\n<\/ul>\n<p><span style=\"color: #58595b; font-size: 12px;\"><em>Source: Voces Vitales Foundation.<\/em><\/span><\/p>\n<p>&nbsp;<\/p>\n<p>For more information about the Voces Vitales Foundation, please visit\u00a0<a href=\"https:\/\/www.vocesvitalespanama.org\/\">https:\/\/www.vocesvitalespanama.org\/<\/a>.[\/vc_column_text][\/vc_column_inner][vc_column_inner width=&#8221;1\/2&#8243;]<div class=\"ult-spacer spacer-69f61824284f6\" data-id=\"69f61824284f6\" data-height=\"140\" data-height-mobile=\"140\" data-height-tab=\"140\" data-height-tab-portrait=\"\" data-height-mobile-landscape=\"\" style=\"clear:both;display:block;\"><\/div>[vc_single_image image=&#8221;377&#8243; img_size=&#8221;full&#8221; css=&#8221;.vc_custom_1573751203918{margin-left: -72px !important;}&#8221;][\/vc_column_inner][\/vc_row_inner][\/vc_column][\/vc_row][vc_row][vc_column offset=&#8221;vc_hidden-lg vc_hidden-md&#8221;][vc_row_inner][vc_column_inner width=&#8221;1\/2&#8243;][vc_column_text css=&#8221;.vc_custom_1578416451411{padding-top: 40px !important;padding-right: 30px !important;padding-left: 30px !important;}&#8221;]<\/p>\n<h1 style=\"text-align: center;\"><span style=\"color: #003300; font-size: 28px;\"><img decoding=\"async\" class=\"alignnone wp-image-338\" src=\"https:\/\/juanfe.juanfe.org\/wp-content\/uploads\/2019\/11\/icon-location.png\" alt=\"\" width=\"36\" height=\"46\" srcset=\"https:\/\/juanfe.juanfe.org\/wp-content\/uploads\/2019\/11\/icon-location.png 91w, https:\/\/juanfe.juanfe.org\/wp-content\/uploads\/2019\/11\/icon-location-39x50.png 39w, https:\/\/juanfe.juanfe.org\/wp-content\/uploads\/2019\/11\/icon-location-58x75.png 58w, https:\/\/juanfe.juanfe.org\/wp-content\/uploads\/2019\/11\/icon-location-16x20.png 16w\" sizes=\"(max-width:767px) 36px, 36px\" \/><br \/>\n<\/span><span style=\"color: #003300; font-size: 28px;\">Panama City<\/span><\/h1>\n<p>In 2015, the Voces Vitales Foundation opened the doors of the Las Claras Center in Panama City, in the community of Felipillo. Our 360 Degree Model was adapted to the local context to address the problem of teenage pregnancy in the country.<\/p>\n<ul>\n<li>20% of the population lives below the poverty line.<\/li>\n<li>1 in 5 live births is the son of a girl or a teenager.<\/li>\n<li>Every 43 minutes, a teenager becomes pregnant. A significant percentage of cases, as a result of sexual abuse, early or forced illegal unions, or ignorance.<\/li>\n<li>Teen pregnancies represent 36% of pregnancies nationwide.<\/li>\n<li>75% of pregnant adolescents leave the school system.<\/li>\n<li>1 in 5 women have experienced violence.<\/li>\n<\/ul>\n<p><span style=\"color: #58595b; font-size: 12px;\"><em>Source: Voices Vital Foundation.<\/em><\/span><\/p>\n<p>For more information about the Las Claras Center, go to <a href=\"https:\/\/www.vocesvitalespanama.org\/\">https:\/\/www.vocesvitalespanama.org\/<\/a>.[\/vc_column_text][\/vc_column_inner][vc_column_inner width=&#8221;1\/2&#8243;][vc_single_image image=&#8221;375&#8243; img_size=&#8221;full&#8221; css=&#8221;.vc_custom_1573751212840{margin-left: -26px !important;}&#8221;][\/vc_column_inner][\/vc_row_inner][\/vc_column][\/vc_row][vc_row full_width=&#8221;stretch_row_content_no_spaces&#8221; bg_type=&#8221;image&#8221; parallax_style=&#8221;vcpb-vz-jquery&#8221; bg_image_new=&#8221;id^277|url^https:\/\/juanfe.juanfe.org\/wp-content\/uploads\/2019\/10\/tu-tambien-puedes-ayudar.jpg|caption^null|alt^null|title^tu-tambien-puedes-ayudar|description^null&#8221;][vc_column][vc_row_inner css=&#8221;.vc_custom_1571954023753{padding-top: 35px !important;}&#8221;][vc_column_inner][vc_column_text]<\/p>\n<h2 style=\"text-align: center; font-weight: 300; line-height: 0;\"><span style=\"color: #ffffff;\"><strong><img decoding=\"async\" class=\"alignnone wp-image-280\" src=\"https:\/\/juanfe.juanfe.org\/wp-content\/uploads\/2019\/10\/icon-apoyamos.png\" alt=\"\" width=\"100\" height=\"100\" \/><\/strong><\/span><\/h2>\n<p style=\"text-align: center; font-weight: 300; font-size: 18px; line-height: 3;\"><span style=\"color: #ffffff;\">We have transformed the reality of more than<\/span><\/p>\n<h2 style=\"text-align: center; font-weight: 300; font-size: 41px; line-height: 0;\"><span style=\"color: #ffffff;\"><strong>290.000 people<\/strong><\/span><\/h2>\n<p>[\/vc_column_text][vc_column_text]<\/p>\n<p style=\"text-align: center;\"><a class=\"myButton\" href=\"https:\/\/juanfe.juanfe.org\/en\/donacionesapp\/\">You can also help<\/a><\/p>\n<p>[\/vc_column_text][\/vc_column_inner][\/vc_row_inner][\/vc_column][\/vc_row]<\/p>\n<\/div>","protected":false},"excerpt":{"rendered":"<p>[vc_row full_width=&#8221;stretch_row_content_no_spaces&#8221; css=&#8221;.vc_custom_1571711456091{background-color: #dedede !important;}&#8221;][vc_column][vc_column_text] WHERE WE WORK [\/vc_column_text][\/vc_column][\/vc_row][vc_row full_width=&#8221;stretch_row_content_no_spaces&#8221; css=&#8221;.vc_custom_1572018857458{margin-top: 0px !important;margin-right: 0px !important;margin-bottom: 0px !important;margin-left: 0px !important;padding-top: 0px !important;padding-right: 0px !important;padding-bottom: 0px !important;padding-left: 0px !important;background-color: #78c600 !important;}&#8221;][vc_column css=&#8221;.vc_custom_1572018850926{margin:<span class=\"excerpt-hellip\"> [\u2026]<\/span><\/p>\n","protected":false},"author":1,"featured_media":0,"parent":0,"menu_order":0,"comment_status":"closed","ping_status":"closed","template":"","meta":{"footnotes":""},"categories":[],"tags":[],"class_list":["post-260","page","type-page","status-publish","hentry"],"yoast_head":"<!-- This site is optimized with the Yoast SEO plugin v23.2 - https:\/\/yoast.com\/wordpress\/plugins\/seo\/ -->\n<title>Fundaci\u00f3n Juanfe | Panama City<\/title>\n<meta name=\"robots\" content=\"index, follow, max-snippet:-1, max-image-preview:large, max-video-preview:-1\" \/>\n<link rel=\"canonical\" href=\"https:\/\/juanfe.juanfe.org\/en\/panama-city\/\" \/>\n<meta property=\"og:locale\" content=\"en_US\" \/>\n<meta property=\"og:type\" content=\"article\" \/>\n<meta property=\"og:title\" content=\"Fundaci\u00f3n Juanfe | Panama City\" \/>\n<meta property=\"og:description\" content=\"[vc_row full_width=&#8221;stretch_row_content_no_spaces&#8221; css=&#8221;.vc_custom_1571711456091{background-color: #dedede !important;}&#8221;][vc_column][vc_column_text] WHERE WE WORK [\/vc_column_text][\/vc_column][\/vc_row][vc_row full_width=&#8221;stretch_row_content_no_spaces&#8221; css=&#8221;.vc_custom_1572018857458{margin-top: 0px !important;margin-right: 0px !important;margin-bottom: 0px !important;margin-left: 0px !important;padding-top: 0px !important;padding-right: 0px !important;padding-bottom: 0px !important;padding-left: 0px !important;background-color: #78c600 !important;}&#8221;][vc_column css=&#8221;.vc_custom_1572018850926{margin: [\u2026]\" \/>\n<meta property=\"og:url\" content=\"https:\/\/juanfe.juanfe.org\/en\/panama-city\/\" \/>\n<meta property=\"og:site_name\" content=\"Fundaci\u00f3n Juanfe\" \/>\n<meta property=\"article:modified_time\" content=\"2024-05-24T17:18:41+00:00\" \/>\n<meta property=\"og:image\" content=\"https:\/\/juanfe.juanfe.org\/wp-content\/uploads\/2019\/11\/icon-location.png\" \/>\n<meta name=\"twitter:card\" content=\"summary_large_image\" \/>\n<meta name=\"twitter:label1\" content=\"Est. reading time\" \/>\n\t<meta name=\"twitter:data1\" content=\"3 minutes\" \/>\n<script type=\"application\/ld+json\" class=\"yoast-schema-graph\">{\"@context\":\"https:\/\/schema.org\",\"@graph\":[{\"@type\":\"WebPage\",\"@id\":\"https:\/\/juanfe.juanfe.org\/en\/panama-city\/\",\"url\":\"https:\/\/juanfe.juanfe.org\/en\/panama-city\/\",\"name\":\"Fundaci\u00f3n Juanfe | Panama City\",\"isPartOf\":{\"@id\":\"https:\/\/juanfe.juanfe.org\/en\/#website\"},\"primaryImageOfPage\":{\"@id\":\"https:\/\/juanfe.juanfe.org\/en\/panama-city\/#primaryimage\"},\"image\":{\"@id\":\"https:\/\/juanfe.juanfe.org\/en\/panama-city\/#primaryimage\"},\"thumbnailUrl\":\"https:\/\/juanfe.juanfe.org\/wp-content\/uploads\/2019\/11\/icon-location.png\",\"datePublished\":\"2019-10-28T15:32:30+00:00\",\"dateModified\":\"2024-05-24T17:18:41+00:00\",\"breadcrumb\":{\"@id\":\"https:\/\/juanfe.juanfe.org\/en\/panama-city\/#breadcrumb\"},\"inLanguage\":\"en-US\",\"potentialAction\":[{\"@type\":\"ReadAction\",\"target\":[\"https:\/\/juanfe.juanfe.org\/en\/panama-city\/\"]}]},{\"@type\":\"ImageObject\",\"inLanguage\":\"en-US\",\"@id\":\"https:\/\/juanfe.juanfe.org\/en\/panama-city\/#primaryimage\",\"url\":\"https:\/\/juanfe.juanfe.org\/wp-content\/uploads\/2019\/11\/icon-location.png\",\"contentUrl\":\"https:\/\/juanfe.juanfe.org\/wp-content\/uploads\/2019\/11\/icon-location.png\"},{\"@type\":\"BreadcrumbList\",\"@id\":\"https:\/\/juanfe.juanfe.org\/en\/panama-city\/#breadcrumb\",\"itemListElement\":[{\"@type\":\"ListItem\",\"position\":1,\"name\":\"Portada\",\"item\":\"https:\/\/juanfe.juanfe.org\/en\/\"},{\"@type\":\"ListItem\",\"position\":2,\"name\":\"Panama City\"}]},{\"@type\":\"WebSite\",\"@id\":\"https:\/\/juanfe.juanfe.org\/en\/#website\",\"url\":\"https:\/\/juanfe.juanfe.org\/en\/\",\"name\":\"Fundaci\u00f3n Juanfe\",\"description\":\"En la Fundaci\u00f3n Juanfe, sabemos que invertir en las mujeres es la clave para erradicar la pobreza y avanzar en la equidad de g\u00e9nero.\",\"publisher\":{\"@id\":\"https:\/\/juanfe.juanfe.org\/en\/#organization\"},\"potentialAction\":[{\"@type\":\"SearchAction\",\"target\":{\"@type\":\"EntryPoint\",\"urlTemplate\":\"https:\/\/juanfe.juanfe.org\/en\/?s={search_term_string}\"},\"query-input\":\"required name=search_term_string\"}],\"inLanguage\":\"en-US\"},{\"@type\":\"Organization\",\"@id\":\"https:\/\/juanfe.juanfe.org\/en\/#organization\",\"name\":\"Fundaci\u00f3n Juanfe\",\"url\":\"https:\/\/juanfe.juanfe.org\/en\/\",\"logo\":{\"@type\":\"ImageObject\",\"inLanguage\":\"en-US\",\"@id\":\"https:\/\/juanfe.juanfe.org\/en\/#\/schema\/logo\/image\/\",\"url\":\"https:\/\/juanfe.juanfe.org\/wp-content\/uploads\/2019\/11\/logo_Fundacion_JuanFe_Colombia.png\",\"contentUrl\":\"https:\/\/juanfe.juanfe.org\/wp-content\/uploads\/2019\/11\/logo_Fundacion_JuanFe_Colombia.png\",\"width\":251,\"height\":75,\"caption\":\"Fundaci\u00f3n Juanfe\"},\"image\":{\"@id\":\"https:\/\/juanfe.juanfe.org\/en\/#\/schema\/logo\/image\/\"}}]}<\/script>\n<!-- \/ Yoast SEO plugin. -->","yoast_head_json":{"title":"Fundaci\u00f3n Juanfe | Panama City","robots":{"index":"index","follow":"follow","max-snippet":"max-snippet:-1","max-image-preview":"max-image-preview:large","max-video-preview":"max-video-preview:-1"},"canonical":"https:\/\/juanfe.juanfe.org\/en\/panama-city\/","og_locale":"en_US","og_type":"article","og_title":"Fundaci\u00f3n Juanfe | Panama City","og_description":"[vc_row full_width=&#8221;stretch_row_content_no_spaces&#8221; css=&#8221;.vc_custom_1571711456091{background-color: #dedede !important;}&#8221;][vc_column][vc_column_text] WHERE WE WORK [\/vc_column_text][\/vc_column][\/vc_row][vc_row full_width=&#8221;stretch_row_content_no_spaces&#8221; css=&#8221;.vc_custom_1572018857458{margin-top: 0px !important;margin-right: 0px !important;margin-bottom: 0px !important;margin-left: 0px !important;padding-top: 0px !important;padding-right: 0px !important;padding-bottom: 0px !important;padding-left: 0px !important;background-color: #78c600 !important;}&#8221;][vc_column css=&#8221;.vc_custom_1572018850926{margin: [\u2026]","og_url":"https:\/\/juanfe.juanfe.org\/en\/panama-city\/","og_site_name":"Fundaci\u00f3n Juanfe","article_modified_time":"2024-05-24T17:18:41+00:00","og_image":[{"url":"https:\/\/juanfe.juanfe.org\/wp-content\/uploads\/2019\/11\/icon-location.png"}],"twitter_card":"summary_large_image","twitter_misc":{"Est. reading time":"3 minutes"},"schema":{"@context":"https:\/\/schema.org","@graph":[{"@type":"WebPage","@id":"https:\/\/juanfe.juanfe.org\/en\/panama-city\/","url":"https:\/\/juanfe.juanfe.org\/en\/panama-city\/","name":"Fundaci\u00f3n Juanfe | Panama City","isPartOf":{"@id":"https:\/\/juanfe.juanfe.org\/en\/#website"},"primaryImageOfPage":{"@id":"https:\/\/juanfe.juanfe.org\/en\/panama-city\/#primaryimage"},"image":{"@id":"https:\/\/juanfe.juanfe.org\/en\/panama-city\/#primaryimage"},"thumbnailUrl":"https:\/\/juanfe.juanfe.org\/wp-content\/uploads\/2019\/11\/icon-location.png","datePublished":"2019-10-28T15:32:30+00:00","dateModified":"2024-05-24T17:18:41+00:00","breadcrumb":{"@id":"https:\/\/juanfe.juanfe.org\/en\/panama-city\/#breadcrumb"},"inLanguage":"en-US","potentialAction":[{"@type":"ReadAction","target":["https:\/\/juanfe.juanfe.org\/en\/panama-city\/"]}]},{"@type":"ImageObject","inLanguage":"en-US","@id":"https:\/\/juanfe.juanfe.org\/en\/panama-city\/#primaryimage","url":"https:\/\/juanfe.juanfe.org\/wp-content\/uploads\/2019\/11\/icon-location.png","contentUrl":"https:\/\/juanfe.juanfe.org\/wp-content\/uploads\/2019\/11\/icon-location.png"},{"@type":"BreadcrumbList","@id":"https:\/\/juanfe.juanfe.org\/en\/panama-city\/#breadcrumb","itemListElement":[{"@type":"ListItem","position":1,"name":"Portada","item":"https:\/\/juanfe.juanfe.org\/en\/"},{"@type":"ListItem","position":2,"name":"Panama City"}]},{"@type":"WebSite","@id":"https:\/\/juanfe.juanfe.org\/en\/#website","url":"https:\/\/juanfe.juanfe.org\/en\/","name":"Fundaci\u00f3n Juanfe","description":"En la Fundaci\u00f3n Juanfe, sabemos que invertir en las mujeres es la clave para erradicar la pobreza y avanzar en la equidad de g\u00e9nero.","publisher":{"@id":"https:\/\/juanfe.juanfe.org\/en\/#organization"},"potentialAction":[{"@type":"SearchAction","target":{"@type":"EntryPoint","urlTemplate":"https:\/\/juanfe.juanfe.org\/en\/?s={search_term_string}"},"query-input":"required name=search_term_string"}],"inLanguage":"en-US"},{"@type":"Organization","@id":"https:\/\/juanfe.juanfe.org\/en\/#organization","name":"Fundaci\u00f3n Juanfe","url":"https:\/\/juanfe.juanfe.org\/en\/","logo":{"@type":"ImageObject","inLanguage":"en-US","@id":"https:\/\/juanfe.juanfe.org\/en\/#\/schema\/logo\/image\/","url":"https:\/\/juanfe.juanfe.org\/wp-content\/uploads\/2019\/11\/logo_Fundacion_JuanFe_Colombia.png","contentUrl":"https:\/\/juanfe.juanfe.org\/wp-content\/uploads\/2019\/11\/logo_Fundacion_JuanFe_Colombia.png","width":251,"height":75,"caption":"Fundaci\u00f3n Juanfe"},"image":{"@id":"https:\/\/juanfe.juanfe.org\/en\/#\/schema\/logo\/image\/"}}]}},"_links":{"self":[{"href":"https:\/\/juanfe.juanfe.org\/en\/wp-json\/wp\/v2\/pages\/260","targetHints":{"allow":["GET"]}}],"collection":[{"href":"https:\/\/juanfe.juanfe.org\/en\/wp-json\/wp\/v2\/pages"}],"about":[{"href":"https:\/\/juanfe.juanfe.org\/en\/wp-json\/wp\/v2\/types\/page"}],"author":[{"embeddable":true,"href":"https:\/\/juanfe.juanfe.org\/en\/wp-json\/wp\/v2\/users\/1"}],"replies":[{"embeddable":true,"href":"https:\/\/juanfe.juanfe.org\/en\/wp-json\/wp\/v2\/comments?post=260"}],"version-history":[{"count":21,"href":"https:\/\/juanfe.juanfe.org\/en\/wp-json\/wp\/v2\/pages\/260\/revisions"}],"predecessor-version":[{"id":6567,"href":"https:\/\/juanfe.juanfe.org\/en\/wp-json\/wp\/v2\/pages\/260\/revisions\/6567"}],"wp:attachment":[{"href":"https:\/\/juanfe.juanfe.org\/en\/wp-json\/wp\/v2\/media?parent=260"}],"wp:term":[{"taxonomy":"category","embeddable":true,"href":"https:\/\/juanfe.juanfe.org\/en\/wp-json\/wp\/v2\/categories?post=260"},{"taxonomy":"post_tag","embeddable":true,"href":"https:\/\/juanfe.juanfe.org\/en\/wp-json\/wp\/v2\/tags?post=260"}],"curies":[{"name":"wp","href":"https:\/\/api.w.org\/{rel}","templated":true}]}}