{"id":261,"date":"2019-10-29T20:30:26","date_gmt":"2019-10-29T20:30:26","guid":{"rendered":"https:\/\/70.39.251.12\/contacto\/"},"modified":"2024-04-24T08:30:00","modified_gmt":"2024-04-24T15:30:00","slug":"contact-us","status":"publish","type":"page","link":"https:\/\/juanfe.juanfe.org\/en\/contact-us\/","title":{"rendered":"Contact Us"},"content":{"rendered":"<div class=\"wpb-content-wrapper\"><p>[vc_row full_width=&#8221;stretch_row_content_no_spaces&#8221; css=&#8221;.vc_custom_1571711456091{background-color: #dedede !important;}&#8221;][vc_column][vc_column_text]<\/p>\n<h2 style=\"text-align: center;\"><span style=\"color: #78bf00;\"><strong>CONTACT US<\/strong><\/span><\/h2>\n<p>[\/vc_column_text][\/vc_column][\/vc_row][vc_row][vc_column css=&#8221;.vc_custom_1572982768990{padding-right: 30px !important;padding-left: 30px !important;}&#8221;][vc_row_inner][vc_column_inner][vc_column_text]<\/p>\n<h4 style=\"text-align: center;\"><span style=\"color: #78cd00;\"><strong>Thank you for your interest in the Juanfe Foundation!<br \/>\n<\/strong><\/span><\/h4>\n<p style=\"text-align: center;\">Please fill out the form below and we will contact you as soon as possible:<\/p>\n<p>[\/vc_column_text][\/vc_column_inner][\/vc_row_inner]<style type=\"text\/css\" id=\"106\" data-form-unique-id=\"35771\" ><\/style><div class=\"arf_form ar_main_div_106 arf_form_outer_wrapper \" id=\"arffrm_106_container\"><div id=\"arf_message_error\" class=\"frm_error_style\" style=\"display:none;\"><div class=\"msg-detail\"><div class=\"msg-description-success\">Form Submission is restricted<\/div><\/div><\/div><div id=\"arf_message_success_popup\" style=\"display:none;\"><div class=\"msg-detail\"><div class=\"msg-description-success\">The form has been submitted successfully. Thank you!<\/div><\/div><\/div><form enctype=\"multipart\/form-data\" method=\"post\" class=\"arfshowmainform  \" style=\"\" data-form-id=\"form_5u6lr9\"  novalidate=\"\" data-id=\"35771\"  data-random-id=\"106_8wcnSX9QWf\"  data-submission-key=\"U1B1Qvhz\"  data-key-validate=\"false\"  data-popup-id=\"\"><input type='text' name='arf_filter_input' data-jqvalidate='false' data-random-key='106_8wcnSX9QWf' value='' style='opacity:0 !important;display:none !important;visibility:hidden !important;' \/><input type='hidden' id='arf_ajax_url' value='https:\/\/juanfe.juanfe.org\/wp-admin\/admin-ajax.php' \/><input type=\"hidden\" data-jqvalidate=\"false\" class=\"kpress\" value=\"\" \/><input type=\"hidden\" data-jqvalidate=\"false\" class=\"stime\" value=\"1777750606\" \/><input type=\"hidden\" data-jqvalidate=\"false\" data-id=\"nonce_start_time\" class=\"nonce_start_time\" value=\"form_filter_st\" \/><input type=\"hidden\" data-jqvalidate=\"false\" data-id=\"nonce_keyboard_press\" class=\"nonce_keyboard_press\" value=\"form_filter_kp\" \/><input type=\"hidden\" data-jqvalidate=\"false\" data-id=\"arm_nonce_check\" name=\"arm_nonce_check\" value=\"5e2a0efc2d\" \/><input type=\"hidden\" data-jqvalidate=\"false\" name=\"arf_redirect_url_to\" id=\"arf_redirect_url_to\" value=\"same_tab\" \/><input type=\"hidden\" data-jqvalidate=\"false\" name=\"arf_browser_name\" data-id=\"arf_browser_name\" data-version=\"unknown\" value=\"Unknown\" \/><input type=\"hidden\" data-jqvalidate=\"false\" name=\"arforms_nonce\" id=\"arforms_nonce\" value=\"baf2e2e9ba\" \/><input type=\"hidden\" data-jqvalidate=\"false\" name=\"arf_file_token_106\" id=\"arf_file_token_106\" value=\"aaI58nklMd\" \/><input type=\"hidden\" data-jqvalidate=\"false\" name=\"upload_field_id_106_35771\" id=\"upload_field_id_106_35771\" value=\"\" \/><input type=\"hidden\" data-jqvalidate=\"false\" name=\"arfdecimal_separator\" data-id=\"arfdecimal_separator\" value=\".\" \/><input type=\"hidden\" data-jqvalidate=\"false\" name=\"arfform_date_formate_106\" data-id=\"arfform_date_formate_106\" value=\"MMM D, YYYY\" \/><input type=\"hidden\" data-jqvalidate=\"false\" name=\"form_key_106\" data-id=\"form_key_106\" value=\"5u6lr9\" \/><input type=\"hidden\" data-jqvalidate=\"false\" name=\"arf_success_message_show_time_106\" data-id=\"arf_success_message_show_time_106\" value=\"3\" \/><input type=\"hidden\" data-jqvalidate=\"false\" name=\"arf_form_hide_after_submit_106\" data-id=\"arf_form_hide_after_submit_106\" value=\"\" \/><input type=\"hidden\" data-jqvalidate=\"false\" name=\"is_form_preview_106\" data-id=\"is_form_preview_106\" value=\"\" \/><input type=\"hidden\" data-jqvalidate=\"false\" name=\"arf_validate_outside_106\" data-id=\"arf_validate_outside_106\" data-validate=\"0\" value=\"0\" \/><input type=\"hidden\" data-jqvalidate=\"false\" name=\"arf_is_validate_outside_106\" data-id=\"arf_is_validate_outside_106\" data-validate=\"0\" value=\"0\" \/><input type=\"hidden\" data-jqvalidate=\"false\" name=\"arf_is_resetform_aftersubmit_106\" data-id=\"arf_is_resetform_aftersubmit_106\" value=\"1\" \/><input type=\"hidden\" data-jqvalidate=\"false\" name=\"arf_is_resetform_outside_106\" data-id=\"arf_is_resetform_outside_106\" value=\"0\" \/><input type=\"hidden\" data-jqvalidate=\"false\" name=\"arf_form_enable_cookie_106\" data-id=\"arf_form_enable_cookie_106\" value=\"\" \/><input type=\"hidden\" data-jqvalidate=\"false\" name=\"arf_tooltip_settings_106\" data-id=\"arf_tooltip_settings_106\" class=\"arf_front_tooltip_settings\" data-form-id=\"106\" data-color=\"#FFFFFF\" data-position=\"top\" data-width=\"\" data-bg-color=\"#000000\" \/><input type=\"hidden\" data-jqvalidate=\"false\" name=\"form_tooltip_error_106\" data-id=\"form_tooltip_error_106\" data-color=\"\" data-position=\"bottom\" value=\"advance\" \/><input type=\"text\" data-jqvalidate=\"false\" name=\"fake_text\" data-id=\"fake_text\" value=\"\" style=\"height:0 !important; margin:0 !important; opacity: 0 !important; filter:alpha(opacity=0); padding:0 !important; width:0 !important; float:left;\" \/><input type=\"hidden\" data-jqvalidate=\"false\" name=\"arfaction\" value=\"create\" \/><input type=\"hidden\" data-jqvalidate=\"false\" name=\"form_id\" data-id=\"form_id\" value=\"106\" \/><input type=\"hidden\" data-jqvalidate=\"false\" name=\"form_data_id\" data-id=\"form_data_id\" value=\"35771\" \/><input type=\"hidden\" data-jqvalidate=\"false\" name=\"form_key\" data-id=\"form_key\" value=\"5u6lr9\" \/><input type=\"hidden\" data-jqvalidate=\"false\" name=\"is_load_js_and_css_in_all_pages\" data-id=\"is_load_js_and_css_in_all_pages\" value=\"0\" \/><input type=\"hidden\" data-jqvalidate=\"false\" name=\"arf_ajax_url\" value=\"https:\/\/juanfe.juanfe.org\/wp-admin\/admin-ajax.php\" \/><input type=\"hidden\" data-jqvalidate=\"false\" name=\"form_display_type\" data-id=\"form_display_type\" value=\"0|https:\/\/juanfe.juanfe.org\/en\/contact-us\/\" \/><input type=\"hidden\" data-jqvalidate=\"false\" name=\"form_submit_type\" data-id=\"form_submit_type\" value=\"1\" \/><input type=\"hidden\" data-jqvalidate=\"false\" name=\"arf_http_referrer_url\" data-id=\"arf_http_referrer_url\" value=\"\" \/><input type=\"hidden\" data-jqvalidate=\"false\" name=\"entry_key\" value=\"\" \/><input type=\"hidden\" data-jqvalidate=\"false\" name=\"arf_skip_captcha\" data-id=\"arf_skip_captcha\" value=\"\" \/><input type='hidden' id='arf_pb_field_animation_duration_front_106' name='arf_pb_field_animation_duration_front_106' value='' \/><input type='hidden' id='arf_pb_field_animation_delay_front_106' name='arf_pb_field_animation_delay_front_106' value='' \/><input type='hidden' id='arf_pb_field_animation_inherit_106' name='arf_pb_field_animation_inherit_106' value='0' \/><input type='hidden' id='arf_field_animation_style_front_106' name='arf_field_animation_style_front_106' value='' \/><input type='hidden' id='arf_field_animation_duration_front_106' name='arf_field_animation_duration_front_106' value='' \/><input type='hidden' id='arf_field_animation_delay_front_106' name='arf_field_animation_delay_front_106' value='' \/><div class=\"allfields\"  style=\"visibility:hidden;height:0;\"><div class=\"arf_fieldset arf_rounded_form\" id=\"arf_fieldset_35771\"><div id=\"page_0\" class=\"page_break\"><div id=\"arf_field_146_35771_container\" class=\"arfformfield control-group arfmainformfield  arffieldrequired arf_field_type_text  top_container none_container top_container arfformfield   arf_field_146\"  style='width: 100%' data-field-type=\"text\" data-parent_field=\"0\" ><label data-type=\"text\" for=\"field_xipzja_35771\" class=\"arf_main_label arf_main_label_16px\">Name<span class=\"arfcheckrequiredfield\">*<\/span><\/label><div class=\"controls\"   ><input   type=\"text\" id=\"field_xipzja_35771\"  name=\"item_meta[146]\"  class=\" arf_required \" placeholder=\"Name\"  data-validation-required-message=\"This field can not be blank.\"   \/><\/div><\/div><div style=\"clear:both;\"><\/div><div id=\"arf_field_147_35771_container\" class=\"arfformfield control-group arfmainformfield  arffieldrequired arf_field_type_email  top_container none_container   top_container arfformfield  arf_field_147\"  style='width: 100%'  data-field-type=\"email\" data-parent_field=\"0\"><label data-type=\"email\" for=\"field_1i0gnf_35771\" class=\"arf_main_label arf_main_label_16px\">Email<span class=\"arfcheckrequiredfield\">*<\/span><\/label><div class=\"controls\"   ><input type=\"text\" id=\"field_1i0gnf_35771\" name=\"item_meta[147]\"  placeholder=\"Email\"  class=\" arf_required \" data-validation-required-message=\"This field can not be blank.\"  data-validation-regex-regex=\"[A-Za-z0-9._%+-]+@[A-Za-z0-9.-]+\\.[A-Za-z]+\" data-validation-regex-message=\"the email is invalid\"  \/><\/div><\/div><div style=\"clear:both;\"><\/div><div id=\"arf_field_148_35771_container\" class=\"arfformfield control-group arfmainformfield  arffieldrequired arf_field_type_text  top_container none_container top_container arfformfield   arf_field_148\"  style='width: 100%' data-field-type=\"text\" data-parent_field=\"0\" ><label data-type=\"text\" for=\"field_x9pbev_35771\" class=\"arf_main_label arf_main_label_16px\">Phone<span class=\"arfcheckrequiredfield\">*<\/span><\/label><div class=\"controls\"   ><input   type=\"text\" id=\"field_x9pbev_35771\"  name=\"item_meta[148]\"  class=\" arf_required \" placeholder=\"Phone\"  data-validation-required-message=\"This field can not be blank.\"   \/><\/div><\/div><div style=\"clear:both;\"><\/div><div id=\"arf_field_149_35771_container\" class=\"arfformfield control-group arfmainformfield  arf_field_type_textarea  top_container none_container top_container arfformfield   arf_field_149\"  style='width: 100%'  data-field-type=\"textarea\" data-parent_field=\"0\"><label data-type=\"textarea\" for=\"field_ug0gwg_35771\" class=\"arf_main_label arf_main_label_16px\">Multiline<\/label><div class=\"controls\"   ><textarea name=\"item_meta[149]\" id=\"field_ug0gwg_35771\"  rows=\"3\"  placeholder=\"Message\"  ><\/textarea><\/div><\/div><div style=\"clear:both;\"><\/div><div style=\"clear:both;height:1px;\">&nbsp;<\/div><\/div><!-- page_break && page_0--><div class=\"arfsubmitbutton top_container\" ><div class=\"arf_submit_div  top_container\"><input type=\"hidden\" data-jqvalidate=\"false\" value=\"1\" name=\"is_submit_form_106\" data-id=\"is_submit_form_106\" \/><input type=\"hidden\" data-jqvalidate=\"false\" value=\"0\" data-val=\"0\" data-max=\"0\" name=\"submit_form_106\" data-id=\"submit_form_106\" \/><button class=\"arf_submit_btn  arf_submit_btn_flat   btn-info arfstyle-button  unknown\"  id=\"arf_submit_btn_35771\" name=\"arf_submit_btn_35771\" data-style=\"zoom-in\"  ><span class=\"arfsubmitloader\"><\/span><span class=\"arfstyle-label\">SUBMIT<\/span><\/button><\/div><\/div><div style=\"clear:both\"><\/div><div id=\"brand-div\" class=\"brand-div top_container\" style=\"margin-top:30px; font-size:12px !important; color: #444444 !important; display:block !important; visibility: visible !important;\">Powered by&#32;<a href=\"https:\/\/codecanyon.net\/item\/arforms-exclusive-wordpress-form-builder-plugin\/6023165?ref=reputeinfosystems\" target=\"_blank\" style=\"color:#0066cc !important; font-size:12px !important; display:inline !important; visibility:visible !important;\">ARForms<\/a><span style=\"color:#FF0000 !important; font-size:12px !important; display:inline !important; visibility: visible !important;\">&nbsp;&nbsp;(Unlicensed)<\/span><\/div><\/div><!-- arf_fieldset --><\/div><!-- allfields --><\/form><script type='text\/javascript' data-cfasync='false'>if(!window['arf_conditional_logic']){window['arf_conditional_logic'] = new Array();}window['arf_conditional_logic'][35771] = {\"logic\":[],\"dependents\":[],\"defaults\":[]};if(!window['arf_pages_fields']){window['arf_pages_fields'] = new Array();}window['arf_pages_fields'][35771] = [{\"field_id\":\"146\",\"field_key\":\"xipzja\",\"default_value\":\"\",\"field_type\":\"text\",\"page_no\":0,\"heading_id\":0,\"repeater_id\":0},{\"field_id\":\"147\",\"field_key\":\"1i0gnf\",\"default_value\":\"\",\"field_type\":\"email\",\"page_no\":0,\"heading_id\":0,\"repeater_id\":0},{\"field_id\":\"148\",\"field_key\":\"x9pbev\",\"default_value\":\"\",\"field_type\":\"text\",\"page_no\":0,\"heading_id\":0,\"repeater_id\":0},{\"field_id\":\"149\",\"field_key\":\"ug0gwg\",\"default_value\":\"\",\"field_type\":\"textarea\",\"page_no\":0,\"heading_id\":0,\"repeater_id\":0}];<\/script><\/div><!--arf_form_outer_wrapper --><div class=\"brand-div\"><\/div><div class=\"\"><input type=\"hidden\" data-jqvalidate=\"false\" name=\"form_id\" data-id=\"form_id\" value=\"106\" \/><input type=\"hidden\" data-jqvalidate=\"false\" name=\"arfmainformurl\" data-id=\"arfmainformurl\" value=\"https:\/\/juanfe.juanfe.org\/wp-content\/plugins\/arforms\" \/><\/div><div class=\"ult-spacer spacer-69f61805a35b5\" data-id=\"69f61805a35b5\" data-height=\"10\" data-height-mobile=\"10\" data-height-tab=\"10\" data-height-tab-portrait=\"\" data-height-mobile-landscape=\"\" style=\"clear:both;display:block;\"><\/div>[\/vc_column][\/vc_row][vc_row full_width=&#8221;stretch_row_content_no_spaces&#8221; bg_type=&#8221;image&#8221; parallax_style=&#8221;vcpb-vz-jquery&#8221; bg_image_new=&#8221;id^1532|url^https:\/\/juanfe.juanfe.org\/wp-content\/uploads\/2020\/01\/tu-tambien-puedes-ayudar.jpg|caption^null|alt^null|title^tu-tambien-puedes-ayudar|description^null&#8221; bg_image_repeat=&#8221;no-repeat&#8221;][vc_column][vc_row_inner css=&#8221;.vc_custom_1571673287542{padding-top: 35px !important;}&#8221;][vc_column_inner][vc_column_text]<\/p>\n<h2 style=\"text-align: center; font-weight: 300; line-height: 0;\"><span style=\"color: #ffffff;\"><strong><img decoding=\"async\" class=\"alignnone wp-image-280\" src=\"https:\/\/juanfe.juanfe.org\/wp-content\/uploads\/2019\/10\/icon-apoyamos.png\" alt=\"\" width=\"100\" height=\"100\" \/><\/strong><\/span><\/h2>\n<p style=\"text-align: center; font-weight: 300; font-size: 18px; line-height: 3;\"><span style=\"color: #ffffff;\">We have transformed the reality of more than<\/span><\/p>\n<h2 style=\"text-align: center; font-weight: 300; font-size: 41px; line-height: 0;\"><span style=\"color: #ffffff;\"><strong>290.000 people<\/strong><\/span><\/h2>\n<p>[\/vc_column_text][vc_column_text]<\/p>\n<p style=\"text-align: center;\"><a class=\"myButton\" href=\"https:\/\/juanfe.juanfe.org\/en\/donacionesapp\/\">You can also help<\/a><\/p>\n<p>[\/vc_column_text][\/vc_column_inner][\/vc_row_inner][\/vc_column][\/vc_row]<\/p>\n<\/div>","protected":false},"excerpt":{"rendered":"<p>[vc_row full_width=&#8221;stretch_row_content_no_spaces&#8221; css=&#8221;.vc_custom_1571711456091{background-color: #dedede !important;}&#8221;][vc_column][vc_column_text] CONTACT US [\/vc_column_text][\/vc_column][\/vc_row][vc_row][vc_column css=&#8221;.vc_custom_1572982768990{padding-right: 30px !important;padding-left: 30px !important;}&#8221;][vc_row_inner][vc_column_inner][vc_column_text] Thank you for your interest in the Juanfe Foundation! Please fill out the form below and we<span class=\"excerpt-hellip\"> [\u2026]<\/span><\/p>\n","protected":false},"author":1,"featured_media":0,"parent":0,"menu_order":0,"comment_status":"closed","ping_status":"closed","template":"","meta":{"footnotes":""},"categories":[],"tags":[],"class_list":["post-261","page","type-page","status-publish","hentry"],"yoast_head":"<!-- This site is optimized with the Yoast SEO plugin v23.2 - https:\/\/yoast.com\/wordpress\/plugins\/seo\/ -->\n<title>Fundaci\u00f3n Juanfe | Contact Us<\/title>\n<meta name=\"robots\" content=\"index, follow, max-snippet:-1, max-image-preview:large, max-video-preview:-1\" \/>\n<link rel=\"canonical\" href=\"https:\/\/juanfe.juanfe.org\/contacto\/\" \/>\n<meta property=\"og:locale\" content=\"en_US\" \/>\n<meta property=\"og:type\" content=\"article\" \/>\n<meta property=\"og:title\" content=\"Fundaci\u00f3n Juanfe | Contact Us\" \/>\n<meta property=\"og:description\" content=\"[vc_row full_width=&#8221;stretch_row_content_no_spaces&#8221; css=&#8221;.vc_custom_1571711456091{background-color: #dedede !important;}&#8221;][vc_column][vc_column_text] CONTACT US [\/vc_column_text][\/vc_column][\/vc_row][vc_row][vc_column css=&#8221;.vc_custom_1572982768990{padding-right: 30px !important;padding-left: 30px !important;}&#8221;][vc_row_inner][vc_column_inner][vc_column_text] Thank you for your interest in the Juanfe Foundation! Please fill out the form below and we [\u2026]\" \/>\n<meta property=\"og:url\" content=\"https:\/\/juanfe.juanfe.org\/contacto\/\" \/>\n<meta property=\"og:site_name\" content=\"Fundaci\u00f3n Juanfe\" \/>\n<meta property=\"article:modified_time\" content=\"2024-04-24T15:30:00+00:00\" \/>\n<meta property=\"og:image\" content=\"https:\/\/juanfe.juanfe.org\/wp-content\/uploads\/2019\/10\/icon-apoyamos.png\" \/>\n<meta name=\"twitter:card\" content=\"summary_large_image\" \/>\n<meta name=\"twitter:label1\" content=\"Est. reading time\" \/>\n\t<meta name=\"twitter:data1\" content=\"1 minute\" \/>\n<script type=\"application\/ld+json\" class=\"yoast-schema-graph\">{\"@context\":\"https:\/\/schema.org\",\"@graph\":[{\"@type\":\"WebPage\",\"@id\":\"https:\/\/juanfe.juanfe.org\/contacto\/\",\"url\":\"https:\/\/juanfe.juanfe.org\/contacto\/\",\"name\":\"Fundaci\u00f3n Juanfe | Contact Us\",\"isPartOf\":{\"@id\":\"https:\/\/juanfe.juanfe.org\/en\/#website\"},\"primaryImageOfPage\":{\"@id\":\"https:\/\/juanfe.juanfe.org\/contacto\/#primaryimage\"},\"image\":{\"@id\":\"https:\/\/juanfe.juanfe.org\/contacto\/#primaryimage\"},\"thumbnailUrl\":\"https:\/\/juanfe.juanfe.org\/wp-content\/uploads\/2019\/10\/icon-apoyamos.png\",\"datePublished\":\"2019-10-29T20:30:26+00:00\",\"dateModified\":\"2024-04-24T15:30:00+00:00\",\"breadcrumb\":{\"@id\":\"https:\/\/juanfe.juanfe.org\/contacto\/#breadcrumb\"},\"inLanguage\":\"en-US\",\"potentialAction\":[{\"@type\":\"ReadAction\",\"target\":[\"https:\/\/juanfe.juanfe.org\/contacto\/\"]}]},{\"@type\":\"ImageObject\",\"inLanguage\":\"en-US\",\"@id\":\"https:\/\/juanfe.juanfe.org\/contacto\/#primaryimage\",\"url\":\"https:\/\/juanfe.juanfe.org\/wp-content\/uploads\/2019\/10\/icon-apoyamos.png\",\"contentUrl\":\"https:\/\/juanfe.juanfe.org\/wp-content\/uploads\/2019\/10\/icon-apoyamos.png\"},{\"@type\":\"BreadcrumbList\",\"@id\":\"https:\/\/juanfe.juanfe.org\/contacto\/#breadcrumb\",\"itemListElement\":[{\"@type\":\"ListItem\",\"position\":1,\"name\":\"Portada\",\"item\":\"https:\/\/juanfe.juanfe.org\/en\/\"},{\"@type\":\"ListItem\",\"position\":2,\"name\":\"Contact Us\"}]},{\"@type\":\"WebSite\",\"@id\":\"https:\/\/juanfe.juanfe.org\/en\/#website\",\"url\":\"https:\/\/juanfe.juanfe.org\/en\/\",\"name\":\"Fundaci\u00f3n Juanfe\",\"description\":\"En la Fundaci\u00f3n Juanfe, sabemos que invertir en las mujeres es la clave para erradicar la pobreza y avanzar en la equidad de g\u00e9nero.\",\"publisher\":{\"@id\":\"https:\/\/juanfe.juanfe.org\/en\/#organization\"},\"potentialAction\":[{\"@type\":\"SearchAction\",\"target\":{\"@type\":\"EntryPoint\",\"urlTemplate\":\"https:\/\/juanfe.juanfe.org\/en\/?s={search_term_string}\"},\"query-input\":\"required name=search_term_string\"}],\"inLanguage\":\"en-US\"},{\"@type\":\"Organization\",\"@id\":\"https:\/\/juanfe.juanfe.org\/en\/#organization\",\"name\":\"Fundaci\u00f3n Juanfe\",\"url\":\"https:\/\/juanfe.juanfe.org\/en\/\",\"logo\":{\"@type\":\"ImageObject\",\"inLanguage\":\"en-US\",\"@id\":\"https:\/\/juanfe.juanfe.org\/en\/#\/schema\/logo\/image\/\",\"url\":\"https:\/\/juanfe.juanfe.org\/wp-content\/uploads\/2019\/11\/logo_Fundacion_JuanFe_Colombia.png\",\"contentUrl\":\"https:\/\/juanfe.juanfe.org\/wp-content\/uploads\/2019\/11\/logo_Fundacion_JuanFe_Colombia.png\",\"width\":251,\"height\":75,\"caption\":\"Fundaci\u00f3n Juanfe\"},\"image\":{\"@id\":\"https:\/\/juanfe.juanfe.org\/en\/#\/schema\/logo\/image\/\"}}]}<\/script>\n<!-- \/ Yoast SEO plugin. -->","yoast_head_json":{"title":"Fundaci\u00f3n Juanfe | Contact Us","robots":{"index":"index","follow":"follow","max-snippet":"max-snippet:-1","max-image-preview":"max-image-preview:large","max-video-preview":"max-video-preview:-1"},"canonical":"https:\/\/juanfe.juanfe.org\/contacto\/","og_locale":"en_US","og_type":"article","og_title":"Fundaci\u00f3n Juanfe | Contact Us","og_description":"[vc_row full_width=&#8221;stretch_row_content_no_spaces&#8221; css=&#8221;.vc_custom_1571711456091{background-color: #dedede !important;}&#8221;][vc_column][vc_column_text] CONTACT US [\/vc_column_text][\/vc_column][\/vc_row][vc_row][vc_column css=&#8221;.vc_custom_1572982768990{padding-right: 30px !important;padding-left: 30px !important;}&#8221;][vc_row_inner][vc_column_inner][vc_column_text] Thank you for your interest in the Juanfe Foundation! Please fill out the form below and we [\u2026]","og_url":"https:\/\/juanfe.juanfe.org\/contacto\/","og_site_name":"Fundaci\u00f3n Juanfe","article_modified_time":"2024-04-24T15:30:00+00:00","og_image":[{"url":"https:\/\/juanfe.juanfe.org\/wp-content\/uploads\/2019\/10\/icon-apoyamos.png"}],"twitter_card":"summary_large_image","twitter_misc":{"Est. reading time":"1 minute"},"schema":{"@context":"https:\/\/schema.org","@graph":[{"@type":"WebPage","@id":"https:\/\/juanfe.juanfe.org\/contacto\/","url":"https:\/\/juanfe.juanfe.org\/contacto\/","name":"Fundaci\u00f3n Juanfe | Contact Us","isPartOf":{"@id":"https:\/\/juanfe.juanfe.org\/en\/#website"},"primaryImageOfPage":{"@id":"https:\/\/juanfe.juanfe.org\/contacto\/#primaryimage"},"image":{"@id":"https:\/\/juanfe.juanfe.org\/contacto\/#primaryimage"},"thumbnailUrl":"https:\/\/juanfe.juanfe.org\/wp-content\/uploads\/2019\/10\/icon-apoyamos.png","datePublished":"2019-10-29T20:30:26+00:00","dateModified":"2024-04-24T15:30:00+00:00","breadcrumb":{"@id":"https:\/\/juanfe.juanfe.org\/contacto\/#breadcrumb"},"inLanguage":"en-US","potentialAction":[{"@type":"ReadAction","target":["https:\/\/juanfe.juanfe.org\/contacto\/"]}]},{"@type":"ImageObject","inLanguage":"en-US","@id":"https:\/\/juanfe.juanfe.org\/contacto\/#primaryimage","url":"https:\/\/juanfe.juanfe.org\/wp-content\/uploads\/2019\/10\/icon-apoyamos.png","contentUrl":"https:\/\/juanfe.juanfe.org\/wp-content\/uploads\/2019\/10\/icon-apoyamos.png"},{"@type":"BreadcrumbList","@id":"https:\/\/juanfe.juanfe.org\/contacto\/#breadcrumb","itemListElement":[{"@type":"ListItem","position":1,"name":"Portada","item":"https:\/\/juanfe.juanfe.org\/en\/"},{"@type":"ListItem","position":2,"name":"Contact Us"}]},{"@type":"WebSite","@id":"https:\/\/juanfe.juanfe.org\/en\/#website","url":"https:\/\/juanfe.juanfe.org\/en\/","name":"Fundaci\u00f3n Juanfe","description":"En la Fundaci\u00f3n Juanfe, sabemos que invertir en las mujeres es la clave para erradicar la pobreza y avanzar en la equidad de g\u00e9nero.","publisher":{"@id":"https:\/\/juanfe.juanfe.org\/en\/#organization"},"potentialAction":[{"@type":"SearchAction","target":{"@type":"EntryPoint","urlTemplate":"https:\/\/juanfe.juanfe.org\/en\/?s={search_term_string}"},"query-input":"required name=search_term_string"}],"inLanguage":"en-US"},{"@type":"Organization","@id":"https:\/\/juanfe.juanfe.org\/en\/#organization","name":"Fundaci\u00f3n Juanfe","url":"https:\/\/juanfe.juanfe.org\/en\/","logo":{"@type":"ImageObject","inLanguage":"en-US","@id":"https:\/\/juanfe.juanfe.org\/en\/#\/schema\/logo\/image\/","url":"https:\/\/juanfe.juanfe.org\/wp-content\/uploads\/2019\/11\/logo_Fundacion_JuanFe_Colombia.png","contentUrl":"https:\/\/juanfe.juanfe.org\/wp-content\/uploads\/2019\/11\/logo_Fundacion_JuanFe_Colombia.png","width":251,"height":75,"caption":"Fundaci\u00f3n Juanfe"},"image":{"@id":"https:\/\/juanfe.juanfe.org\/en\/#\/schema\/logo\/image\/"}}]}},"_links":{"self":[{"href":"https:\/\/juanfe.juanfe.org\/en\/wp-json\/wp\/v2\/pages\/261","targetHints":{"allow":["GET"]}}],"collection":[{"href":"https:\/\/juanfe.juanfe.org\/en\/wp-json\/wp\/v2\/pages"}],"about":[{"href":"https:\/\/juanfe.juanfe.org\/en\/wp-json\/wp\/v2\/types\/page"}],"author":[{"embeddable":true,"href":"https:\/\/juanfe.juanfe.org\/en\/wp-json\/wp\/v2\/users\/1"}],"replies":[{"embeddable":true,"href":"https:\/\/juanfe.juanfe.org\/en\/wp-json\/wp\/v2\/comments?post=261"}],"version-history":[{"count":9,"href":"https:\/\/juanfe.juanfe.org\/en\/wp-json\/wp\/v2\/pages\/261\/revisions"}],"predecessor-version":[{"id":6249,"href":"https:\/\/juanfe.juanfe.org\/en\/wp-json\/wp\/v2\/pages\/261\/revisions\/6249"}],"wp:attachment":[{"href":"https:\/\/juanfe.juanfe.org\/en\/wp-json\/wp\/v2\/media?parent=261"}],"wp:term":[{"taxonomy":"category","embeddable":true,"href":"https:\/\/juanfe.juanfe.org\/en\/wp-json\/wp\/v2\/categories?post=261"},{"taxonomy":"post_tag","embeddable":true,"href":"https:\/\/juanfe.juanfe.org\/en\/wp-json\/wp\/v2\/tags?post=261"}],"curies":[{"name":"wp","href":"https:\/\/api.w.org\/{rel}","templated":true}]}}