{"id":277,"date":"2019-10-28T15:38:58","date_gmt":"2019-10-28T15:38:58","guid":{"rendered":"https:\/\/70.39.251.12\/santiago-de-chile\/"},"modified":"2024-04-10T06:45:43","modified_gmt":"2024-04-10T13:45:43","slug":"santiago-of-chile","status":"publish","type":"page","link":"https:\/\/juanfe.juanfe.org\/en\/santiago-of-chile\/","title":{"rendered":"Santiago de Chile"},"content":{"rendered":"<div class=\"wpb-content-wrapper\"><p>[vc_row full_width=&#8221;stretch_row_content_no_spaces&#8221; css=&#8221;.vc_custom_1571711456091{background-color: #dedede !important;}&#8221;][vc_column][vc_column_text]<\/p>\n<h2 style=\"text-align: center;\"><a href=\"https:\/\/juanfe.juanfe.org\/en\/where-we-work\/#universal\"><span style=\"color: #78bf00;\"><strong>WHERE WE WORK<\/strong><\/span><\/a><\/h2>\n<p>[\/vc_column_text][\/vc_column][\/vc_row][vc_row full_width=&#8221;stretch_row_content_no_spaces&#8221; css=&#8221;.vc_custom_1572018857458{margin-top: 0px !important;margin-right: 0px !important;margin-bottom: 0px !important;margin-left: 0px !important;padding-top: 0px !important;padding-right: 0px !important;padding-bottom: 0px !important;padding-left: 0px !important;background-color: #78c600 !important;}&#8221;][vc_column css=&#8221;.vc_custom_1572018850926{margin: 0px !important;padding: 0px !important;border: 0px initial !important;}&#8221;][vc_row_inner css=&#8221;.vc_custom_1572274749652{margin: 0px !important;padding: 0px !important;}&#8221;][vc_column_inner css=&#8221;.vc_custom_1572018753636{margin: 0px !important;padding: 0px !important;}&#8221;][vc_column_text css=&#8221;.vc_custom_1603805017860{margin-top: 0px !important;margin-right: 0px !important;margin-bottom: 0px !important;margin-left: 0px !important;padding-top: 10px !important;padding-right: 0px !important;padding-bottom: 0px !important;padding-left: 0px !important;}&#8221;]<\/p>\n<ul class=\"main-menu-green-second\">\n<li><a href=\"https:\/\/juanfe.juanfe.org\/en\/cartagena\/\">CARTAGENA<\/a><\/li>\n<li><a href=\"https:\/\/juanfe.juanfe.org\/en\/medellin\/\">MEDELL\u00cdN<\/a><\/li>\n<li><a href=\"https:\/\/juanfe.juanfe.org\/en\/panama-city\/\">PANAMA CITY<\/a><\/li>\n<li><a class=\"active\" href=\"https:\/\/juanfe.juanfe.org\/en\/santiago-of-chile\/\">SANTIAGO DE CHILE<\/a><\/li>\n<li><a href=\"https:\/\/juanfe.juanfe.org\/en\/ee.uu\/\">USA<\/a><\/li>\n<li><a href=\"https:\/\/juanfe.juanfe.org\/en\/spain\/\">SPAIN<\/a><\/li>\n<\/ul>\n<p>[\/vc_column_text][\/vc_column_inner][\/vc_row_inner][\/vc_column][\/vc_row][vc_row][vc_column offset=&#8221;vc_hidden-sm vc_hidden-xs&#8221;][vc_row_inner][vc_column_inner width=&#8221;1\/2&#8243;][vc_column_text css=&#8221;.vc_custom_1603804630630{padding-top: 40px !important;padding-right: 70px !important;padding-left: 60px !important;}&#8221;]<\/p>\n<h1 style=\"text-align: center;\"><span style=\"color: #003300; font-size: 28px;\"><img decoding=\"async\" class=\"alignnone wp-image-338\" src=\"https:\/\/juanfe.juanfe.org\/wp-content\/uploads\/2019\/11\/icon-location.png\" alt=\"\" width=\"36\" height=\"46\" srcset=\"https:\/\/juanfe.juanfe.org\/wp-content\/uploads\/2019\/11\/icon-location.png 91w, https:\/\/juanfe.juanfe.org\/wp-content\/uploads\/2019\/11\/icon-location-39x50.png 39w, https:\/\/juanfe.juanfe.org\/wp-content\/uploads\/2019\/11\/icon-location-58x75.png 58w, https:\/\/juanfe.juanfe.org\/wp-content\/uploads\/2019\/11\/icon-location-16x20.png 16w\" sizes=\"(max-width:767px) 36px, 36px\" \/><br \/>\n<\/span><span style=\"color: #003300; font-size: 28px;\">Santiago de Chile<\/span><\/h1>\n<p>In 2017, the <span style=\"color: #033300;\"><strong>Soym\u00e1s Foundation\u00a0<\/strong><\/span>opened its doors for 28 adolescent mothers in La Pintana, which has the highest poverty rate at the metropolitan level and a high adolescent pregnancy rate. There they receive, mainly, psychosocial attention, completion of studies and training in <em>Culinary Arts<\/em>, <em>Hairdressing and Beauty\u00a0<\/em>or <em>Customer Service and Attention<\/em>; and their children are attended in the care rooms.<\/p>\n<p>Soym\u00e1s plans for 2020 to build a new headquarters, of 800 square meters, in the same area.<\/p>\n<ul>\n<li>Of the total of those born in 2017, <strong><em>8%\u00a0<\/em><\/strong>are the son or daughter of a girl under the age of 19. The municipality of La Pintana, in the city of Santiago, shows the highest rate of teenage pregnancy: <strong><em>17.3%<\/em><\/strong>.<\/li>\n<\/ul>\n<p><span style=\"color: #58595b; font-size: 12px;\"><em>Source: Soym\u00e1s Foundation. <\/em><\/span><\/p>\n<p>&nbsp;<\/p>\n<p>For more information about the Soym\u00e1s Foundation, please visit\u00a0<a href=\"https:\/\/www.soymas.cl.\">https:\/\/www.soymas.cl<\/a>.[\/vc_column_text][\/vc_column_inner][vc_column_inner width=&#8221;1\/2&#8243;]<div class=\"ult-spacer spacer-69f61b2162da3\" data-id=\"69f61b2162da3\" data-height=\"46\" data-height-mobile=\"46\" data-height-tab=\"46\" data-height-tab-portrait=\"\" data-height-mobile-landscape=\"\" style=\"clear:both;display:block;\"><\/div>[vc_single_image image=&#8221;375&#8243; img_size=&#8221;full&#8221; css=&#8221;.vc_custom_1574993663593{margin-left: -72px !important;}&#8221;][\/vc_column_inner][\/vc_row_inner][\/vc_column][\/vc_row][vc_row][vc_column offset=&#8221;vc_hidden-lg vc_hidden-md&#8221;][vc_row_inner][vc_column_inner width=&#8221;1\/2&#8243;][vc_column_text css=&#8221;.vc_custom_1578416639533{padding-top: 40px !important;padding-right: 30px !important;padding-left: 30px !important;}&#8221;]<\/p>\n<h1 style=\"text-align: center;\"><span style=\"color: #003300; font-size: 28px;\"><img decoding=\"async\" class=\"alignnone wp-image-338\" src=\"https:\/\/juanfe.juanfe.org\/wp-content\/uploads\/2019\/11\/icon-location.png\" alt=\"\" width=\"36\" height=\"46\" srcset=\"https:\/\/juanfe.juanfe.org\/wp-content\/uploads\/2019\/11\/icon-location.png 91w, https:\/\/juanfe.juanfe.org\/wp-content\/uploads\/2019\/11\/icon-location-39x50.png 39w, https:\/\/juanfe.juanfe.org\/wp-content\/uploads\/2019\/11\/icon-location-58x75.png 58w, https:\/\/juanfe.juanfe.org\/wp-content\/uploads\/2019\/11\/icon-location-16x20.png 16w\" sizes=\"(max-width:767px) 36px, 36px\" \/><br \/>\n<\/span><span style=\"color: #003300; font-size: 28px;\">Santiago de Chile<\/span><\/h1>\n<p>In 2017, the Soym\u00e1s Foundation opened its doors in the commune of La Pintana, which has the highest poverty rate at the metropolitan level and a high teenage pregnancy rate, for 28 teenage mothers. They receive, mainly, psychosocial attention, leveling of studies and training in Culinary Arts, Hairdressing and Beauty or Customer Service and Attention; and his children, attention in the attachment rooms.<\/p>\n<p>Soym\u00e1s plans for 2020 to build a new headquarters, of 800 square meters, in the same sector.<\/p>\n<ul>\n<li>Of the total born in 2017, 7.8% are the son of a child under the age of 19. In the commune of La Pintana, in the city of Santiago, it is where there is the highest rate of teenage pregnancy: 17.3%.<\/li>\n<\/ul>\n<p><span style=\"color: #58595b; font-size: 12px;\"><em>Source: Soym\u00e1s Foundation. <\/em><\/span><\/p>\n<hr class=\"style1\" \/>\n<p>&nbsp;<\/p>\n<p>For more information about the Soym\u00e1s Foundation, go to <a href=\"https:\/\/www.soymas.cl.\">https:\/\/www.soymas.cl<\/a>.[\/vc_column_text][\/vc_column_inner][vc_column_inner width=&#8221;1\/2&#8243;][vc_single_image image=&#8221;375&#8243; img_size=&#8221;full&#8221; css=&#8221;.vc_custom_1574993671294{margin-left: -26px !important;}&#8221;][\/vc_column_inner][\/vc_row_inner][\/vc_column][\/vc_row]<\/p>\n<\/div>","protected":false},"excerpt":{"rendered":"<p>[vc_row full_width=&#8221;stretch_row_content_no_spaces&#8221; css=&#8221;.vc_custom_1571711456091{background-color: #dedede !important;}&#8221;][vc_column][vc_column_text] WHERE WE WORK [\/vc_column_text][\/vc_column][\/vc_row][vc_row full_width=&#8221;stretch_row_content_no_spaces&#8221; css=&#8221;.vc_custom_1572018857458{margin-top: 0px !important;margin-right: 0px !important;margin-bottom: 0px !important;margin-left: 0px !important;padding-top: 0px !important;padding-right: 0px !important;padding-bottom: 0px !important;padding-left: 0px !important;background-color: #78c600 !important;}&#8221;][vc_column css=&#8221;.vc_custom_1572018850926{margin:<span class=\"excerpt-hellip\"> [\u2026]<\/span><\/p>\n","protected":false},"author":1,"featured_media":0,"parent":0,"menu_order":0,"comment_status":"closed","ping_status":"closed","template":"","meta":{"footnotes":""},"categories":[],"tags":[],"class_list":["post-277","page","type-page","status-publish","hentry"],"yoast_head":"<!-- This site is optimized with the Yoast SEO plugin v23.2 - https:\/\/yoast.com\/wordpress\/plugins\/seo\/ -->\n<title>Fundaci\u00f3n Juanfe | Santiago de Chile<\/title>\n<meta name=\"robots\" content=\"index, follow, max-snippet:-1, max-image-preview:large, max-video-preview:-1\" \/>\n<link rel=\"canonical\" href=\"https:\/\/juanfe.juanfe.org\/en\/santiago-of-chile\/\" \/>\n<meta property=\"og:locale\" content=\"en_US\" \/>\n<meta property=\"og:type\" content=\"article\" \/>\n<meta property=\"og:title\" content=\"Fundaci\u00f3n Juanfe | Santiago de Chile\" \/>\n<meta property=\"og:description\" content=\"[vc_row full_width=&#8221;stretch_row_content_no_spaces&#8221; css=&#8221;.vc_custom_1571711456091{background-color: #dedede !important;}&#8221;][vc_column][vc_column_text] WHERE WE WORK [\/vc_column_text][\/vc_column][\/vc_row][vc_row full_width=&#8221;stretch_row_content_no_spaces&#8221; css=&#8221;.vc_custom_1572018857458{margin-top: 0px !important;margin-right: 0px !important;margin-bottom: 0px !important;margin-left: 0px !important;padding-top: 0px !important;padding-right: 0px !important;padding-bottom: 0px !important;padding-left: 0px !important;background-color: #78c600 !important;}&#8221;][vc_column css=&#8221;.vc_custom_1572018850926{margin: [\u2026]\" \/>\n<meta property=\"og:url\" content=\"https:\/\/juanfe.juanfe.org\/en\/santiago-of-chile\/\" \/>\n<meta property=\"og:site_name\" content=\"Fundaci\u00f3n Juanfe\" \/>\n<meta property=\"article:modified_time\" content=\"2024-04-10T13:45:43+00:00\" \/>\n<meta property=\"og:image\" content=\"https:\/\/juanfe.juanfe.org\/wp-content\/uploads\/2019\/11\/icon-location.png\" \/>\n<meta name=\"twitter:card\" content=\"summary_large_image\" \/>\n<meta name=\"twitter:label1\" content=\"Est. reading time\" \/>\n\t<meta name=\"twitter:data1\" content=\"3 minutes\" \/>\n<script type=\"application\/ld+json\" class=\"yoast-schema-graph\">{\"@context\":\"https:\/\/schema.org\",\"@graph\":[{\"@type\":\"WebPage\",\"@id\":\"https:\/\/juanfe.juanfe.org\/en\/santiago-of-chile\/\",\"url\":\"https:\/\/juanfe.juanfe.org\/en\/santiago-of-chile\/\",\"name\":\"Fundaci\u00f3n Juanfe | Santiago de Chile\",\"isPartOf\":{\"@id\":\"https:\/\/juanfe.juanfe.org\/en\/#website\"},\"primaryImageOfPage\":{\"@id\":\"https:\/\/juanfe.juanfe.org\/en\/santiago-of-chile\/#primaryimage\"},\"image\":{\"@id\":\"https:\/\/juanfe.juanfe.org\/en\/santiago-of-chile\/#primaryimage\"},\"thumbnailUrl\":\"https:\/\/juanfe.juanfe.org\/wp-content\/uploads\/2019\/11\/icon-location.png\",\"datePublished\":\"2019-10-28T15:38:58+00:00\",\"dateModified\":\"2024-04-10T13:45:43+00:00\",\"breadcrumb\":{\"@id\":\"https:\/\/juanfe.juanfe.org\/en\/santiago-of-chile\/#breadcrumb\"},\"inLanguage\":\"en-US\",\"potentialAction\":[{\"@type\":\"ReadAction\",\"target\":[\"https:\/\/juanfe.juanfe.org\/en\/santiago-of-chile\/\"]}]},{\"@type\":\"ImageObject\",\"inLanguage\":\"en-US\",\"@id\":\"https:\/\/juanfe.juanfe.org\/en\/santiago-of-chile\/#primaryimage\",\"url\":\"https:\/\/juanfe.juanfe.org\/wp-content\/uploads\/2019\/11\/icon-location.png\",\"contentUrl\":\"https:\/\/juanfe.juanfe.org\/wp-content\/uploads\/2019\/11\/icon-location.png\"},{\"@type\":\"BreadcrumbList\",\"@id\":\"https:\/\/juanfe.juanfe.org\/en\/santiago-of-chile\/#breadcrumb\",\"itemListElement\":[{\"@type\":\"ListItem\",\"position\":1,\"name\":\"Portada\",\"item\":\"https:\/\/juanfe.juanfe.org\/en\/\"},{\"@type\":\"ListItem\",\"position\":2,\"name\":\"Santiago de Chile\"}]},{\"@type\":\"WebSite\",\"@id\":\"https:\/\/juanfe.juanfe.org\/en\/#website\",\"url\":\"https:\/\/juanfe.juanfe.org\/en\/\",\"name\":\"Fundaci\u00f3n Juanfe\",\"description\":\"En la Fundaci\u00f3n Juanfe, sabemos que invertir en las mujeres es la clave para erradicar la pobreza y avanzar en la equidad de g\u00e9nero.\",\"publisher\":{\"@id\":\"https:\/\/juanfe.juanfe.org\/en\/#organization\"},\"potentialAction\":[{\"@type\":\"SearchAction\",\"target\":{\"@type\":\"EntryPoint\",\"urlTemplate\":\"https:\/\/juanfe.juanfe.org\/en\/?s={search_term_string}\"},\"query-input\":\"required name=search_term_string\"}],\"inLanguage\":\"en-US\"},{\"@type\":\"Organization\",\"@id\":\"https:\/\/juanfe.juanfe.org\/en\/#organization\",\"name\":\"Fundaci\u00f3n Juanfe\",\"url\":\"https:\/\/juanfe.juanfe.org\/en\/\",\"logo\":{\"@type\":\"ImageObject\",\"inLanguage\":\"en-US\",\"@id\":\"https:\/\/juanfe.juanfe.org\/en\/#\/schema\/logo\/image\/\",\"url\":\"https:\/\/juanfe.juanfe.org\/wp-content\/uploads\/2019\/11\/logo_Fundacion_JuanFe_Colombia.png\",\"contentUrl\":\"https:\/\/juanfe.juanfe.org\/wp-content\/uploads\/2019\/11\/logo_Fundacion_JuanFe_Colombia.png\",\"width\":251,\"height\":75,\"caption\":\"Fundaci\u00f3n Juanfe\"},\"image\":{\"@id\":\"https:\/\/juanfe.juanfe.org\/en\/#\/schema\/logo\/image\/\"}}]}<\/script>\n<!-- \/ Yoast SEO plugin. -->","yoast_head_json":{"title":"Fundaci\u00f3n Juanfe | Santiago de Chile","robots":{"index":"index","follow":"follow","max-snippet":"max-snippet:-1","max-image-preview":"max-image-preview:large","max-video-preview":"max-video-preview:-1"},"canonical":"https:\/\/juanfe.juanfe.org\/en\/santiago-of-chile\/","og_locale":"en_US","og_type":"article","og_title":"Fundaci\u00f3n Juanfe | Santiago de Chile","og_description":"[vc_row full_width=&#8221;stretch_row_content_no_spaces&#8221; css=&#8221;.vc_custom_1571711456091{background-color: #dedede !important;}&#8221;][vc_column][vc_column_text] WHERE WE WORK [\/vc_column_text][\/vc_column][\/vc_row][vc_row full_width=&#8221;stretch_row_content_no_spaces&#8221; css=&#8221;.vc_custom_1572018857458{margin-top: 0px !important;margin-right: 0px !important;margin-bottom: 0px !important;margin-left: 0px !important;padding-top: 0px !important;padding-right: 0px !important;padding-bottom: 0px !important;padding-left: 0px !important;background-color: #78c600 !important;}&#8221;][vc_column css=&#8221;.vc_custom_1572018850926{margin: [\u2026]","og_url":"https:\/\/juanfe.juanfe.org\/en\/santiago-of-chile\/","og_site_name":"Fundaci\u00f3n Juanfe","article_modified_time":"2024-04-10T13:45:43+00:00","og_image":[{"url":"https:\/\/juanfe.juanfe.org\/wp-content\/uploads\/2019\/11\/icon-location.png"}],"twitter_card":"summary_large_image","twitter_misc":{"Est. reading time":"3 minutes"},"schema":{"@context":"https:\/\/schema.org","@graph":[{"@type":"WebPage","@id":"https:\/\/juanfe.juanfe.org\/en\/santiago-of-chile\/","url":"https:\/\/juanfe.juanfe.org\/en\/santiago-of-chile\/","name":"Fundaci\u00f3n Juanfe | Santiago de Chile","isPartOf":{"@id":"https:\/\/juanfe.juanfe.org\/en\/#website"},"primaryImageOfPage":{"@id":"https:\/\/juanfe.juanfe.org\/en\/santiago-of-chile\/#primaryimage"},"image":{"@id":"https:\/\/juanfe.juanfe.org\/en\/santiago-of-chile\/#primaryimage"},"thumbnailUrl":"https:\/\/juanfe.juanfe.org\/wp-content\/uploads\/2019\/11\/icon-location.png","datePublished":"2019-10-28T15:38:58+00:00","dateModified":"2024-04-10T13:45:43+00:00","breadcrumb":{"@id":"https:\/\/juanfe.juanfe.org\/en\/santiago-of-chile\/#breadcrumb"},"inLanguage":"en-US","potentialAction":[{"@type":"ReadAction","target":["https:\/\/juanfe.juanfe.org\/en\/santiago-of-chile\/"]}]},{"@type":"ImageObject","inLanguage":"en-US","@id":"https:\/\/juanfe.juanfe.org\/en\/santiago-of-chile\/#primaryimage","url":"https:\/\/juanfe.juanfe.org\/wp-content\/uploads\/2019\/11\/icon-location.png","contentUrl":"https:\/\/juanfe.juanfe.org\/wp-content\/uploads\/2019\/11\/icon-location.png"},{"@type":"BreadcrumbList","@id":"https:\/\/juanfe.juanfe.org\/en\/santiago-of-chile\/#breadcrumb","itemListElement":[{"@type":"ListItem","position":1,"name":"Portada","item":"https:\/\/juanfe.juanfe.org\/en\/"},{"@type":"ListItem","position":2,"name":"Santiago de Chile"}]},{"@type":"WebSite","@id":"https:\/\/juanfe.juanfe.org\/en\/#website","url":"https:\/\/juanfe.juanfe.org\/en\/","name":"Fundaci\u00f3n Juanfe","description":"En la Fundaci\u00f3n Juanfe, sabemos que invertir en las mujeres es la clave para erradicar la pobreza y avanzar en la equidad de g\u00e9nero.","publisher":{"@id":"https:\/\/juanfe.juanfe.org\/en\/#organization"},"potentialAction":[{"@type":"SearchAction","target":{"@type":"EntryPoint","urlTemplate":"https:\/\/juanfe.juanfe.org\/en\/?s={search_term_string}"},"query-input":"required name=search_term_string"}],"inLanguage":"en-US"},{"@type":"Organization","@id":"https:\/\/juanfe.juanfe.org\/en\/#organization","name":"Fundaci\u00f3n Juanfe","url":"https:\/\/juanfe.juanfe.org\/en\/","logo":{"@type":"ImageObject","inLanguage":"en-US","@id":"https:\/\/juanfe.juanfe.org\/en\/#\/schema\/logo\/image\/","url":"https:\/\/juanfe.juanfe.org\/wp-content\/uploads\/2019\/11\/logo_Fundacion_JuanFe_Colombia.png","contentUrl":"https:\/\/juanfe.juanfe.org\/wp-content\/uploads\/2019\/11\/logo_Fundacion_JuanFe_Colombia.png","width":251,"height":75,"caption":"Fundaci\u00f3n Juanfe"},"image":{"@id":"https:\/\/juanfe.juanfe.org\/en\/#\/schema\/logo\/image\/"}}]}},"_links":{"self":[{"href":"https:\/\/juanfe.juanfe.org\/en\/wp-json\/wp\/v2\/pages\/277","targetHints":{"allow":["GET"]}}],"collection":[{"href":"https:\/\/juanfe.juanfe.org\/en\/wp-json\/wp\/v2\/pages"}],"about":[{"href":"https:\/\/juanfe.juanfe.org\/en\/wp-json\/wp\/v2\/types\/page"}],"author":[{"embeddable":true,"href":"https:\/\/juanfe.juanfe.org\/en\/wp-json\/wp\/v2\/users\/1"}],"replies":[{"embeddable":true,"href":"https:\/\/juanfe.juanfe.org\/en\/wp-json\/wp\/v2\/comments?post=277"}],"version-history":[{"count":15,"href":"https:\/\/juanfe.juanfe.org\/en\/wp-json\/wp\/v2\/pages\/277\/revisions"}],"predecessor-version":[{"id":1053,"href":"https:\/\/juanfe.juanfe.org\/en\/wp-json\/wp\/v2\/pages\/277\/revisions\/1053"}],"wp:attachment":[{"href":"https:\/\/juanfe.juanfe.org\/en\/wp-json\/wp\/v2\/media?parent=277"}],"wp:term":[{"taxonomy":"category","embeddable":true,"href":"https:\/\/juanfe.juanfe.org\/en\/wp-json\/wp\/v2\/categories?post=277"},{"taxonomy":"post_tag","embeddable":true,"href":"https:\/\/juanfe.juanfe.org\/en\/wp-json\/wp\/v2\/tags?post=277"}],"curies":[{"name":"wp","href":"https:\/\/api.w.org\/{rel}","templated":true}]}}