{"id":283,"date":"2019-10-24T21:42:20","date_gmt":"2019-10-24T21:42:20","guid":{"rendered":"https:\/\/70.39.251.12\/que-hacemos\/"},"modified":"2024-05-24T09:14:15","modified_gmt":"2024-05-24T16:14:15","slug":"what-we-do","status":"publish","type":"page","link":"https:\/\/juanfe.juanfe.org\/en\/what-we-do\/","title":{"rendered":"What We Do"},"content":{"rendered":"<div class=\"wpb-content-wrapper\"><p>[vc_row full_width=&#8221;stretch_row_content_no_spaces&#8221; css=&#8221;.vc_custom_1571711456091{background-color: #dedede !important;}&#8221;][vc_column][vc_column_text]<\/p>\n<h2 style=\"text-align: center;\"><span style=\"color: #78bf00;\"><strong>WHAT WE DO<\/strong><\/span><\/h2>\n<p>[\/vc_column_text][\/vc_column][\/vc_row][vc_row full_width=&#8221;stretch_row_content_no_spaces&#8221; css=&#8221;.vc_custom_1572712318701{margin-top: -35px !important;}&#8221;][vc_column offset=&#8221;vc_hidden-sm vc_hidden-xs&#8221;][vc_row_inner css=&#8221;.vc_custom_1572712259903{margin-top: 0px !important;margin-right: 0px !important;margin-bottom: 0px !important;margin-left: 0px !important;padding-top: 0px !important;padding-right: 0px !important;padding-bottom: 0px !important;padding-left: 0px !important;background-color: #78c600 !important;}&#8221;][vc_column_inner css=&#8221;.vc_custom_1572712206645{margin: 0px !important;padding: 0px !important;}&#8221;][vc_column_text css=&#8221;.vc_custom_1688675604096{margin-top: 0px !important;margin-right: 0px !important;margin-bottom: 0px !important;margin-left: 0px !important;padding-top: 10px !important;padding-right: 0px !important;padding-bottom: 8px !important;padding-left: 0px !important;}&#8221;]<\/p>\n<ul class=\"main-menu_quehacemos\">\n<li class=\"dropdown\"><a href=\"https:\/\/juanfe.juanfe.org\/en\/the-problem\/\">The problem<\/a>\n<div class=\"dropdown-content\"><a href=\"https:\/\/juanfe.juanfe.org\/en\/end-of-poverty\/\">NO POVERTY<\/a><br \/>\n<a href=\"https:\/\/juanfe.juanfe.org\/en\/zero-hunger\/\">ZERO HUNGER<\/a><br \/>\n<a href=\"https:\/\/juanfe.juanfe.org\/en\/health-and-wellness\/\">GOOD HEALTH AND WELL-BEING<\/a><br \/>\n<a href=\"https:\/\/juanfe.juanfe.org\/en\/quality-education\/\">QUALITY EDUCATION<\/a><br \/>\n<a href=\"https:\/\/juanfe.juanfe.org\/en\/gender-equality\/\">GENDER EQUALITY<\/a><br \/>\n<a href=\"https:\/\/juanfe.juanfe.org\/en\/decent-job-and-economic-growth\/\">DECENT WORK AND ECONOMIC GROWTH<\/a><br \/>\n<a href=\"https:\/\/juanfe.juanfe.org\/en\/reduction-of-inequalities\/\">REDUCED INEQUALITIES<\/a><br \/>\n<a href=\"https:\/\/juanfe.juanfe.org\/en\/sustainable-cities-and-communities\/\">SUSTAINABLE CITIES AND COMMUNITIES<\/a><br \/>\n<a href=\"https:\/\/juanfe.juanfe.org\/en\/alliances-to-achieve-objectives\/\">PARTNERSHIP FOR THE GOALS <\/a><\/div>\n<\/li>\n<li><a href=\"https:\/\/juanfe.juanfe.org\/en\/the-solution\/\">The solution<\/a><\/li>\n<li><a href=\"https:\/\/juanfe.juanfe.org\/en\/activism\/\">Advocacy<\/a><\/li>\n<li><a href=\"https:\/\/juanfe.juanfe.org\/en\/impact-measurement-and-research\/\">Impact measurement and research<\/a><\/li>\n<li><a href=\"https:\/\/juanfe.juanfe.org\/en\/venezuelan-migrant-population-care-program\/\">Venezuelan Migrant Population Care Program<\/a><\/li>\n<li><a href=\"https:\/\/juanfe.juanfe.org\/en\/social-complex\/\">Social Complex<\/a><\/li>\n<\/ul>\n<p>[\/vc_column_text][\/vc_column_inner][\/vc_row_inner][vc_row_inner css=&#8221;.vc_custom_1572712339575{padding-top: 28px !important;padding-right: 130px !important;padding-left: 130px !important;}&#8221;][vc_column_inner width=&#8221;1\/2&#8243; css=&#8221;.vc_custom_1571954274144{padding-right: 60px !important;padding-left: 60px !important;}&#8221;][vc_column_text css=&#8221;.vc_custom_1657744796942{padding-top: 115px !important;}&#8221;]<\/p>\n<h2><span style=\"color: #003300; font-weight: 300; line-height: normal;\">Since 2002, we have contributed to social transformation and poverty reduction in Latin America.<\/span><\/h2>\n<p>More specifically, <strong><span style=\"color: #033300;\">we put a stop to the intergenerational transmission of poverty<\/span><\/strong> by addressing the problem of adolescent pregnancy in marginalized communities, defending the fundamental rights of the most vulnerable populations \u2013 especially boys, girls, and women, claiming the place and role of women in all areas of society.[\/vc_column_text][\/vc_column_inner][vc_column_inner width=&#8221;1\/2&#8243;][vc_single_image image=&#8221;669&#8243; img_size=&#8221;full&#8221; css=&#8221;.vc_custom_1573749428909{padding-right: 60px !important;padding-left: 10px !important;}&#8221;][\/vc_column_inner][\/vc_row_inner][vc_single_image image=&#8221;6102&#8243; img_size=&#8221;large&#8221; add_caption=&#8221;yes&#8221; alignment=&#8221;center&#8221; title=&#8221;Model of intervention 360\u00b0&#8221;][vc_video link=&#8221;https:\/\/www.youtube.com\/watch?v=JY-JZVzQ1sY&#8221; el_width=&#8221;70&#8243; align=&#8221;center&#8221;][\/vc_column][\/vc_row][vc_row full_width=&#8221;stretch_row_content_no_spaces&#8221; css=&#8221;.vc_custom_1572716613149{margin-top: 35px !important;margin-right: 0px !important;margin-bottom: 0px !important;margin-left: 0px !important;padding-top: 0px !important;padding-right: 0px !important;padding-bottom: 0px !important;padding-left: 0px !important;}&#8221;][vc_column offset=&#8221;vc_hidden-lg vc_hidden-md&#8221;][vc_row_inner css=&#8221;.vc_custom_1572716509194{margin-top: 0px !important;margin-right: 0px !important;margin-bottom: 0px !important;margin-left: 0px !important;padding-top: 0px !important;padding-right: 0px !important;padding-bottom: 0px !important;padding-left: 0px !important;background-color: #78c600 !important;}&#8221;][vc_column_inner css=&#8221;.vc_custom_1572716328706{margin-top: 0px !important;margin-right: 0px !important;margin-bottom: 0px !important;margin-left: 0px !important;padding-top: 0px !important;padding-right: 0px !important;padding-bottom: 0px !important;padding-left: 0px !important;}&#8221; offset=&#8221;vc_hidden-lg vc_hidden-md&#8221;][vc_column_text css=&#8221;.vc_custom_1688676758355{margin-top: 0px !important;margin-right: 0px !important;margin-bottom: 0px !important;margin-left: 0px !important;padding-top: 10px !important;padding-right: 0px !important;padding-bottom: 8px !important;padding-left: 0px !important;}&#8221;]<\/p>\n<ul class=\"main-menu_quehacemos\">\n<li class=\"dropdown\"><a href=\"https:\/\/juanfe.juanfe.org\/en\/the-problem\/\">The problem<\/a>\n<div class=\"dropdown-content\"><a href=\"https:\/\/juanfe.juanfe.org\/en\/end-of-poverty\/\">NO POVERTY<\/a><br \/>\n<a href=\"https:\/\/juanfe.juanfe.org\/en\/zero-hunger\/\">ZERO HUNGER<\/a><br \/>\n<a href=\"https:\/\/juanfe.juanfe.org\/en\/health-and-wellness\/\">GOOD HEALTH AND WELL-BEING<\/a><br \/>\n<a href=\"https:\/\/juanfe.juanfe.org\/en\/quality-education\/\">QUALITY EDUCATION<\/a><br \/>\n<a href=\"https:\/\/juanfe.juanfe.org\/en\/gender-equality\/\">GENDER EQUALITY<\/a><br \/>\n<a href=\"https:\/\/juanfe.juanfe.org\/en\/decent-job-and-economic-growth\/\">DECENT WORK AND ECONOMIC GROWTH<\/a><br \/>\n<a href=\"https:\/\/juanfe.juanfe.org\/en\/reduction-of-inequalities\/\">REDUCED INEQUALITIES<\/a><br \/>\n<a href=\"https:\/\/juanfe.juanfe.org\/en\/sustainable-cities-and-communities\/\">SUSTAINABLE CITIES AND COMMUNITIES<\/a><br \/>\n<a href=\"https:\/\/juanfe.juanfe.org\/en\/alliances-to-achieve-objectives\/\">PARTNERSHIP FOR THE GOALS <\/a><\/div>\n<\/li>\n<li><a href=\"https:\/\/juanfe.juanfe.org\/en\/the-solution\/\">The solution<\/a><\/li>\n<li><a href=\"https:\/\/juanfe.juanfe.org\/en\/activism\/\">Advocacy<\/a><\/li>\n<li><a href=\"https:\/\/juanfe.juanfe.org\/en\/impact-measurement-and-research\/\">Impact measurement and research<\/a><\/li>\n<li><a href=\"https:\/\/juanfe.juanfe.org\/en\/venezuelan-migrant-population-care-program\/\">Venezuelan Migrant Population Care Program<\/a><\/li>\n<li><a href=\"https:\/\/juanfe.juanfe.org\/en\/social-complex\/\">Social Complex<\/a><\/li>\n<\/ul>\n<p>[\/vc_column_text][\/vc_column_inner][\/vc_row_inner][vc_row_inner css=&#8221;.vc_custom_1572716434643{padding-right: 30px !important;padding-left: 30px !important;}&#8221;][vc_column_inner width=&#8221;1\/2&#8243;][vc_column_text]<\/p>\n<h2><span style=\"color: #003300; font-weight: 300; line-height: normal;\">Since 2002, we contribute to social transformation and poverty reduction in Latin America.<\/span><\/h2>\n<p>More specifically, we put a stop to the intergenerational transmission of poverty by addressing the problem of adolescent pregnancy in marginalized communities, defending the fundamental rights of the most vulnerable populations \u2013 especially boys, girls and women, and claiming the place and role of women in all areas of society.[\/vc_column_text][\/vc_column_inner][vc_column_inner width=&#8221;1\/2&#8243;][vc_single_image image=&#8221;669&#8243; img_size=&#8221;full&#8221; css=&#8221;.vc_custom_1573749428909{padding-right: 60px !important;padding-left: 10px !important;}&#8221;][\/vc_column_inner][\/vc_row_inner][\/vc_column][\/vc_row][vc_row full_width=&#8221;stretch_row_content_no_spaces&#8221; bg_type=&#8221;image&#8221; parallax_style=&#8221;vcpb-vz-jquery&#8221; bg_image_new=&#8221;id^277|url^https:\/\/juanfe.juanfe.org\/wp-content\/uploads\/2019\/10\/tu-tambien-puedes-ayudar.jpg|caption^null|alt^null|title^tu-tambien-puedes-ayudar|description^null&#8221;][vc_column][vc_row_inner css=&#8221;.vc_custom_1571954023753{padding-top: 35px !important;}&#8221;][vc_column_inner][vc_column_text]<\/p>\n<h2 style=\"text-align: center; font-weight: 300; line-height: 0;\"><span style=\"color: #ffffff;\"><strong><img decoding=\"async\" class=\"alignnone wp-image-280\" src=\"https:\/\/juanfe.juanfe.org\/wp-content\/uploads\/2019\/10\/icon-apoyamos.png\" alt=\"\" width=\"100\" height=\"100\" \/><\/strong><\/span><\/h2>\n<p style=\"text-align: center; font-weight: 300; font-size: 18px; line-height: 3;\"><span style=\"color: #ffffff;\">We have transformed the reality of more than<\/span><\/p>\n<h2 style=\"text-align: center; font-weight: 300; font-size: 41px; line-height: 0;\"><span style=\"color: #ffffff;\"><strong>290.000 people<\/strong><\/span><\/h2>\n<p>[\/vc_column_text][vc_column_text]<\/p>\n<p style=\"text-align: center;\"><a class=\"myButton\" href=\"https:\/\/juanfe.juanfe.org\/en\/donacionesapp\/\">You can also help<\/a><\/p>\n<p>[\/vc_column_text][\/vc_column_inner][\/vc_row_inner][\/vc_column][\/vc_row]<\/p>\n<\/div>","protected":false},"excerpt":{"rendered":"<p>[vc_row full_width=&#8221;stretch_row_content_no_spaces&#8221; css=&#8221;.vc_custom_1571711456091{background-color: #dedede !important;}&#8221;][vc_column][vc_column_text] WHAT WE DO [\/vc_column_text][\/vc_column][\/vc_row][vc_row full_width=&#8221;stretch_row_content_no_spaces&#8221; css=&#8221;.vc_custom_1572712318701{margin-top: -35px !important;}&#8221;][vc_column offset=&#8221;vc_hidden-sm vc_hidden-xs&#8221;][vc_row_inner css=&#8221;.vc_custom_1572712259903{margin-top: 0px !important;margin-right: 0px !important;margin-bottom: 0px !important;margin-left: 0px !important;padding-top: 0px !important;padding-right: 0px !important;padding-bottom: 0px !important;padding-left:<span class=\"excerpt-hellip\"> [\u2026]<\/span><\/p>\n","protected":false},"author":1,"featured_media":0,"parent":0,"menu_order":0,"comment_status":"closed","ping_status":"closed","template":"","meta":{"footnotes":""},"categories":[],"tags":[],"class_list":["post-283","page","type-page","status-publish","hentry"],"yoast_head":"<!-- This site is optimized with the Yoast SEO plugin v23.2 - https:\/\/yoast.com\/wordpress\/plugins\/seo\/ -->\n<title>Fundaci\u00f3n Juanfe | What We Do<\/title>\n<meta name=\"robots\" content=\"index, follow, max-snippet:-1, max-image-preview:large, max-video-preview:-1\" \/>\n<link rel=\"canonical\" href=\"https:\/\/juanfe.juanfe.org\/en\/what-we-do\/\" \/>\n<meta property=\"og:locale\" content=\"en_US\" \/>\n<meta property=\"og:type\" content=\"article\" \/>\n<meta property=\"og:title\" content=\"Fundaci\u00f3n Juanfe | What We Do\" \/>\n<meta property=\"og:description\" content=\"[vc_row full_width=&#8221;stretch_row_content_no_spaces&#8221; css=&#8221;.vc_custom_1571711456091{background-color: #dedede !important;}&#8221;][vc_column][vc_column_text] WHAT WE DO [\/vc_column_text][\/vc_column][\/vc_row][vc_row full_width=&#8221;stretch_row_content_no_spaces&#8221; css=&#8221;.vc_custom_1572712318701{margin-top: -35px !important;}&#8221;][vc_column offset=&#8221;vc_hidden-sm vc_hidden-xs&#8221;][vc_row_inner css=&#8221;.vc_custom_1572712259903{margin-top: 0px !important;margin-right: 0px !important;margin-bottom: 0px !important;margin-left: 0px !important;padding-top: 0px !important;padding-right: 0px !important;padding-bottom: 0px !important;padding-left: [\u2026]\" \/>\n<meta property=\"og:url\" content=\"https:\/\/juanfe.juanfe.org\/en\/what-we-do\/\" \/>\n<meta property=\"og:site_name\" content=\"Fundaci\u00f3n Juanfe\" \/>\n<meta property=\"article:modified_time\" content=\"2024-05-24T16:14:15+00:00\" \/>\n<meta property=\"og:image\" content=\"https:\/\/juanfe.juanfe.org\/wp-content\/uploads\/2019\/10\/icon-apoyamos.png\" \/>\n<meta name=\"twitter:card\" content=\"summary_large_image\" \/>\n<meta name=\"twitter:label1\" content=\"Est. reading time\" \/>\n\t<meta name=\"twitter:data1\" content=\"2 minutes\" \/>\n<script type=\"application\/ld+json\" class=\"yoast-schema-graph\">{\"@context\":\"https:\/\/schema.org\",\"@graph\":[{\"@type\":\"WebPage\",\"@id\":\"https:\/\/juanfe.juanfe.org\/en\/what-we-do\/\",\"url\":\"https:\/\/juanfe.juanfe.org\/en\/what-we-do\/\",\"name\":\"Fundaci\u00f3n Juanfe | What We Do\",\"isPartOf\":{\"@id\":\"https:\/\/juanfe.juanfe.org\/en\/#website\"},\"primaryImageOfPage\":{\"@id\":\"https:\/\/juanfe.juanfe.org\/en\/what-we-do\/#primaryimage\"},\"image\":{\"@id\":\"https:\/\/juanfe.juanfe.org\/en\/what-we-do\/#primaryimage\"},\"thumbnailUrl\":\"https:\/\/juanfe.juanfe.org\/wp-content\/uploads\/2019\/10\/icon-apoyamos.png\",\"datePublished\":\"2019-10-24T21:42:20+00:00\",\"dateModified\":\"2024-05-24T16:14:15+00:00\",\"breadcrumb\":{\"@id\":\"https:\/\/juanfe.juanfe.org\/en\/what-we-do\/#breadcrumb\"},\"inLanguage\":\"en-US\",\"potentialAction\":[{\"@type\":\"ReadAction\",\"target\":[\"https:\/\/juanfe.juanfe.org\/en\/what-we-do\/\"]}]},{\"@type\":\"ImageObject\",\"inLanguage\":\"en-US\",\"@id\":\"https:\/\/juanfe.juanfe.org\/en\/what-we-do\/#primaryimage\",\"url\":\"https:\/\/juanfe.juanfe.org\/wp-content\/uploads\/2019\/10\/icon-apoyamos.png\",\"contentUrl\":\"https:\/\/juanfe.juanfe.org\/wp-content\/uploads\/2019\/10\/icon-apoyamos.png\"},{\"@type\":\"BreadcrumbList\",\"@id\":\"https:\/\/juanfe.juanfe.org\/en\/what-we-do\/#breadcrumb\",\"itemListElement\":[{\"@type\":\"ListItem\",\"position\":1,\"name\":\"Portada\",\"item\":\"https:\/\/juanfe.juanfe.org\/en\/\"},{\"@type\":\"ListItem\",\"position\":2,\"name\":\"What We Do\"}]},{\"@type\":\"WebSite\",\"@id\":\"https:\/\/juanfe.juanfe.org\/en\/#website\",\"url\":\"https:\/\/juanfe.juanfe.org\/en\/\",\"name\":\"Fundaci\u00f3n Juanfe\",\"description\":\"En la Fundaci\u00f3n Juanfe, sabemos que invertir en las mujeres es la clave para erradicar la pobreza y avanzar en la equidad de g\u00e9nero.\",\"publisher\":{\"@id\":\"https:\/\/juanfe.juanfe.org\/en\/#organization\"},\"potentialAction\":[{\"@type\":\"SearchAction\",\"target\":{\"@type\":\"EntryPoint\",\"urlTemplate\":\"https:\/\/juanfe.juanfe.org\/en\/?s={search_term_string}\"},\"query-input\":\"required name=search_term_string\"}],\"inLanguage\":\"en-US\"},{\"@type\":\"Organization\",\"@id\":\"https:\/\/juanfe.juanfe.org\/en\/#organization\",\"name\":\"Fundaci\u00f3n Juanfe\",\"url\":\"https:\/\/juanfe.juanfe.org\/en\/\",\"logo\":{\"@type\":\"ImageObject\",\"inLanguage\":\"en-US\",\"@id\":\"https:\/\/juanfe.juanfe.org\/en\/#\/schema\/logo\/image\/\",\"url\":\"https:\/\/juanfe.juanfe.org\/wp-content\/uploads\/2019\/11\/logo_Fundacion_JuanFe_Colombia.png\",\"contentUrl\":\"https:\/\/juanfe.juanfe.org\/wp-content\/uploads\/2019\/11\/logo_Fundacion_JuanFe_Colombia.png\",\"width\":251,\"height\":75,\"caption\":\"Fundaci\u00f3n Juanfe\"},\"image\":{\"@id\":\"https:\/\/juanfe.juanfe.org\/en\/#\/schema\/logo\/image\/\"}}]}<\/script>\n<!-- \/ Yoast SEO plugin. -->","yoast_head_json":{"title":"Fundaci\u00f3n Juanfe | What We Do","robots":{"index":"index","follow":"follow","max-snippet":"max-snippet:-1","max-image-preview":"max-image-preview:large","max-video-preview":"max-video-preview:-1"},"canonical":"https:\/\/juanfe.juanfe.org\/en\/what-we-do\/","og_locale":"en_US","og_type":"article","og_title":"Fundaci\u00f3n Juanfe | What We Do","og_description":"[vc_row full_width=&#8221;stretch_row_content_no_spaces&#8221; css=&#8221;.vc_custom_1571711456091{background-color: #dedede !important;}&#8221;][vc_column][vc_column_text] WHAT WE DO [\/vc_column_text][\/vc_column][\/vc_row][vc_row full_width=&#8221;stretch_row_content_no_spaces&#8221; css=&#8221;.vc_custom_1572712318701{margin-top: -35px !important;}&#8221;][vc_column offset=&#8221;vc_hidden-sm vc_hidden-xs&#8221;][vc_row_inner css=&#8221;.vc_custom_1572712259903{margin-top: 0px !important;margin-right: 0px !important;margin-bottom: 0px !important;margin-left: 0px !important;padding-top: 0px !important;padding-right: 0px !important;padding-bottom: 0px !important;padding-left: [\u2026]","og_url":"https:\/\/juanfe.juanfe.org\/en\/what-we-do\/","og_site_name":"Fundaci\u00f3n Juanfe","article_modified_time":"2024-05-24T16:14:15+00:00","og_image":[{"url":"https:\/\/juanfe.juanfe.org\/wp-content\/uploads\/2019\/10\/icon-apoyamos.png"}],"twitter_card":"summary_large_image","twitter_misc":{"Est. reading time":"2 minutes"},"schema":{"@context":"https:\/\/schema.org","@graph":[{"@type":"WebPage","@id":"https:\/\/juanfe.juanfe.org\/en\/what-we-do\/","url":"https:\/\/juanfe.juanfe.org\/en\/what-we-do\/","name":"Fundaci\u00f3n Juanfe | What We Do","isPartOf":{"@id":"https:\/\/juanfe.juanfe.org\/en\/#website"},"primaryImageOfPage":{"@id":"https:\/\/juanfe.juanfe.org\/en\/what-we-do\/#primaryimage"},"image":{"@id":"https:\/\/juanfe.juanfe.org\/en\/what-we-do\/#primaryimage"},"thumbnailUrl":"https:\/\/juanfe.juanfe.org\/wp-content\/uploads\/2019\/10\/icon-apoyamos.png","datePublished":"2019-10-24T21:42:20+00:00","dateModified":"2024-05-24T16:14:15+00:00","breadcrumb":{"@id":"https:\/\/juanfe.juanfe.org\/en\/what-we-do\/#breadcrumb"},"inLanguage":"en-US","potentialAction":[{"@type":"ReadAction","target":["https:\/\/juanfe.juanfe.org\/en\/what-we-do\/"]}]},{"@type":"ImageObject","inLanguage":"en-US","@id":"https:\/\/juanfe.juanfe.org\/en\/what-we-do\/#primaryimage","url":"https:\/\/juanfe.juanfe.org\/wp-content\/uploads\/2019\/10\/icon-apoyamos.png","contentUrl":"https:\/\/juanfe.juanfe.org\/wp-content\/uploads\/2019\/10\/icon-apoyamos.png"},{"@type":"BreadcrumbList","@id":"https:\/\/juanfe.juanfe.org\/en\/what-we-do\/#breadcrumb","itemListElement":[{"@type":"ListItem","position":1,"name":"Portada","item":"https:\/\/juanfe.juanfe.org\/en\/"},{"@type":"ListItem","position":2,"name":"What We Do"}]},{"@type":"WebSite","@id":"https:\/\/juanfe.juanfe.org\/en\/#website","url":"https:\/\/juanfe.juanfe.org\/en\/","name":"Fundaci\u00f3n Juanfe","description":"En la Fundaci\u00f3n Juanfe, sabemos que invertir en las mujeres es la clave para erradicar la pobreza y avanzar en la equidad de g\u00e9nero.","publisher":{"@id":"https:\/\/juanfe.juanfe.org\/en\/#organization"},"potentialAction":[{"@type":"SearchAction","target":{"@type":"EntryPoint","urlTemplate":"https:\/\/juanfe.juanfe.org\/en\/?s={search_term_string}"},"query-input":"required name=search_term_string"}],"inLanguage":"en-US"},{"@type":"Organization","@id":"https:\/\/juanfe.juanfe.org\/en\/#organization","name":"Fundaci\u00f3n Juanfe","url":"https:\/\/juanfe.juanfe.org\/en\/","logo":{"@type":"ImageObject","inLanguage":"en-US","@id":"https:\/\/juanfe.juanfe.org\/en\/#\/schema\/logo\/image\/","url":"https:\/\/juanfe.juanfe.org\/wp-content\/uploads\/2019\/11\/logo_Fundacion_JuanFe_Colombia.png","contentUrl":"https:\/\/juanfe.juanfe.org\/wp-content\/uploads\/2019\/11\/logo_Fundacion_JuanFe_Colombia.png","width":251,"height":75,"caption":"Fundaci\u00f3n Juanfe"},"image":{"@id":"https:\/\/juanfe.juanfe.org\/en\/#\/schema\/logo\/image\/"}}]}},"_links":{"self":[{"href":"https:\/\/juanfe.juanfe.org\/en\/wp-json\/wp\/v2\/pages\/283","targetHints":{"allow":["GET"]}}],"collection":[{"href":"https:\/\/juanfe.juanfe.org\/en\/wp-json\/wp\/v2\/pages"}],"about":[{"href":"https:\/\/juanfe.juanfe.org\/en\/wp-json\/wp\/v2\/types\/page"}],"author":[{"embeddable":true,"href":"https:\/\/juanfe.juanfe.org\/en\/wp-json\/wp\/v2\/users\/1"}],"replies":[{"embeddable":true,"href":"https:\/\/juanfe.juanfe.org\/en\/wp-json\/wp\/v2\/comments?post=283"}],"version-history":[{"count":29,"href":"https:\/\/juanfe.juanfe.org\/en\/wp-json\/wp\/v2\/pages\/283\/revisions"}],"predecessor-version":[{"id":6565,"href":"https:\/\/juanfe.juanfe.org\/en\/wp-json\/wp\/v2\/pages\/283\/revisions\/6565"}],"wp:attachment":[{"href":"https:\/\/juanfe.juanfe.org\/en\/wp-json\/wp\/v2\/media?parent=283"}],"wp:term":[{"taxonomy":"category","embeddable":true,"href":"https:\/\/juanfe.juanfe.org\/en\/wp-json\/wp\/v2\/categories?post=283"},{"taxonomy":"post_tag","embeddable":true,"href":"https:\/\/juanfe.juanfe.org\/en\/wp-json\/wp\/v2\/tags?post=283"}],"curies":[{"name":"wp","href":"https:\/\/api.w.org\/{rel}","templated":true}]}}