{"id":4668,"date":"2022-11-10T10:12:53","date_gmt":"2022-11-10T18:12:53","guid":{"rendered":"https:\/\/juanfe.juanfe.org\/?page_id=4668"},"modified":"2024-04-26T11:07:37","modified_gmt":"2024-04-26T18:07:37","slug":"inspire-fem","status":"publish","type":"page","link":"https:\/\/juanfe.juanfe.org\/en\/inspire-fem\/","title":{"rendered":"INSPIRE FEM"},"content":{"rendered":"<div class=\"wpb-content-wrapper\"><p>[vc_row full_width=&#8221;stretch_row_content_no_spaces&#8221; css=&#8221;.vc_custom_1571711456091{background-color: #dedede !important;}&#8221;][vc_column][vc_column_text]<\/p>\n<h2 style=\"text-align: center;\"><span style=\"color: #78bf00;\"><b>INSPIRE\u00a0<\/b><\/span><\/h2>\n<p>[\/vc_column_text][\/vc_column][\/vc_row][vc_row][vc_column offset=&#8221;vc_hidden-sm vc_hidden-xs&#8221;][vc_row_inner][vc_column_inner width=&#8221;1\/2&#8243;][vc_column_text css_animation=&#8221;appear&#8221; css=&#8221;.vc_custom_1714153100832{padding-top: 40px !important;padding-right: 70px !important;padding-left: 60px !important;}&#8221;]<\/p>\n<h1 style=\"text-align: center;\"><span style=\"color: #003300; font-size: 28px;\">Inspire Fem<\/span><\/h1>\n<p>Inspira Fem is a program where you will develop your human potential and acquire personal growth tools that will transform you to be an agent of social change in your environment or community. In this experience, you will have a meeting of souls to create a higher purpose Inspired by the work of these 22 years, with a professional and highly trained team, and the hand of Catalina Escobar, our founder, and president, you will see how transforming your own reality you can live a life with purpose.<\/p>\n<p>&nbsp;<\/p>\n<p><strong>Target audience:<\/strong> women over 25 years old, with high sensitivity for social issues, social entrepreneurship, and who are agents of change. No matter what profession you have, this volunteer program is for you.<\/p>\n<p>&nbsp;<\/p>\n<p><strong>Live the best philanthropic experience of your life!<\/strong><\/p>\n<ul>\n<li>For 3 days you will have a total immersion through the soul of the Juanfe.<\/li>\n<li>Get to know the reality of a country in our social entrepreneurship immersion.<\/li>\n<li>Open yourself to the opportunity to experience an inner awakening with us.<\/li>\n<li>Strengthen competencies that will make you an agent of change, a true leader.<\/li>\n<\/ul>\n<p><strong>Dates:<\/strong> June 12 to June 15, 2024.<\/p>\n<p><strong>Cost of Attendance:<\/strong> $1.966 (USD)<\/p>\n<p>*Price includes lodging, food, and transportation in Cartagena. Airfare is not included.<\/p>\n<p><strong>For more information contact us at lajuanfe@juanfe.juanfe.org or +57 3176818510.<\/strong>[\/vc_column_text][vc_btn title=&#8221;LEAVE US YOUR INFORMATION HERE&#8221; color=&#8221;green&#8221; align=&#8221;center&#8221; link=&#8221;url:https%3A%2F%2Fjuanfe.juanfe.org%2Fen%2Finspire-form-2023%2F|title:Inspire%20Form%202023|target:_blank&#8221;][\/vc_column_inner][vc_column_inner width=&#8221;1\/2&#8243;]<div class=\"ult-spacer spacer-69f619cc5c4e2\" data-id=\"69f619cc5c4e2\" data-height=\"10\" data-height-mobile=\"10\" data-height-tab=\"10\" data-height-tab-portrait=\"\" data-height-mobile-landscape=\"\" style=\"clear:both;display:block;\"><\/div>[\/vc_column_inner][\/vc_row_inner][\/vc_column][\/vc_row][vc_row][vc_column offset=&#8221;vc_hidden-lg vc_hidden-md&#8221;][vc_row_inner][vc_column_inner width=&#8221;1\/2&#8243;][vc_column_text css=&#8221;.vc_custom_1673967043377{padding-top: 40px !important;padding-right: 30px !important;padding-left: 30px !important;}&#8221;]<\/p>\n<h1 style=\"text-align: center;\"><span style=\"color: #003300; font-size: 28px;\">Inspire Fem<\/span><\/h1>\n<p>Inspira Fem is a program where you will develop your human potential and acquire personal growth tools that will transform you to be an agent of social change in your environment or community. In this experience, you will have a meeting of souls to create a higher purpose Inspired by the work of these 22 years, with a professional and highly trained team, and the hand of Catalina Escobar, our founder, and president, you will see how transforming your own reality you can live a life with purpose.<\/p>\n<p>&nbsp;<\/p>\n<p><strong>Target audience:<\/strong> women over 25 years old, with high sensitivity for social issues, social entrepreneurship, and who are agents of change. No matter what profession you have, this volunteer program is for you.<\/p>\n<p>&nbsp;<\/p>\n<p><strong>Live the best philanthropic experience of your life!<\/strong><\/p>\n<ul>\n<li>For 3 days you will have a total immersion through the soul of the Juanfe.<\/li>\n<li>Get to know the reality of a country in our social entrepreneurship immersion.<\/li>\n<li>Open yourself to the opportunity to experience an inner awakening with us.<\/li>\n<li>Strengthen competencies that will make you an agent of change, a true leader.<\/li>\n<\/ul>\n<p><strong>Dates:<\/strong> April 12 to April 16, 2023.<\/p>\n<p><strong>Cost of Attendance:<\/strong> $2.100 (USD)<\/p>\n<p>*Price includes lodging, food, and transportation in Cartagena. Airfare is not included.<\/p>\n<p><strong>For more information contact us at lajuanfe@juanfe.juanfe.org or +57 3176818510.<\/strong>[\/vc_column_text][vc_btn title=&#8221;LEAVE US YOUR INFORMATION HERE&#8221; color=&#8221;green&#8221; align=&#8221;center&#8221; link=&#8221;url:https%3A%2F%2Fjuanfe.juanfe.org%2Fen%2Finspire-form-2023%2F|title:Inspire%20Form%202023&#8243;][\/vc_column_inner][vc_column_inner width=&#8221;1\/2&#8243;]<div class=\"ult-spacer spacer-69f619cc5c50e\" data-id=\"69f619cc5c50e\" data-height=\"10\" data-height-mobile=\"10\" data-height-tab=\"10\" data-height-tab-portrait=\"\" data-height-mobile-landscape=\"\" style=\"clear:both;display:block;\"><\/div>[vc_single_image image=&#8221;4940&#8243;][\/vc_column_inner][\/vc_row_inner][\/vc_column][\/vc_row]<\/p>\n<\/div>","protected":false},"excerpt":{"rendered":"<p>[vc_row full_width=&#8221;stretch_row_content_no_spaces&#8221; css=&#8221;.vc_custom_1571711456091{background-color: #dedede !important;}&#8221;][vc_column][vc_column_text] INSPIRE\u00a0 [\/vc_column_text][\/vc_column][\/vc_row][vc_row][vc_column offset=&#8221;vc_hidden-sm vc_hidden-xs&#8221;][vc_row_inner][vc_column_inner width=&#8221;1\/2&#8243;][vc_column_text css_animation=&#8221;appear&#8221; css=&#8221;.vc_custom_1714153100832{padding-top: 40px !important;padding-right: 70px !important;padding-left: 60px !important;}&#8221;] Inspire Fem Inspira Fem is a program where you will develop your<span class=\"excerpt-hellip\"> [\u2026]<\/span><\/p>\n","protected":false},"author":2,"featured_media":0,"parent":0,"menu_order":0,"comment_status":"closed","ping_status":"closed","template":"","meta":{"footnotes":""},"categories":[],"tags":[],"class_list":["post-4668","page","type-page","status-publish","hentry"],"yoast_head":"<!-- This site is optimized with the Yoast SEO plugin v23.2 - https:\/\/yoast.com\/wordpress\/plugins\/seo\/ -->\n<title>Fundaci\u00f3n Juanfe | INSPIRE FEM<\/title>\n<meta name=\"description\" content=\"Inspira Fem is a program where you will acquire personal growth tools that will transform you into an agent of change in your environment or community.\" \/>\n<meta name=\"robots\" content=\"index, follow, max-snippet:-1, max-image-preview:large, max-video-preview:-1\" \/>\n<link rel=\"canonical\" href=\"https:\/\/juanfe.juanfe.org\/inspira-programa-de-verano-de-emprendimiento-social\/\" \/>\n<meta property=\"og:locale\" content=\"en_US\" \/>\n<meta property=\"og:type\" content=\"article\" \/>\n<meta property=\"og:title\" content=\"Fundaci\u00f3n Juanfe | INSPIRE FEM\" \/>\n<meta property=\"og:description\" content=\"Inspira Fem is a program where you will acquire personal growth tools that will transform you into an agent of change in your environment or community.\" \/>\n<meta property=\"og:url\" content=\"https:\/\/juanfe.juanfe.org\/inspira-programa-de-verano-de-emprendimiento-social\/\" \/>\n<meta property=\"og:site_name\" content=\"Fundaci\u00f3n Juanfe\" \/>\n<meta property=\"article:modified_time\" content=\"2024-04-26T18:07:37+00:00\" \/>\n<meta name=\"twitter:card\" content=\"summary_large_image\" \/>\n<meta name=\"twitter:label1\" content=\"Est. reading time\" \/>\n\t<meta name=\"twitter:data1\" content=\"3 minutes\" \/>\n<script type=\"application\/ld+json\" class=\"yoast-schema-graph\">{\"@context\":\"https:\/\/schema.org\",\"@graph\":[{\"@type\":\"WebPage\",\"@id\":\"https:\/\/juanfe.juanfe.org\/inspira-programa-de-verano-de-emprendimiento-social\/\",\"url\":\"https:\/\/juanfe.juanfe.org\/inspira-programa-de-verano-de-emprendimiento-social\/\",\"name\":\"Fundaci\u00f3n Juanfe | INSPIRE FEM\",\"isPartOf\":{\"@id\":\"https:\/\/juanfe.juanfe.org\/en\/#website\"},\"datePublished\":\"2022-11-10T18:12:53+00:00\",\"dateModified\":\"2024-04-26T18:07:37+00:00\",\"description\":\"Inspira Fem is a program where you will acquire personal growth tools that will transform you into an agent of change in your environment or community.\",\"breadcrumb\":{\"@id\":\"https:\/\/juanfe.juanfe.org\/inspira-programa-de-verano-de-emprendimiento-social\/#breadcrumb\"},\"inLanguage\":\"en-US\",\"potentialAction\":[{\"@type\":\"ReadAction\",\"target\":[\"https:\/\/juanfe.juanfe.org\/inspira-programa-de-verano-de-emprendimiento-social\/\"]}]},{\"@type\":\"BreadcrumbList\",\"@id\":\"https:\/\/juanfe.juanfe.org\/inspira-programa-de-verano-de-emprendimiento-social\/#breadcrumb\",\"itemListElement\":[{\"@type\":\"ListItem\",\"position\":1,\"name\":\"Portada\",\"item\":\"https:\/\/juanfe.juanfe.org\/en\/\"},{\"@type\":\"ListItem\",\"position\":2,\"name\":\"INSPIRE FEM\"}]},{\"@type\":\"WebSite\",\"@id\":\"https:\/\/juanfe.juanfe.org\/en\/#website\",\"url\":\"https:\/\/juanfe.juanfe.org\/en\/\",\"name\":\"Fundaci\u00f3n Juanfe\",\"description\":\"En la Fundaci\u00f3n Juanfe, sabemos que invertir en las mujeres es la clave para erradicar la pobreza y avanzar en la equidad de g\u00e9nero.\",\"publisher\":{\"@id\":\"https:\/\/juanfe.juanfe.org\/en\/#organization\"},\"potentialAction\":[{\"@type\":\"SearchAction\",\"target\":{\"@type\":\"EntryPoint\",\"urlTemplate\":\"https:\/\/juanfe.juanfe.org\/en\/?s={search_term_string}\"},\"query-input\":\"required name=search_term_string\"}],\"inLanguage\":\"en-US\"},{\"@type\":\"Organization\",\"@id\":\"https:\/\/juanfe.juanfe.org\/en\/#organization\",\"name\":\"Fundaci\u00f3n Juanfe\",\"url\":\"https:\/\/juanfe.juanfe.org\/en\/\",\"logo\":{\"@type\":\"ImageObject\",\"inLanguage\":\"en-US\",\"@id\":\"https:\/\/juanfe.juanfe.org\/en\/#\/schema\/logo\/image\/\",\"url\":\"https:\/\/juanfe.juanfe.org\/wp-content\/uploads\/2019\/11\/logo_Fundacion_JuanFe_Colombia.png\",\"contentUrl\":\"https:\/\/juanfe.juanfe.org\/wp-content\/uploads\/2019\/11\/logo_Fundacion_JuanFe_Colombia.png\",\"width\":251,\"height\":75,\"caption\":\"Fundaci\u00f3n Juanfe\"},\"image\":{\"@id\":\"https:\/\/juanfe.juanfe.org\/en\/#\/schema\/logo\/image\/\"}}]}<\/script>\n<!-- \/ Yoast SEO plugin. -->","yoast_head_json":{"title":"Fundaci\u00f3n Juanfe | INSPIRE FEM","description":"Inspira Fem is a program where you will acquire personal growth tools that will transform you into an agent of change in your environment or community.","robots":{"index":"index","follow":"follow","max-snippet":"max-snippet:-1","max-image-preview":"max-image-preview:large","max-video-preview":"max-video-preview:-1"},"canonical":"https:\/\/juanfe.juanfe.org\/inspira-programa-de-verano-de-emprendimiento-social\/","og_locale":"en_US","og_type":"article","og_title":"Fundaci\u00f3n Juanfe | INSPIRE FEM","og_description":"Inspira Fem is a program where you will acquire personal growth tools that will transform you into an agent of change in your environment or community.","og_url":"https:\/\/juanfe.juanfe.org\/inspira-programa-de-verano-de-emprendimiento-social\/","og_site_name":"Fundaci\u00f3n Juanfe","article_modified_time":"2024-04-26T18:07:37+00:00","twitter_card":"summary_large_image","twitter_misc":{"Est. reading time":"3 minutes"},"schema":{"@context":"https:\/\/schema.org","@graph":[{"@type":"WebPage","@id":"https:\/\/juanfe.juanfe.org\/inspira-programa-de-verano-de-emprendimiento-social\/","url":"https:\/\/juanfe.juanfe.org\/inspira-programa-de-verano-de-emprendimiento-social\/","name":"Fundaci\u00f3n Juanfe | INSPIRE FEM","isPartOf":{"@id":"https:\/\/juanfe.juanfe.org\/en\/#website"},"datePublished":"2022-11-10T18:12:53+00:00","dateModified":"2024-04-26T18:07:37+00:00","description":"Inspira Fem is a program where you will acquire personal growth tools that will transform you into an agent of change in your environment or community.","breadcrumb":{"@id":"https:\/\/juanfe.juanfe.org\/inspira-programa-de-verano-de-emprendimiento-social\/#breadcrumb"},"inLanguage":"en-US","potentialAction":[{"@type":"ReadAction","target":["https:\/\/juanfe.juanfe.org\/inspira-programa-de-verano-de-emprendimiento-social\/"]}]},{"@type":"BreadcrumbList","@id":"https:\/\/juanfe.juanfe.org\/inspira-programa-de-verano-de-emprendimiento-social\/#breadcrumb","itemListElement":[{"@type":"ListItem","position":1,"name":"Portada","item":"https:\/\/juanfe.juanfe.org\/en\/"},{"@type":"ListItem","position":2,"name":"INSPIRE FEM"}]},{"@type":"WebSite","@id":"https:\/\/juanfe.juanfe.org\/en\/#website","url":"https:\/\/juanfe.juanfe.org\/en\/","name":"Fundaci\u00f3n Juanfe","description":"En la Fundaci\u00f3n Juanfe, sabemos que invertir en las mujeres es la clave para erradicar la pobreza y avanzar en la equidad de g\u00e9nero.","publisher":{"@id":"https:\/\/juanfe.juanfe.org\/en\/#organization"},"potentialAction":[{"@type":"SearchAction","target":{"@type":"EntryPoint","urlTemplate":"https:\/\/juanfe.juanfe.org\/en\/?s={search_term_string}"},"query-input":"required name=search_term_string"}],"inLanguage":"en-US"},{"@type":"Organization","@id":"https:\/\/juanfe.juanfe.org\/en\/#organization","name":"Fundaci\u00f3n Juanfe","url":"https:\/\/juanfe.juanfe.org\/en\/","logo":{"@type":"ImageObject","inLanguage":"en-US","@id":"https:\/\/juanfe.juanfe.org\/en\/#\/schema\/logo\/image\/","url":"https:\/\/juanfe.juanfe.org\/wp-content\/uploads\/2019\/11\/logo_Fundacion_JuanFe_Colombia.png","contentUrl":"https:\/\/juanfe.juanfe.org\/wp-content\/uploads\/2019\/11\/logo_Fundacion_JuanFe_Colombia.png","width":251,"height":75,"caption":"Fundaci\u00f3n Juanfe"},"image":{"@id":"https:\/\/juanfe.juanfe.org\/en\/#\/schema\/logo\/image\/"}}]}},"_links":{"self":[{"href":"https:\/\/juanfe.juanfe.org\/en\/wp-json\/wp\/v2\/pages\/4668","targetHints":{"allow":["GET"]}}],"collection":[{"href":"https:\/\/juanfe.juanfe.org\/en\/wp-json\/wp\/v2\/pages"}],"about":[{"href":"https:\/\/juanfe.juanfe.org\/en\/wp-json\/wp\/v2\/types\/page"}],"author":[{"embeddable":true,"href":"https:\/\/juanfe.juanfe.org\/en\/wp-json\/wp\/v2\/users\/2"}],"replies":[{"embeddable":true,"href":"https:\/\/juanfe.juanfe.org\/en\/wp-json\/wp\/v2\/comments?post=4668"}],"version-history":[{"count":20,"href":"https:\/\/juanfe.juanfe.org\/en\/wp-json\/wp\/v2\/pages\/4668\/revisions"}],"predecessor-version":[{"id":6334,"href":"https:\/\/juanfe.juanfe.org\/en\/wp-json\/wp\/v2\/pages\/4668\/revisions\/6334"}],"wp:attachment":[{"href":"https:\/\/juanfe.juanfe.org\/en\/wp-json\/wp\/v2\/media?parent=4668"}],"wp:term":[{"taxonomy":"category","embeddable":true,"href":"https:\/\/juanfe.juanfe.org\/en\/wp-json\/wp\/v2\/categories?post=4668"},{"taxonomy":"post_tag","embeddable":true,"href":"https:\/\/juanfe.juanfe.org\/en\/wp-json\/wp\/v2\/tags?post=4668"}],"curies":[{"name":"wp","href":"https:\/\/api.w.org\/{rel}","templated":true}]}}