{"id":4801,"date":"2022-12-01T14:20:51","date_gmt":"2022-12-01T22:20:51","guid":{"rendered":"https:\/\/juanfe.juanfe.org\/?page_id=4801"},"modified":"2024-04-24T08:26:15","modified_gmt":"2024-04-24T15:26:15","slug":"rental-of-space","status":"publish","type":"page","link":"https:\/\/juanfe.juanfe.org\/en\/rental-of-space\/","title":{"rendered":"Rental of Space"},"content":{"rendered":"<div class=\"wpb-content-wrapper\"><p>[vc_row full_width=&#8221;stretch_row_content_no_spaces&#8221; css=&#8221;.vc_custom_1571711456091{background-color: #dedede !important;}&#8221;][vc_column][vc_column_text]<\/p>\n<h2 style=\"text-align: center;\"><a href=\"https:\/\/juanfe.juanfe.org\/en\/what-we-do\/\"><span style=\"color: #78bf00;\"><strong>WHAT WE DO<\/strong><\/span><\/a><\/h2>\n<p>[\/vc_column_text][\/vc_column][\/vc_row][vc_row full_width=&#8221;stretch_row_content_no_spaces&#8221; css=&#8221;.vc_custom_1572715769295{margin-top: 0px !important;margin-right: 0px !important;margin-bottom: 0px !important;margin-left: 0px !important;padding-top: 0px !important;padding-right: 0px !important;padding-bottom: 0px !important;padding-left: 0px !important;}&#8221;][vc_column css=&#8221;.vc_custom_1572974565865{margin-top: 0px !important;margin-right: 0px !important;margin-bottom: 0px !important;margin-left: 0px !important;padding-top: 0px !important;padding-right: 0px !important;padding-bottom: 0px !important;padding-left: 0px !important;}&#8221; offset=&#8221;vc_hidden-sm vc_hidden-xs&#8221;][vc_row_inner css=&#8221;.vc_custom_1572715114147{margin-top: 0px !important;margin-right: 0px !important;margin-bottom: 80px !important;margin-left: 0px !important;padding-top: 0px !important;padding-right: 0px !important;padding-bottom: 0px !important;padding-left: 0px !important;background-color: #78c600 !important;}&#8221;][vc_column_inner css=&#8221;.vc_custom_1572709487637{margin: 0px !important;padding: 0px !important;}&#8221;][vc_column_text css=&#8221;.vc_custom_1682537810422{margin-top: 0px !important;margin-right: 0px !important;margin-bottom: 0px !important;margin-left: 0px !important;padding-top: 10px !important;padding-right: 0px !important;padding-bottom: 8px !important;padding-left: 0px !important;}&#8221;]<\/p>\n<ul class=\"main-menu_quehacemos\">\n<li class=\"dropdown\"><a href=\"https:\/\/juanfe.juanfe.org\/en\/the-problem\/\">The problem<\/a>\n<div class=\"dropdown-content\"><a href=\"https:\/\/juanfe.juanfe.org\/en\/end-of-poverty\/\">NO POVERTY<\/a><br \/>\n<a href=\"https:\/\/juanfe.juanfe.org\/en\/zero-hunger\/\">ZERO HUNGER<\/a><br \/>\n<a href=\"https:\/\/juanfe.juanfe.org\/en\/health-and-wellness\/\">GOOD HEALTH AND WELL-BEING<\/a><br \/>\n<a href=\"https:\/\/juanfe.juanfe.org\/en\/quality-education\/\">QUALITY EDUCATION<\/a><br \/>\n<a href=\"https:\/\/juanfe.juanfe.org\/en\/gender-equality\/\">GENDER EQUALITY<\/a><br \/>\n<a href=\"https:\/\/juanfe.juanfe.org\/en\/decent-job-and-economic-growth\/\">DECENT WORK AND ECONOMIC GROWTH<\/a><br \/>\n<a href=\"https:\/\/juanfe.juanfe.org\/en\/reduction-of-inequalities\/\">REDUCED INEQUALITIES<\/a><br \/>\n<a href=\"https:\/\/juanfe.juanfe.org\/en\/sustainable-cities-and-communities\/\">SUSTAINABLE CITIES AND COMMUNITIES<\/a><br \/>\n<a href=\"https:\/\/juanfe.juanfe.org\/en\/alliances-to-achieve-objectives\/\">PARTNERSHIP FOR THE GOALS <\/a><\/div>\n<\/li>\n<li><a href=\"https:\/\/juanfe.juanfe.org\/en\/the-solution\/\">The solution<\/a><\/li>\n<li><a href=\"https:\/\/juanfe.juanfe.org\/en\/activism\/\">Advocacy<\/a><\/li>\n<li><a href=\"https:\/\/juanfe.juanfe.org\/en\/impact-measurement-and-research\/\">Impact measurement and research<\/a><\/li>\n<li><a class=\"active\" href=\"https:\/\/juanfe.juanfe.org\/en\/social-complex\/\">Social Complex<\/a><\/li>\n<\/ul>\n<p>[\/vc_column_text][\/vc_column_inner][\/vc_row_inner][vc_row_inner css=&#8221;.vc_custom_1572715845147{padding-right: 130px !important;padding-left: 130px !important;}&#8221;][vc_column_inner width=&#8221;1\/2&#8243;]<div class=\"ult-spacer spacer-69f618dc2dd23\" data-id=\"69f618dc2dd23\" data-height=\"10\" data-height-mobile=\"10\" data-height-tab=\"10\" data-height-tab-portrait=\"\" data-height-mobile-landscape=\"\" style=\"clear:both;display:block;\"><\/div>[vc_single_image image=&#8221;4854&#8243; img_size=&#8221;341&#215;341&#8243;][vc_single_image image=&#8221;4818&#8243; img_size=&#8221;341&#215;341&#8243;][\/vc_column_inner][vc_column_inner width=&#8221;1\/2&#8243;][vc_column_text css=&#8221;.vc_custom_1670002398153{padding-top: 40px !important;padding-right: 100px !important;}&#8221;]<strong>OUR SERVICES<\/strong><\/p>\n<p><strong><em>Virtual classroom<\/em><\/strong><\/p>\n<p><strong>AREA:<\/strong> 120 M2<\/p>\n<p><strong>CAPACITY:<\/strong> 50 people<\/p>\n<p><strong>USES:<\/strong> Event room designed for conferences, seminars, training and other social events.<\/p>\n<p>&nbsp;<\/p>\n<p><strong><em><b><i>Juanfe<\/i><\/b> Auditorium<\/em><\/strong><\/p>\n<p><strong>AREA:<\/strong> 257 M2<\/p>\n<p><strong>CAPACITY:<\/strong> 250 people<\/p>\n<p><strong>USES:<\/strong> Corporate events, social and business meetings, workshops and the like.<\/p>\n<p>&nbsp;<\/p>\n<p><strong><em>meeting room<\/em><\/strong><\/p>\n<p><strong>AREA:<\/strong> 40 M2<\/p>\n<p><strong>CAPACITY:<\/strong> 30 people<\/p>\n<p><strong>USES:<\/strong> Corporate and business meetings, workshops and the like. Property Services Common areas Property Services Common areas Property Services Common areas[\/vc_column_text][vc_column_text]<\/p>\n<hr class=\"hr new1\" \/>\n<h4 style=\"text-align: center;\"><span style=\"color: #003300; font-weight: 300;\"><br \/>\nIf you want to know more about our space rental, write to us at carlos.h@juanfe.juanfe.org<br \/>\n<\/span><\/h4>\n<div class=\"boxinfo\">\n<div class=\"the-icons span3\"><i class=\"icon-mail-line\" style=\"font-size: 23px; color: #78c200; padding-right: 10px;\"><\/i><span class=\"i-name\" style=\"color: #58595b; font-weight: 300; position: relative; bottom: 5px;\">carlos.h@<span class=\"markk9uyy799p\" data-markjs=\"true\" data-ogac=\"\" data-ogab=\"\" data-ogsc=\"\" data-ogsb=\"\">juanfe<\/span>.org<\/span><\/div>\n<div class=\"the-icons span3\"><i class=\"icon-mobile-line\" style=\"font-size: 23px; color: #78c200; padding-right: 10px;\"><\/i><span class=\"i-name\" style=\"color: #58595b; font-weight: 300; position: relative; bottom: 5px;\">Phone: 3012298702<\/span><\/div>\n<div class=\"the-icons span3\"><i class=\"icon-phone\" style=\"font-size: 23px; color: #78c200; padding-right: 10px;\"><\/i><span class=\"i-name\" style=\"color: #58595b; font-weight: 300; position: relative; bottom: 5px;\">+57 605 &#8211; 6517071 Ext. 118<\/span><\/div>\n<\/div>\n<p>[\/vc_column_text][\/vc_column_inner][\/vc_row_inner][\/vc_column][\/vc_row][vc_row full_width=&#8221;stretch_row_content_no_spaces&#8221; css=&#8221;.vc_custom_1572715769295{margin-top: 0px !important;margin-right: 0px !important;margin-bottom: 0px !important;margin-left: 0px !important;padding-top: 0px !important;padding-right: 0px !important;padding-bottom: 0px !important;padding-left: 0px !important;}&#8221;][vc_column css=&#8221;.vc_custom_1572974573746{margin-top: 0px !important;margin-right: 0px !important;margin-bottom: 0px !important;margin-left: 0px !important;padding-top: 0px !important;padding-right: 0px !important;padding-bottom: 0px !important;padding-left: 0px !important;}&#8221; offset=&#8221;vc_hidden-lg vc_hidden-md&#8221;][vc_row_inner css=&#8221;.vc_custom_1572974626443{margin-top: 0px !important;margin-right: 0px !important;margin-bottom: 0px !important;margin-left: 0px !important;padding-top: 0px !important;padding-right: 0px !important;padding-bottom: 0px !important;padding-left: 0px !important;background-color: #78c600 !important;}&#8221;][vc_column_inner css=&#8221;.vc_custom_1572709487637{margin: 0px !important;padding: 0px !important;}&#8221;][vc_column_text css=&#8221;.vc_custom_1682537820515{margin-top: 0px !important;margin-right: 0px !important;margin-bottom: 0px !important;margin-left: 0px !important;padding-top: 10px !important;padding-right: 0px !important;padding-bottom: 8px !important;padding-left: 0px !important;}&#8221;]<\/p>\n<ul class=\"main-menu_quehacemos\">\n<li class=\"dropdown\"><a href=\"https:\/\/juanfe.juanfe.org\/en\/the-problem\/\">The problem<\/a>\n<div class=\"dropdown-content\"><a href=\"https:\/\/juanfe.juanfe.org\/en\/end-of-poverty\/\">NO POVERTY<\/a><br \/>\n<a href=\"https:\/\/juanfe.juanfe.org\/en\/zero-hunger\/\">ZERO HUNGER<\/a><br \/>\n<a href=\"https:\/\/juanfe.juanfe.org\/en\/health-and-wellness\/\">GOOD HEALTH AND WELL-BEING<\/a><br \/>\n<a href=\"https:\/\/juanfe.juanfe.org\/en\/quality-education\/\">QUALITY EDUCATION<\/a><br \/>\n<a href=\"https:\/\/juanfe.juanfe.org\/en\/gender-equality\/\">GENDER EQUALITY<\/a><br \/>\n<a href=\"https:\/\/juanfe.juanfe.org\/en\/decent-job-and-economic-growth\/\">DECENT WORK AND ECONOMIC GROWTH<\/a><br \/>\n<a href=\"https:\/\/juanfe.juanfe.org\/en\/reduction-of-inequalities\/\">REDUCED INEQUALITIES<\/a><br \/>\n<a href=\"https:\/\/juanfe.juanfe.org\/en\/sustainable-cities-and-communities\/\">SUSTAINABLE CITIES AND COMMUNITIES<\/a><br \/>\n<a href=\"https:\/\/juanfe.juanfe.org\/en\/alliances-to-achieve-objectives\/\">PARTNERSHIP FOR THE GOALS <\/a><\/div>\n<\/li>\n<li><a href=\"https:\/\/juanfe.juanfe.org\/en\/the-solution\/\">The solution<\/a><\/li>\n<li><a href=\"https:\/\/juanfe.juanfe.org\/en\/activism\/\">Advocacy<\/a><\/li>\n<li><a href=\"https:\/\/juanfe.juanfe.org\/en\/impact-measurement-and-research\/\">Impact measurement and research<\/a><\/li>\n<li><a class=\"active\" href=\"https:\/\/juanfe.juanfe.org\/en\/social-complex\/\">Social Complex<\/a><\/li>\n<\/ul>\n<p>[\/vc_column_text][\/vc_column_inner][\/vc_row_inner][vc_row_inner][vc_column_inner width=&#8221;1\/2&#8243;][vc_column_text css=&#8221;.vc_custom_1669933247232{padding-top: 30px !important;padding-right: 60px !important;padding-left: 60px !important;}&#8221;]<strong>OUR SERVICES<\/strong><\/p>\n<p><strong><em>Virtual classroom<\/em><\/strong><\/p>\n<p><strong>AREA:<\/strong> 120 M2<\/p>\n<p><strong>CAPACITY:<\/strong> 50 people<\/p>\n<p><strong>USES:<\/strong> Event room designed for conferences, seminars, training and other social events.<\/p>\n<p>&nbsp;<\/p>\n<p><strong><em>Juan Felipe Gomez Escobar Auditorium<\/em><\/strong><\/p>\n<p><strong>AREA:<\/strong> 257 M2<\/p>\n<p><strong>CAPACITY:<\/strong> 250 people<\/p>\n<p><strong>USES:<\/strong> Corporate events, social and business meetings, workshops and the like.<\/p>\n<p>&nbsp;<\/p>\n<p><strong><em>meeting room<\/em><\/strong><\/p>\n<p><strong>AREA:<\/strong> 40 M2<\/p>\n<p><strong>CAPACITY:<\/strong> 30 people<\/p>\n<p><strong>USES:<\/strong> Corporate and business meetings, workshops and the like. Property Services Common areas Property Services Common areas Property Services Common areas[\/vc_column_text][vc_column_text]<\/p>\n<hr class=\"hr new1\" \/>\n<h4 style=\"text-align: center;\"><span style=\"color: #003300; font-weight: 300;\"><br \/>\nIf you want to know more about our space rental, write to us at carlos.h@juanfe.juanfe.org<br \/>\n<\/span><\/h4>\n<div class=\"boxinfo\">\n<div class=\"the-icons span3\"><i class=\"icon-mail-line\" style=\"font-size: 23px; color: #78c200; padding-right: 10px;\"><\/i><span class=\"i-name\" style=\"color: #58595b; font-weight: 300; position: relative; bottom: 5px;\">carlos.h@<span class=\"markk9uyy799p\" data-markjs=\"true\" data-ogac=\"\" data-ogab=\"\" data-ogsc=\"\" data-ogsb=\"\">juanfe<\/span>.org<\/span><\/div>\n<div class=\"the-icons span3\"><i class=\"icon-mobile-line\" style=\"font-size: 23px; color: #78c200; padding-right: 10px;\"><\/i><span class=\"i-name\" style=\"color: #58595b; font-weight: 300; position: relative; bottom: 5px;\">Phone: 3012298702<\/span><\/div>\n<div class=\"the-icons span3\"><i class=\"icon-phone\" style=\"font-size: 23px; color: #78c200; padding-right: 10px;\"><\/i><span class=\"i-name\" style=\"color: #58595b; font-weight: 300; position: relative; bottom: 5px;\">+57 605 &#8211; 6517071 Ext. 118<\/span><\/div>\n<\/div>\n<p>[\/vc_column_text][\/vc_column_inner][vc_column_inner width=&#8221;1\/2&#8243;]<div class=\"ult-spacer spacer-69f618dc2dd59\" data-id=\"69f618dc2dd59\" data-height=\"10\" data-height-mobile=\"10\" data-height-tab=\"10\" data-height-tab-portrait=\"\" data-height-mobile-landscape=\"\" style=\"clear:both;display:block;\"><\/div>[vc_single_image image=&#8221;4816&#8243; img_size=&#8221;341&#215;341&#8243;][vc_single_image image=&#8221;4818&#8243; img_size=&#8221;341&#215;341&#8243;][\/vc_column_inner][\/vc_row_inner][\/vc_column][\/vc_row][vc_row full_width=&#8221;stretch_row_content_no_spaces&#8221; bg_type=&#8221;image&#8221; parallax_style=&#8221;vcpb-vz-jquery&#8221; bg_image_new=&#8221;id^277|url^https:\/\/juanfe.juanfe.org\/wp-content\/uploads\/2019\/10\/tu-tambien-puedes-ayudar.jpg|caption^null|alt^null|title^tu-tambien-puedes-ayudar|description^null&#8221;][vc_column][vc_row_inner css=&#8221;.vc_custom_1571954023753{padding-top: 35px !important;}&#8221;][vc_column_inner][vc_column_text]<\/p>\n<h2 style=\"text-align: center; font-weight: 300; line-height: 0;\"><span style=\"color: #ffffff;\"><strong><img decoding=\"async\" class=\"alignnone wp-image-280\" src=\"https:\/\/juanfe.juanfe.org\/wp-content\/uploads\/2019\/10\/icon-apoyamos.png\" alt=\"\" width=\"100\" height=\"100\" \/><\/strong><\/span><\/h2>\n<p style=\"text-align: center; font-weight: 300; font-size: 18px; line-height: 3;\"><span style=\"color: #ffffff;\">We have transformed the reality of more than<\/span><\/p>\n<h2 style=\"text-align: center; font-weight: 300; font-size: 41px; line-height: 0;\"><span style=\"color: #ffffff;\"><strong>290.000 people<\/strong><\/span><\/h2>\n<p>[\/vc_column_text][vc_column_text]<\/p>\n<p style=\"text-align: center;\"><a class=\"myButton\" href=\"https:\/\/juanfe.juanfe.org\/en\/donacionesapp\/\">You can also help<\/a><\/p>\n<p>[\/vc_column_text][\/vc_column_inner][\/vc_row_inner][\/vc_column][\/vc_row]<\/p>\n<\/div>","protected":false},"excerpt":{"rendered":"<p>[vc_row full_width=&#8221;stretch_row_content_no_spaces&#8221; css=&#8221;.vc_custom_1571711456091{background-color: #dedede !important;}&#8221;][vc_column][vc_column_text] WHAT WE DO [\/vc_column_text][\/vc_column][\/vc_row][vc_row full_width=&#8221;stretch_row_content_no_spaces&#8221; css=&#8221;.vc_custom_1572715769295{margin-top: 0px !important;margin-right: 0px !important;margin-bottom: 0px !important;margin-left: 0px !important;padding-top: 0px !important;padding-right: 0px !important;padding-bottom: 0px !important;padding-left: 0px !important;}&#8221;][vc_column css=&#8221;.vc_custom_1572974565865{margin-top: 0px !important;margin-right:<span class=\"excerpt-hellip\"> [\u2026]<\/span><\/p>\n","protected":false},"author":2,"featured_media":0,"parent":0,"menu_order":0,"comment_status":"closed","ping_status":"closed","template":"","meta":{"footnotes":""},"categories":[],"tags":[],"class_list":["post-4801","page","type-page","status-publish","hentry"],"yoast_head":"<!-- This site is optimized with the Yoast SEO plugin v23.2 - https:\/\/yoast.com\/wordpress\/plugins\/seo\/ -->\n<title>Fundaci\u00f3n Juanfe | Rental of Space<\/title>\n<meta name=\"robots\" content=\"index, follow, max-snippet:-1, max-image-preview:large, max-video-preview:-1\" \/>\n<link rel=\"canonical\" href=\"https:\/\/juanfe.juanfe.org\/en\/rental-of-space\/\" \/>\n<meta property=\"og:locale\" content=\"en_US\" \/>\n<meta property=\"og:type\" content=\"article\" \/>\n<meta property=\"og:title\" content=\"Fundaci\u00f3n Juanfe | Rental of Space\" \/>\n<meta property=\"og:description\" content=\"[vc_row full_width=&#8221;stretch_row_content_no_spaces&#8221; css=&#8221;.vc_custom_1571711456091{background-color: #dedede !important;}&#8221;][vc_column][vc_column_text] WHAT WE DO [\/vc_column_text][\/vc_column][\/vc_row][vc_row full_width=&#8221;stretch_row_content_no_spaces&#8221; css=&#8221;.vc_custom_1572715769295{margin-top: 0px !important;margin-right: 0px !important;margin-bottom: 0px !important;margin-left: 0px !important;padding-top: 0px !important;padding-right: 0px !important;padding-bottom: 0px !important;padding-left: 0px !important;}&#8221;][vc_column css=&#8221;.vc_custom_1572974565865{margin-top: 0px !important;margin-right: [\u2026]\" \/>\n<meta property=\"og:url\" content=\"https:\/\/juanfe.juanfe.org\/en\/rental-of-space\/\" \/>\n<meta property=\"og:site_name\" content=\"Fundaci\u00f3n Juanfe\" \/>\n<meta property=\"article:modified_time\" content=\"2024-04-24T15:26:15+00:00\" \/>\n<meta property=\"og:image\" content=\"https:\/\/juanfe.juanfe.org\/wp-content\/uploads\/2019\/10\/icon-apoyamos.png\" \/>\n<meta name=\"twitter:card\" content=\"summary_large_image\" \/>\n<meta name=\"twitter:label1\" content=\"Est. reading time\" \/>\n\t<meta name=\"twitter:data1\" content=\"3 minutes\" \/>\n<script type=\"application\/ld+json\" class=\"yoast-schema-graph\">{\"@context\":\"https:\/\/schema.org\",\"@graph\":[{\"@type\":\"WebPage\",\"@id\":\"https:\/\/juanfe.juanfe.org\/en\/rental-of-space\/\",\"url\":\"https:\/\/juanfe.juanfe.org\/en\/rental-of-space\/\",\"name\":\"Fundaci\u00f3n Juanfe | Rental of Space\",\"isPartOf\":{\"@id\":\"https:\/\/juanfe.juanfe.org\/en\/#website\"},\"primaryImageOfPage\":{\"@id\":\"https:\/\/juanfe.juanfe.org\/en\/rental-of-space\/#primaryimage\"},\"image\":{\"@id\":\"https:\/\/juanfe.juanfe.org\/en\/rental-of-space\/#primaryimage\"},\"thumbnailUrl\":\"https:\/\/juanfe.juanfe.org\/wp-content\/uploads\/2019\/10\/icon-apoyamos.png\",\"datePublished\":\"2022-12-01T22:20:51+00:00\",\"dateModified\":\"2024-04-24T15:26:15+00:00\",\"breadcrumb\":{\"@id\":\"https:\/\/juanfe.juanfe.org\/en\/rental-of-space\/#breadcrumb\"},\"inLanguage\":\"en-US\",\"potentialAction\":[{\"@type\":\"ReadAction\",\"target\":[\"https:\/\/juanfe.juanfe.org\/en\/rental-of-space\/\"]}]},{\"@type\":\"ImageObject\",\"inLanguage\":\"en-US\",\"@id\":\"https:\/\/juanfe.juanfe.org\/en\/rental-of-space\/#primaryimage\",\"url\":\"https:\/\/juanfe.juanfe.org\/wp-content\/uploads\/2019\/10\/icon-apoyamos.png\",\"contentUrl\":\"https:\/\/juanfe.juanfe.org\/wp-content\/uploads\/2019\/10\/icon-apoyamos.png\"},{\"@type\":\"BreadcrumbList\",\"@id\":\"https:\/\/juanfe.juanfe.org\/en\/rental-of-space\/#breadcrumb\",\"itemListElement\":[{\"@type\":\"ListItem\",\"position\":1,\"name\":\"Portada\",\"item\":\"https:\/\/juanfe.juanfe.org\/en\/\"},{\"@type\":\"ListItem\",\"position\":2,\"name\":\"Rental of Space\"}]},{\"@type\":\"WebSite\",\"@id\":\"https:\/\/juanfe.juanfe.org\/en\/#website\",\"url\":\"https:\/\/juanfe.juanfe.org\/en\/\",\"name\":\"Fundaci\u00f3n Juanfe\",\"description\":\"En la Fundaci\u00f3n Juanfe, sabemos que invertir en las mujeres es la clave para erradicar la pobreza y avanzar en la equidad de g\u00e9nero.\",\"publisher\":{\"@id\":\"https:\/\/juanfe.juanfe.org\/en\/#organization\"},\"potentialAction\":[{\"@type\":\"SearchAction\",\"target\":{\"@type\":\"EntryPoint\",\"urlTemplate\":\"https:\/\/juanfe.juanfe.org\/en\/?s={search_term_string}\"},\"query-input\":\"required name=search_term_string\"}],\"inLanguage\":\"en-US\"},{\"@type\":\"Organization\",\"@id\":\"https:\/\/juanfe.juanfe.org\/en\/#organization\",\"name\":\"Fundaci\u00f3n Juanfe\",\"url\":\"https:\/\/juanfe.juanfe.org\/en\/\",\"logo\":{\"@type\":\"ImageObject\",\"inLanguage\":\"en-US\",\"@id\":\"https:\/\/juanfe.juanfe.org\/en\/#\/schema\/logo\/image\/\",\"url\":\"https:\/\/juanfe.juanfe.org\/wp-content\/uploads\/2019\/11\/logo_Fundacion_JuanFe_Colombia.png\",\"contentUrl\":\"https:\/\/juanfe.juanfe.org\/wp-content\/uploads\/2019\/11\/logo_Fundacion_JuanFe_Colombia.png\",\"width\":251,\"height\":75,\"caption\":\"Fundaci\u00f3n Juanfe\"},\"image\":{\"@id\":\"https:\/\/juanfe.juanfe.org\/en\/#\/schema\/logo\/image\/\"}}]}<\/script>\n<!-- \/ Yoast SEO plugin. -->","yoast_head_json":{"title":"Fundaci\u00f3n Juanfe | Rental of Space","robots":{"index":"index","follow":"follow","max-snippet":"max-snippet:-1","max-image-preview":"max-image-preview:large","max-video-preview":"max-video-preview:-1"},"canonical":"https:\/\/juanfe.juanfe.org\/en\/rental-of-space\/","og_locale":"en_US","og_type":"article","og_title":"Fundaci\u00f3n Juanfe | Rental of Space","og_description":"[vc_row full_width=&#8221;stretch_row_content_no_spaces&#8221; css=&#8221;.vc_custom_1571711456091{background-color: #dedede !important;}&#8221;][vc_column][vc_column_text] WHAT WE DO [\/vc_column_text][\/vc_column][\/vc_row][vc_row full_width=&#8221;stretch_row_content_no_spaces&#8221; css=&#8221;.vc_custom_1572715769295{margin-top: 0px !important;margin-right: 0px !important;margin-bottom: 0px !important;margin-left: 0px !important;padding-top: 0px !important;padding-right: 0px !important;padding-bottom: 0px !important;padding-left: 0px !important;}&#8221;][vc_column css=&#8221;.vc_custom_1572974565865{margin-top: 0px !important;margin-right: [\u2026]","og_url":"https:\/\/juanfe.juanfe.org\/en\/rental-of-space\/","og_site_name":"Fundaci\u00f3n Juanfe","article_modified_time":"2024-04-24T15:26:15+00:00","og_image":[{"url":"https:\/\/juanfe.juanfe.org\/wp-content\/uploads\/2019\/10\/icon-apoyamos.png"}],"twitter_card":"summary_large_image","twitter_misc":{"Est. reading time":"3 minutes"},"schema":{"@context":"https:\/\/schema.org","@graph":[{"@type":"WebPage","@id":"https:\/\/juanfe.juanfe.org\/en\/rental-of-space\/","url":"https:\/\/juanfe.juanfe.org\/en\/rental-of-space\/","name":"Fundaci\u00f3n Juanfe | Rental of Space","isPartOf":{"@id":"https:\/\/juanfe.juanfe.org\/en\/#website"},"primaryImageOfPage":{"@id":"https:\/\/juanfe.juanfe.org\/en\/rental-of-space\/#primaryimage"},"image":{"@id":"https:\/\/juanfe.juanfe.org\/en\/rental-of-space\/#primaryimage"},"thumbnailUrl":"https:\/\/juanfe.juanfe.org\/wp-content\/uploads\/2019\/10\/icon-apoyamos.png","datePublished":"2022-12-01T22:20:51+00:00","dateModified":"2024-04-24T15:26:15+00:00","breadcrumb":{"@id":"https:\/\/juanfe.juanfe.org\/en\/rental-of-space\/#breadcrumb"},"inLanguage":"en-US","potentialAction":[{"@type":"ReadAction","target":["https:\/\/juanfe.juanfe.org\/en\/rental-of-space\/"]}]},{"@type":"ImageObject","inLanguage":"en-US","@id":"https:\/\/juanfe.juanfe.org\/en\/rental-of-space\/#primaryimage","url":"https:\/\/juanfe.juanfe.org\/wp-content\/uploads\/2019\/10\/icon-apoyamos.png","contentUrl":"https:\/\/juanfe.juanfe.org\/wp-content\/uploads\/2019\/10\/icon-apoyamos.png"},{"@type":"BreadcrumbList","@id":"https:\/\/juanfe.juanfe.org\/en\/rental-of-space\/#breadcrumb","itemListElement":[{"@type":"ListItem","position":1,"name":"Portada","item":"https:\/\/juanfe.juanfe.org\/en\/"},{"@type":"ListItem","position":2,"name":"Rental of Space"}]},{"@type":"WebSite","@id":"https:\/\/juanfe.juanfe.org\/en\/#website","url":"https:\/\/juanfe.juanfe.org\/en\/","name":"Fundaci\u00f3n Juanfe","description":"En la Fundaci\u00f3n Juanfe, sabemos que invertir en las mujeres es la clave para erradicar la pobreza y avanzar en la equidad de g\u00e9nero.","publisher":{"@id":"https:\/\/juanfe.juanfe.org\/en\/#organization"},"potentialAction":[{"@type":"SearchAction","target":{"@type":"EntryPoint","urlTemplate":"https:\/\/juanfe.juanfe.org\/en\/?s={search_term_string}"},"query-input":"required name=search_term_string"}],"inLanguage":"en-US"},{"@type":"Organization","@id":"https:\/\/juanfe.juanfe.org\/en\/#organization","name":"Fundaci\u00f3n Juanfe","url":"https:\/\/juanfe.juanfe.org\/en\/","logo":{"@type":"ImageObject","inLanguage":"en-US","@id":"https:\/\/juanfe.juanfe.org\/en\/#\/schema\/logo\/image\/","url":"https:\/\/juanfe.juanfe.org\/wp-content\/uploads\/2019\/11\/logo_Fundacion_JuanFe_Colombia.png","contentUrl":"https:\/\/juanfe.juanfe.org\/wp-content\/uploads\/2019\/11\/logo_Fundacion_JuanFe_Colombia.png","width":251,"height":75,"caption":"Fundaci\u00f3n Juanfe"},"image":{"@id":"https:\/\/juanfe.juanfe.org\/en\/#\/schema\/logo\/image\/"}}]}},"_links":{"self":[{"href":"https:\/\/juanfe.juanfe.org\/en\/wp-json\/wp\/v2\/pages\/4801","targetHints":{"allow":["GET"]}}],"collection":[{"href":"https:\/\/juanfe.juanfe.org\/en\/wp-json\/wp\/v2\/pages"}],"about":[{"href":"https:\/\/juanfe.juanfe.org\/en\/wp-json\/wp\/v2\/types\/page"}],"author":[{"embeddable":true,"href":"https:\/\/juanfe.juanfe.org\/en\/wp-json\/wp\/v2\/users\/2"}],"replies":[{"embeddable":true,"href":"https:\/\/juanfe.juanfe.org\/en\/wp-json\/wp\/v2\/comments?post=4801"}],"version-history":[{"count":8,"href":"https:\/\/juanfe.juanfe.org\/en\/wp-json\/wp\/v2\/pages\/4801\/revisions"}],"predecessor-version":[{"id":6244,"href":"https:\/\/juanfe.juanfe.org\/en\/wp-json\/wp\/v2\/pages\/4801\/revisions\/6244"}],"wp:attachment":[{"href":"https:\/\/juanfe.juanfe.org\/en\/wp-json\/wp\/v2\/media?parent=4801"}],"wp:term":[{"taxonomy":"category","embeddable":true,"href":"https:\/\/juanfe.juanfe.org\/en\/wp-json\/wp\/v2\/categories?post=4801"},{"taxonomy":"post_tag","embeddable":true,"href":"https:\/\/juanfe.juanfe.org\/en\/wp-json\/wp\/v2\/tags?post=4801"}],"curies":[{"name":"wp","href":"https:\/\/api.w.org\/{rel}","templated":true}]}}