{"id":912,"date":"2019-11-27T14:30:57","date_gmt":"2019-11-27T14:30:57","guid":{"rendered":"https:\/\/juanfe.juanfe.org\/?page_id=912"},"modified":"2020-10-27T12:38:41","modified_gmt":"2020-10-27T12:38:41","slug":"quality-education","status":"publish","type":"page","link":"https:\/\/juanfe.juanfe.org\/en\/quality-education\/","title":{"rendered":"Quality Education"},"content":{"rendered":"<div class=\"wpb-content-wrapper\"><p>[vc_row full_width=&#8221;stretch_row_content_no_spaces&#8221; css=&#8221;.vc_custom_1571711456091{background-color: #dedede !important;}&#8221;][vc_column][vc_column_text]<\/p>\n<h2 style=\"text-align: center;\"><a href=\"https:\/\/juanfe.juanfe.org\/en\/what-we-do\/\"><span style=\"color: #78bf00;\"><strong>WHAT WE DO<\/strong><\/span><\/a><\/h2>\n<p>[\/vc_column_text][\/vc_column][\/vc_row][vc_row full_width=&#8221;stretch_row_content_no_spaces&#8221; css=&#8221;.vc_custom_1572657102856{margin-top: -35px !important;}&#8221;][vc_column][vc_row_inner css=&#8221;.vc_custom_1572663265304{margin: 0px !important;padding: 0px !important;background-color: #78c600 !important;}&#8221;][vc_column_inner css=&#8221;.vc_custom_1572663357111{margin: 0px !important;padding: 0px !important;}&#8221;][vc_column_text css=&#8221;.vc_custom_1603798362644{margin-top: 0px !important;margin-right: 0px !important;margin-bottom: 0px !important;margin-left: 0px !important;padding-top: 10px !important;padding-right: 0px !important;padding-bottom: 8px !important;padding-left: 0px !important;background-position: center !important;background-repeat: no-repeat !important;background-size: cover !important;}&#8221;]<\/p>\n<ul class=\"main-menu_quehacemos\">\n<li class=\"dropdown\"><a href=\"https:\/\/juanfe.juanfe.org\/en\/the-problem\/\">The problem<\/a>\n<div class=\"dropdown-content\"><a href=\"https:\/\/juanfe.juanfe.org\/en\/end-of-poverty\/\">NO POVERTY<\/a><br \/>\n<a href=\"https:\/\/juanfe.juanfe.org\/en\/zero-hunger\/\">ZERO HUNGER<\/a><br \/>\n<a href=\"https:\/\/juanfe.juanfe.org\/en\/health-and-wellness\/\">GOOD HEALTH AND WELL-BEING<\/a><br \/>\n<a class=\"active\" href=\"https:\/\/juanfe.juanfe.org\/en\/quality-education\/\">QUALITY EDUCATION<\/a><br \/>\n<a href=\"https:\/\/juanfe.juanfe.org\/en\/gender-equality\/\">GENDER EQUALITY<\/a><br \/>\n<a href=\"https:\/\/juanfe.juanfe.org\/en\/decent-job-and-economic-growth\/\">DECENT WORK AND ECONOMIC GROWTH<\/a><br \/>\n<a href=\"https:\/\/juanfe.juanfe.org\/en\/reduction-of-inequalities\/\">REDUCED INEQUALITIES<\/a><br \/>\n<a href=\"https:\/\/juanfe.juanfe.org\/en\/sustainable-cities-and-communities\/\">SUSTAINABLE CITIES AND COMMUNITIES<\/a><br \/>\n<a href=\"https:\/\/juanfe.juanfe.org\/en\/alliances-to-achieve-objectives\/\">PARTNERSHIP FOR THE GOALS <\/a><\/div>\n<\/li>\n<li><a href=\"https:\/\/juanfe.juanfe.org\/en\/the-solution\/\">The solution<\/a><\/li>\n<li><a href=\"https:\/\/juanfe.juanfe.org\/en\/activism\/\">Advocacy<\/a><\/li>\n<li><a href=\"https:\/\/juanfe.juanfe.org\/en\/impact-measurement-and-research\/\">Impact measurement and research<\/a><\/li>\n<li><a href=\"https:\/\/juanfe.juanfe.org\/en\/juanfe-bakery\/\">Juanfe\u00b4s Bakery<\/a><\/li>\n<\/ul>\n<p>[\/vc_column_text][\/vc_column_inner][\/vc_row_inner][vc_row_inner][vc_column_inner width=&#8221;1\/4&#8243;][\/vc_column_inner][vc_column_inner width=&#8221;1\/2&#8243;][vc_column_text css=&#8221;.vc_custom_1603786724435{padding-right: 30px !important;padding-left: 30px !important;}&#8221;]<\/p>\n<h2><span style=\"color: #003300; font-weight: 800; line-height: normal;\"> Quality Education<\/span><\/h2>\n<h6 style=\"text-align: right;\"><em>&#8220;<\/em><em>If you educate a man you educate an individual, but if you educate a woman you educate a whole nation<\/em><em>&#8220;: James Emmanuel Kwegyir Aggrey, Ghanaian academic and diplomat.<\/em><\/h6>\n<p>One of the main consequences of teenage pregnancy is school dropout: according to the study \u201cDeterminants of teenage pregnancy in Colombia\u201d, carried out by Profamilia and Plan Foundation in 2015, for each adolescent who has had a pregnancy and continues to attend an educational institution, there are 9 who leave school before pregnancy; and for every adolescent who has had a pregnancy and has approved a year of higher education, there are 11 who have had a pregnancy and did not go to an educational institution. The children of the poorest quintiles, meanwhile, are less likely to attend school; and if they do attend school, they have a higher rate of failure and troubles of social insertion or learning.<\/p>\n<p>In a World Bank study, it was concluded that each year of secondary education correlates with an 18% increase in the ability to earn income for girls in the future. Therefore, we urge the adolescents to finish their secondary education. On the other hand, we offer them different technical careers: <em>Cuisine<\/em>,\u00a0<em>Hotel and Tourism Services<\/em>, and <em>Beauty\u00a0<\/em>in Cartagena, and <em>Administration Assistant\u00a0<\/em>and <em>Marketing Assistant\u00a0<\/em>in Medell\u00edn.<\/p>\n<p>By promoting our beneficiaries\u2019 mobility in the education system, offering them quality higher education and providing them with complementary tools for overcoming poverty, we also have an impact on the future education of their children.<\/p>\n<p><span style=\"color: #033300;\"><strong>Since 2012, we have trained 1,831 teenage mothers in Cartagena; and since 2018, 120 in Medell\u00edn.<\/strong><\/span><\/p>\n<p>Our actions are oriented to goals\u00a04.1, 4.3, 4.4, 4.5, and 4.7\u00a0of the <em>QUALITY EDUCATION\u00a0<\/em>Sustainable Development Goal (SDG).[\/vc_column_text][\/vc_column_inner][vc_column_inner width=&#8221;1\/4&#8243;][\/vc_column_inner][\/vc_row_inner][\/vc_column][\/vc_row][vc_row full_width=&#8221;stretch_row_content_no_spaces&#8221; bg_type=&#8221;image&#8221; parallax_style=&#8221;vcpb-vz-jquery&#8221; bg_image_new=&#8221;id^277|url^https:\/\/juanfe.juanfe.org\/wp-content\/uploads\/2019\/10\/tu-tambien-puedes-ayudar.jpg|caption^null|alt^null|title^tu-tambien-puedes-ayudar|description^null&#8221;][vc_column][vc_row_inner css=&#8221;.vc_custom_1571954023753{padding-top: 35px !important;}&#8221;][vc_column_inner][vc_column_text]<\/p>\n<h2 style=\"text-align: center; font-weight: 300; line-height: 0;\"><span style=\"color: #ffffff;\"><strong><img decoding=\"async\" class=\"alignnone wp-image-280\" src=\"https:\/\/juanfe.juanfe.org\/wp-content\/uploads\/2019\/10\/icon-apoyamos.png\" alt=\"\" width=\"100\" height=\"100\" \/><\/strong><\/span><\/h2>\n<p style=\"text-align: center; font-weight: 300; font-size: 18px; line-height: 3;\"><span style=\"color: #ffffff;\">We have transformed the reality of more than<\/span><\/p>\n<h2 style=\"text-align: center; font-weight: 300; font-size: 41px; line-height: 0;\"><span style=\"color: #ffffff;\"><strong>250,000 people<\/strong><\/span><\/h2>\n<p>[\/vc_column_text][vc_column_text]<\/p>\n<p style=\"text-align: center;\"><a class=\"myButton\" href=\"https:\/\/juanfe.juanfe.org\/en\/donacionesapp\/\">You can also help<\/a><\/p>\n<p>[\/vc_column_text][\/vc_column_inner][\/vc_row_inner][\/vc_column][\/vc_row]<\/p>\n<\/div>","protected":false},"excerpt":{"rendered":"<p>[vc_row full_width=&#8221;stretch_row_content_no_spaces&#8221; css=&#8221;.vc_custom_1571711456091{background-color: #dedede !important;}&#8221;][vc_column][vc_column_text] WHAT WE DO [\/vc_column_text][\/vc_column][\/vc_row][vc_row full_width=&#8221;stretch_row_content_no_spaces&#8221; css=&#8221;.vc_custom_1572657102856{margin-top: -35px !important;}&#8221;][vc_column][vc_row_inner css=&#8221;.vc_custom_1572663265304{margin: 0px !important;padding: 0px !important;background-color: #78c600 !important;}&#8221;][vc_column_inner css=&#8221;.vc_custom_1572663357111{margin: 0px !important;padding: 0px !important;}&#8221;][vc_column_text css=&#8221;.vc_custom_1603798362644{margin-top: 0px !important;margin-right: 0px !important;margin-bottom:<span class=\"excerpt-hellip\"> [\u2026]<\/span><\/p>\n","protected":false},"author":1,"featured_media":0,"parent":0,"menu_order":0,"comment_status":"closed","ping_status":"closed","template":"","meta":{"footnotes":""},"categories":[],"tags":[],"class_list":["post-912","page","type-page","status-publish","hentry"],"yoast_head":"<!-- This site is optimized with the Yoast SEO plugin v23.2 - https:\/\/yoast.com\/wordpress\/plugins\/seo\/ -->\n<title>Fundaci\u00f3n Juanfe | Quality Education<\/title>\n<meta name=\"robots\" content=\"index, follow, max-snippet:-1, max-image-preview:large, max-video-preview:-1\" \/>\n<link rel=\"canonical\" href=\"https:\/\/juanfe.juanfe.org\/educacion-de-calidad\/\" \/>\n<meta property=\"og:locale\" content=\"en_US\" \/>\n<meta property=\"og:type\" content=\"article\" \/>\n<meta property=\"og:title\" content=\"Fundaci\u00f3n Juanfe | Quality Education\" \/>\n<meta property=\"og:description\" content=\"[vc_row full_width=&#8221;stretch_row_content_no_spaces&#8221; css=&#8221;.vc_custom_1571711456091{background-color: #dedede !important;}&#8221;][vc_column][vc_column_text] WHAT WE DO [\/vc_column_text][\/vc_column][\/vc_row][vc_row full_width=&#8221;stretch_row_content_no_spaces&#8221; css=&#8221;.vc_custom_1572657102856{margin-top: -35px !important;}&#8221;][vc_column][vc_row_inner css=&#8221;.vc_custom_1572663265304{margin: 0px !important;padding: 0px !important;background-color: #78c600 !important;}&#8221;][vc_column_inner css=&#8221;.vc_custom_1572663357111{margin: 0px !important;padding: 0px !important;}&#8221;][vc_column_text css=&#8221;.vc_custom_1603798362644{margin-top: 0px !important;margin-right: 0px !important;margin-bottom: [\u2026]\" \/>\n<meta property=\"og:url\" content=\"https:\/\/juanfe.juanfe.org\/educacion-de-calidad\/\" \/>\n<meta property=\"og:site_name\" content=\"Fundaci\u00f3n Juanfe\" \/>\n<meta property=\"article:modified_time\" content=\"2020-10-27T12:38:41+00:00\" \/>\n<meta property=\"og:image\" content=\"https:\/\/juanfe.juanfe.org\/wp-content\/uploads\/2019\/10\/icon-apoyamos.png\" \/>\n<meta name=\"twitter:card\" content=\"summary_large_image\" \/>\n<meta name=\"twitter:label1\" content=\"Est. reading time\" \/>\n\t<meta name=\"twitter:data1\" content=\"3 minutes\" \/>\n<script type=\"application\/ld+json\" class=\"yoast-schema-graph\">{\"@context\":\"https:\/\/schema.org\",\"@graph\":[{\"@type\":\"WebPage\",\"@id\":\"https:\/\/juanfe.juanfe.org\/educacion-de-calidad\/\",\"url\":\"https:\/\/juanfe.juanfe.org\/educacion-de-calidad\/\",\"name\":\"Fundaci\u00f3n Juanfe | Quality Education\",\"isPartOf\":{\"@id\":\"https:\/\/juanfe.juanfe.org\/en\/#website\"},\"primaryImageOfPage\":{\"@id\":\"https:\/\/juanfe.juanfe.org\/educacion-de-calidad\/#primaryimage\"},\"image\":{\"@id\":\"https:\/\/juanfe.juanfe.org\/educacion-de-calidad\/#primaryimage\"},\"thumbnailUrl\":\"https:\/\/juanfe.juanfe.org\/wp-content\/uploads\/2019\/10\/icon-apoyamos.png\",\"datePublished\":\"2019-11-27T14:30:57+00:00\",\"dateModified\":\"2020-10-27T12:38:41+00:00\",\"breadcrumb\":{\"@id\":\"https:\/\/juanfe.juanfe.org\/educacion-de-calidad\/#breadcrumb\"},\"inLanguage\":\"en-US\",\"potentialAction\":[{\"@type\":\"ReadAction\",\"target\":[\"https:\/\/juanfe.juanfe.org\/educacion-de-calidad\/\"]}]},{\"@type\":\"ImageObject\",\"inLanguage\":\"en-US\",\"@id\":\"https:\/\/juanfe.juanfe.org\/educacion-de-calidad\/#primaryimage\",\"url\":\"https:\/\/juanfe.juanfe.org\/wp-content\/uploads\/2019\/10\/icon-apoyamos.png\",\"contentUrl\":\"https:\/\/juanfe.juanfe.org\/wp-content\/uploads\/2019\/10\/icon-apoyamos.png\"},{\"@type\":\"BreadcrumbList\",\"@id\":\"https:\/\/juanfe.juanfe.org\/educacion-de-calidad\/#breadcrumb\",\"itemListElement\":[{\"@type\":\"ListItem\",\"position\":1,\"name\":\"Portada\",\"item\":\"https:\/\/juanfe.juanfe.org\/en\/\"},{\"@type\":\"ListItem\",\"position\":2,\"name\":\"Quality Education\"}]},{\"@type\":\"WebSite\",\"@id\":\"https:\/\/juanfe.juanfe.org\/en\/#website\",\"url\":\"https:\/\/juanfe.juanfe.org\/en\/\",\"name\":\"Fundaci\u00f3n Juanfe\",\"description\":\"En la Fundaci\u00f3n Juanfe, sabemos que invertir en las mujeres es la clave para erradicar la pobreza y avanzar en la equidad de g\u00e9nero.\",\"publisher\":{\"@id\":\"https:\/\/juanfe.juanfe.org\/en\/#organization\"},\"potentialAction\":[{\"@type\":\"SearchAction\",\"target\":{\"@type\":\"EntryPoint\",\"urlTemplate\":\"https:\/\/juanfe.juanfe.org\/en\/?s={search_term_string}\"},\"query-input\":\"required name=search_term_string\"}],\"inLanguage\":\"en-US\"},{\"@type\":\"Organization\",\"@id\":\"https:\/\/juanfe.juanfe.org\/en\/#organization\",\"name\":\"Fundaci\u00f3n Juanfe\",\"url\":\"https:\/\/juanfe.juanfe.org\/en\/\",\"logo\":{\"@type\":\"ImageObject\",\"inLanguage\":\"en-US\",\"@id\":\"https:\/\/juanfe.juanfe.org\/en\/#\/schema\/logo\/image\/\",\"url\":\"https:\/\/juanfe.juanfe.org\/wp-content\/uploads\/2019\/11\/logo_Fundacion_JuanFe_Colombia.png\",\"contentUrl\":\"https:\/\/juanfe.juanfe.org\/wp-content\/uploads\/2019\/11\/logo_Fundacion_JuanFe_Colombia.png\",\"width\":251,\"height\":75,\"caption\":\"Fundaci\u00f3n Juanfe\"},\"image\":{\"@id\":\"https:\/\/juanfe.juanfe.org\/en\/#\/schema\/logo\/image\/\"}}]}<\/script>\n<!-- \/ Yoast SEO plugin. -->","yoast_head_json":{"title":"Fundaci\u00f3n Juanfe | Quality Education","robots":{"index":"index","follow":"follow","max-snippet":"max-snippet:-1","max-image-preview":"max-image-preview:large","max-video-preview":"max-video-preview:-1"},"canonical":"https:\/\/juanfe.juanfe.org\/educacion-de-calidad\/","og_locale":"en_US","og_type":"article","og_title":"Fundaci\u00f3n Juanfe | Quality Education","og_description":"[vc_row full_width=&#8221;stretch_row_content_no_spaces&#8221; css=&#8221;.vc_custom_1571711456091{background-color: #dedede !important;}&#8221;][vc_column][vc_column_text] WHAT WE DO [\/vc_column_text][\/vc_column][\/vc_row][vc_row full_width=&#8221;stretch_row_content_no_spaces&#8221; css=&#8221;.vc_custom_1572657102856{margin-top: -35px !important;}&#8221;][vc_column][vc_row_inner css=&#8221;.vc_custom_1572663265304{margin: 0px !important;padding: 0px !important;background-color: #78c600 !important;}&#8221;][vc_column_inner css=&#8221;.vc_custom_1572663357111{margin: 0px !important;padding: 0px !important;}&#8221;][vc_column_text css=&#8221;.vc_custom_1603798362644{margin-top: 0px !important;margin-right: 0px !important;margin-bottom: [\u2026]","og_url":"https:\/\/juanfe.juanfe.org\/educacion-de-calidad\/","og_site_name":"Fundaci\u00f3n Juanfe","article_modified_time":"2020-10-27T12:38:41+00:00","og_image":[{"url":"https:\/\/juanfe.juanfe.org\/wp-content\/uploads\/2019\/10\/icon-apoyamos.png"}],"twitter_card":"summary_large_image","twitter_misc":{"Est. reading time":"3 minutes"},"schema":{"@context":"https:\/\/schema.org","@graph":[{"@type":"WebPage","@id":"https:\/\/juanfe.juanfe.org\/educacion-de-calidad\/","url":"https:\/\/juanfe.juanfe.org\/educacion-de-calidad\/","name":"Fundaci\u00f3n Juanfe | Quality Education","isPartOf":{"@id":"https:\/\/juanfe.juanfe.org\/en\/#website"},"primaryImageOfPage":{"@id":"https:\/\/juanfe.juanfe.org\/educacion-de-calidad\/#primaryimage"},"image":{"@id":"https:\/\/juanfe.juanfe.org\/educacion-de-calidad\/#primaryimage"},"thumbnailUrl":"https:\/\/juanfe.juanfe.org\/wp-content\/uploads\/2019\/10\/icon-apoyamos.png","datePublished":"2019-11-27T14:30:57+00:00","dateModified":"2020-10-27T12:38:41+00:00","breadcrumb":{"@id":"https:\/\/juanfe.juanfe.org\/educacion-de-calidad\/#breadcrumb"},"inLanguage":"en-US","potentialAction":[{"@type":"ReadAction","target":["https:\/\/juanfe.juanfe.org\/educacion-de-calidad\/"]}]},{"@type":"ImageObject","inLanguage":"en-US","@id":"https:\/\/juanfe.juanfe.org\/educacion-de-calidad\/#primaryimage","url":"https:\/\/juanfe.juanfe.org\/wp-content\/uploads\/2019\/10\/icon-apoyamos.png","contentUrl":"https:\/\/juanfe.juanfe.org\/wp-content\/uploads\/2019\/10\/icon-apoyamos.png"},{"@type":"BreadcrumbList","@id":"https:\/\/juanfe.juanfe.org\/educacion-de-calidad\/#breadcrumb","itemListElement":[{"@type":"ListItem","position":1,"name":"Portada","item":"https:\/\/juanfe.juanfe.org\/en\/"},{"@type":"ListItem","position":2,"name":"Quality Education"}]},{"@type":"WebSite","@id":"https:\/\/juanfe.juanfe.org\/en\/#website","url":"https:\/\/juanfe.juanfe.org\/en\/","name":"Fundaci\u00f3n Juanfe","description":"En la Fundaci\u00f3n Juanfe, sabemos que invertir en las mujeres es la clave para erradicar la pobreza y avanzar en la equidad de g\u00e9nero.","publisher":{"@id":"https:\/\/juanfe.juanfe.org\/en\/#organization"},"potentialAction":[{"@type":"SearchAction","target":{"@type":"EntryPoint","urlTemplate":"https:\/\/juanfe.juanfe.org\/en\/?s={search_term_string}"},"query-input":"required name=search_term_string"}],"inLanguage":"en-US"},{"@type":"Organization","@id":"https:\/\/juanfe.juanfe.org\/en\/#organization","name":"Fundaci\u00f3n Juanfe","url":"https:\/\/juanfe.juanfe.org\/en\/","logo":{"@type":"ImageObject","inLanguage":"en-US","@id":"https:\/\/juanfe.juanfe.org\/en\/#\/schema\/logo\/image\/","url":"https:\/\/juanfe.juanfe.org\/wp-content\/uploads\/2019\/11\/logo_Fundacion_JuanFe_Colombia.png","contentUrl":"https:\/\/juanfe.juanfe.org\/wp-content\/uploads\/2019\/11\/logo_Fundacion_JuanFe_Colombia.png","width":251,"height":75,"caption":"Fundaci\u00f3n Juanfe"},"image":{"@id":"https:\/\/juanfe.juanfe.org\/en\/#\/schema\/logo\/image\/"}}]}},"_links":{"self":[{"href":"https:\/\/juanfe.juanfe.org\/en\/wp-json\/wp\/v2\/pages\/912","targetHints":{"allow":["GET"]}}],"collection":[{"href":"https:\/\/juanfe.juanfe.org\/en\/wp-json\/wp\/v2\/pages"}],"about":[{"href":"https:\/\/juanfe.juanfe.org\/en\/wp-json\/wp\/v2\/types\/page"}],"author":[{"embeddable":true,"href":"https:\/\/juanfe.juanfe.org\/en\/wp-json\/wp\/v2\/users\/1"}],"replies":[{"embeddable":true,"href":"https:\/\/juanfe.juanfe.org\/en\/wp-json\/wp\/v2\/comments?post=912"}],"version-history":[{"count":13,"href":"https:\/\/juanfe.juanfe.org\/en\/wp-json\/wp\/v2\/pages\/912\/revisions"}],"predecessor-version":[{"id":3169,"href":"https:\/\/juanfe.juanfe.org\/en\/wp-json\/wp\/v2\/pages\/912\/revisions\/3169"}],"wp:attachment":[{"href":"https:\/\/juanfe.juanfe.org\/en\/wp-json\/wp\/v2\/media?parent=912"}],"wp:term":[{"taxonomy":"category","embeddable":true,"href":"https:\/\/juanfe.juanfe.org\/en\/wp-json\/wp\/v2\/categories?post=912"},{"taxonomy":"post_tag","embeddable":true,"href":"https:\/\/juanfe.juanfe.org\/en\/wp-json\/wp\/v2\/tags?post=912"}],"curies":[{"name":"wp","href":"https:\/\/api.w.org\/{rel}","templated":true}]}}