{"id":919,"date":"2019-11-27T14:36:12","date_gmt":"2019-11-27T14:36:12","guid":{"rendered":"https:\/\/juanfe.juanfe.org\/?page_id=919"},"modified":"2020-10-27T12:56:29","modified_gmt":"2020-10-27T12:56:29","slug":"reduction-of-inequalities","status":"publish","type":"page","link":"https:\/\/juanfe.juanfe.org\/en\/reduction-of-inequalities\/","title":{"rendered":"Reduced Inequalities"},"content":{"rendered":"<div class=\"wpb-content-wrapper\"><p>[vc_row full_width=&#8221;stretch_row_content_no_spaces&#8221; css=&#8221;.vc_custom_1571711456091{background-color: #dedede !important;}&#8221;][vc_column][vc_column_text]<\/p>\n<h2 style=\"text-align: center;\"><a href=\"https:\/\/juanfe.juanfe.org\/en\/what-we-do\/\"><span style=\"color: #78bf00;\"><strong>WHAT WE DO<\/strong><\/span><\/a><\/h2>\n<p>[\/vc_column_text][\/vc_column][\/vc_row][vc_row full_width=&#8221;stretch_row_content_no_spaces&#8221; css=&#8221;.vc_custom_1572657102856{margin-top: -35px !important;}&#8221;][vc_column][vc_row_inner css=&#8221;.vc_custom_1572663265304{margin: 0px !important;padding: 0px !important;background-color: #78c600 !important;}&#8221;][vc_column_inner css=&#8221;.vc_custom_1572663357111{margin: 0px !important;padding: 0px !important;}&#8221;][vc_column_text css=&#8221;.vc_custom_1603798638932{margin-top: 0px !important;margin-right: 0px !important;margin-bottom: 0px !important;margin-left: 0px !important;padding-top: 10px !important;padding-right: 0px !important;padding-bottom: 8px !important;padding-left: 0px !important;background-position: center !important;background-repeat: no-repeat !important;background-size: cover !important;}&#8221;]<\/p>\n<ul class=\"main-menu_quehacemos\">\n<li class=\"dropdown\"><a href=\"https:\/\/juanfe.juanfe.org\/en\/the-problem\/\">The problem<\/a>\n<div class=\"dropdown-content\"><a href=\"https:\/\/juanfe.juanfe.org\/en\/end-of-poverty\/\">NO POVERTY<\/a><br \/>\n<a href=\"https:\/\/juanfe.juanfe.org\/en\/zero-hunger\/\">ZERO HUNGER<\/a><br \/>\n<a href=\"https:\/\/juanfe.juanfe.org\/en\/health-and-wellness\/\">GOOD HEALTH AND WELL-BEING<\/a><br \/>\n<a href=\"https:\/\/juanfe.juanfe.org\/en\/quality-education\/\">QUALITY EDUCATION<\/a><br \/>\n<a href=\"https:\/\/juanfe.juanfe.org\/en\/gender-equality\/\">GENDER EQUALITY<\/a><br \/>\n<a href=\"https:\/\/juanfe.juanfe.org\/en\/decent-job-and-economic-growth\/\">DECENT WORK AND ECONOMIC GROWTH<\/a><br \/>\n<a class=\"active\" href=\"https:\/\/juanfe.juanfe.org\/en\/reduction-of-inequalities\/\">REDUCED INEQUALITIES<\/a><br \/>\n<a href=\"https:\/\/juanfe.juanfe.org\/en\/sustainable-cities-and-communities\/\">SUSTAINABLE CITIES AND COMMUNITIES<\/a><br \/>\n<a href=\"https:\/\/juanfe.juanfe.org\/en\/alliances-to-achieve-objectives\/\">PARTNERSHIP FOR THE GOALS<\/a><\/div>\n<\/li>\n<li><a href=\"https:\/\/juanfe.juanfe.org\/en\/the-solution\/\">The solution<\/a><\/li>\n<li><a href=\"https:\/\/juanfe.juanfe.org\/en\/activism\/\">Advocacy<\/a><\/li>\n<li><a href=\"https:\/\/juanfe.juanfe.org\/en\/impact-measurement-and-research\/\">Impact measurement and research<\/a><\/li>\n<li><a href=\"https:\/\/juanfe.juanfe.org\/en\/juanfe-bakery\/\">Juanfe\u00b4s Bakery<\/a><\/li>\n<\/ul>\n<p>[\/vc_column_text][\/vc_column_inner][\/vc_row_inner][vc_row_inner][vc_column_inner width=&#8221;1\/4&#8243;][\/vc_column_inner][vc_column_inner width=&#8221;1\/2&#8243;][vc_column_text css=&#8221;.vc_custom_1603787646292{padding-right: 30px !important;padding-left: 30px !important;}&#8221;]<\/p>\n<h2><span style=\"color: #003300; font-weight: 800; line-height: normal;\">Reduced Inequalities<\/span><\/h2>\n<p>Inequality harms, on the one hand, people\u2019s personal and professional fulfillment, and, on the other, social development, economic growth and poverty reduction.<\/p>\n<p>We have designed and implemented a strategy of social and economic inclusion of a sector of the population that is usually outside the formal economic system.<\/p>\n<p>Through our 360 Degrees Model, we promote the labor insertion of our beneficiaries, which is possible thanks to the mental and emotional treatment that enables them to structure and sustain an adequate life project, and to the technical training we offer them. The formality of the jobs and the generation of stable income guarantee their participation in the contributory health and social security systems, which allows them to join the middle class and access decent living standards.<\/p>\n<p>In addition to this, the young women participate in workshops on entrepreneurship and receive advisory services to boost their own businesses.<\/p>\n<p>Our actions are oriented to goals\u00a010.1, 10.2, and 10.3\u00a0of the <em>REDUCED INEQUALITIES\u00a0<\/em>Sustainable Development Goal (SDG).[\/vc_column_text][\/vc_column_inner][vc_column_inner width=&#8221;1\/4&#8243;][\/vc_column_inner][\/vc_row_inner][\/vc_column][\/vc_row][vc_row full_width=&#8221;stretch_row_content_no_spaces&#8221; bg_type=&#8221;image&#8221; parallax_style=&#8221;vcpb-vz-jquery&#8221; bg_image_new=&#8221;id^277|url^https:\/\/juanfe.juanfe.org\/wp-content\/uploads\/2019\/10\/tu-tambien-puedes-ayudar.jpg|caption^null|alt^null|title^tu-tambien-puedes-ayudar|description^null&#8221;][vc_column][vc_row_inner css=&#8221;.vc_custom_1571954023753{padding-top: 35px !important;}&#8221;][vc_column_inner][vc_column_text]<\/p>\n<h2 style=\"text-align: center; font-weight: 300; line-height: 0;\"><span style=\"color: #ffffff;\"><strong><img decoding=\"async\" class=\"alignnone wp-image-280\" src=\"https:\/\/juanfe.juanfe.org\/wp-content\/uploads\/2019\/10\/icon-apoyamos.png\" alt=\"\" width=\"100\" height=\"100\" \/><\/strong><\/span><\/h2>\n<p style=\"text-align: center; font-weight: 300; font-size: 18px; line-height: 3;\"><span style=\"color: #ffffff;\">We have transformed the reality of more than<\/span><\/p>\n<h2 style=\"text-align: center; font-weight: 300; font-size: 41px; line-height: 0;\"><span style=\"color: #ffffff;\"><strong>250,000 people<\/strong><\/span><\/h2>\n<p>[\/vc_column_text][vc_column_text]<\/p>\n<p style=\"text-align: center;\"><a class=\"myButton\" href=\"https:\/\/juanfe.juanfe.org\/en\/donacionesapp\/\">You can also help<\/a><\/p>\n<p>[\/vc_column_text][\/vc_column_inner][\/vc_row_inner][\/vc_column][\/vc_row]<\/p>\n<\/div>","protected":false},"excerpt":{"rendered":"<p>[vc_row full_width=&#8221;stretch_row_content_no_spaces&#8221; css=&#8221;.vc_custom_1571711456091{background-color: #dedede !important;}&#8221;][vc_column][vc_column_text] WHAT WE DO [\/vc_column_text][\/vc_column][\/vc_row][vc_row full_width=&#8221;stretch_row_content_no_spaces&#8221; css=&#8221;.vc_custom_1572657102856{margin-top: -35px !important;}&#8221;][vc_column][vc_row_inner css=&#8221;.vc_custom_1572663265304{margin: 0px !important;padding: 0px !important;background-color: #78c600 !important;}&#8221;][vc_column_inner css=&#8221;.vc_custom_1572663357111{margin: 0px !important;padding: 0px !important;}&#8221;][vc_column_text css=&#8221;.vc_custom_1603798638932{margin-top: 0px !important;margin-right: 0px !important;margin-bottom:<span class=\"excerpt-hellip\"> [\u2026]<\/span><\/p>\n","protected":false},"author":1,"featured_media":0,"parent":0,"menu_order":0,"comment_status":"closed","ping_status":"closed","template":"","meta":{"footnotes":""},"categories":[],"tags":[],"class_list":["post-919","page","type-page","status-publish","hentry"],"yoast_head":"<!-- This site is optimized with the Yoast SEO plugin v23.2 - https:\/\/yoast.com\/wordpress\/plugins\/seo\/ -->\n<title>Fundaci\u00f3n Juanfe | Reduced Inequalities<\/title>\n<meta name=\"robots\" content=\"index, follow, max-snippet:-1, max-image-preview:large, max-video-preview:-1\" \/>\n<link rel=\"canonical\" href=\"https:\/\/juanfe.juanfe.org\/reduccion-de-las-desigualdades\/\" \/>\n<meta property=\"og:locale\" content=\"en_US\" \/>\n<meta property=\"og:type\" content=\"article\" \/>\n<meta property=\"og:title\" content=\"Fundaci\u00f3n Juanfe | Reduced Inequalities\" \/>\n<meta property=\"og:description\" content=\"[vc_row full_width=&#8221;stretch_row_content_no_spaces&#8221; css=&#8221;.vc_custom_1571711456091{background-color: #dedede !important;}&#8221;][vc_column][vc_column_text] WHAT WE DO [\/vc_column_text][\/vc_column][\/vc_row][vc_row full_width=&#8221;stretch_row_content_no_spaces&#8221; css=&#8221;.vc_custom_1572657102856{margin-top: -35px !important;}&#8221;][vc_column][vc_row_inner css=&#8221;.vc_custom_1572663265304{margin: 0px !important;padding: 0px !important;background-color: #78c600 !important;}&#8221;][vc_column_inner css=&#8221;.vc_custom_1572663357111{margin: 0px !important;padding: 0px !important;}&#8221;][vc_column_text css=&#8221;.vc_custom_1603798638932{margin-top: 0px !important;margin-right: 0px !important;margin-bottom: [\u2026]\" \/>\n<meta property=\"og:url\" content=\"https:\/\/juanfe.juanfe.org\/reduccion-de-las-desigualdades\/\" \/>\n<meta property=\"og:site_name\" content=\"Fundaci\u00f3n Juanfe\" \/>\n<meta property=\"article:modified_time\" content=\"2020-10-27T12:56:29+00:00\" \/>\n<meta property=\"og:image\" content=\"https:\/\/juanfe.juanfe.org\/wp-content\/uploads\/2019\/10\/icon-apoyamos.png\" \/>\n<meta name=\"twitter:card\" content=\"summary_large_image\" \/>\n<meta name=\"twitter:label1\" content=\"Est. reading time\" \/>\n\t<meta name=\"twitter:data1\" content=\"2 minutes\" \/>\n<script type=\"application\/ld+json\" class=\"yoast-schema-graph\">{\"@context\":\"https:\/\/schema.org\",\"@graph\":[{\"@type\":\"WebPage\",\"@id\":\"https:\/\/juanfe.juanfe.org\/reduccion-de-las-desigualdades\/\",\"url\":\"https:\/\/juanfe.juanfe.org\/reduccion-de-las-desigualdades\/\",\"name\":\"Fundaci\u00f3n Juanfe | Reduced Inequalities\",\"isPartOf\":{\"@id\":\"https:\/\/juanfe.juanfe.org\/en\/#website\"},\"primaryImageOfPage\":{\"@id\":\"https:\/\/juanfe.juanfe.org\/reduccion-de-las-desigualdades\/#primaryimage\"},\"image\":{\"@id\":\"https:\/\/juanfe.juanfe.org\/reduccion-de-las-desigualdades\/#primaryimage\"},\"thumbnailUrl\":\"https:\/\/juanfe.juanfe.org\/wp-content\/uploads\/2019\/10\/icon-apoyamos.png\",\"datePublished\":\"2019-11-27T14:36:12+00:00\",\"dateModified\":\"2020-10-27T12:56:29+00:00\",\"breadcrumb\":{\"@id\":\"https:\/\/juanfe.juanfe.org\/reduccion-de-las-desigualdades\/#breadcrumb\"},\"inLanguage\":\"en-US\",\"potentialAction\":[{\"@type\":\"ReadAction\",\"target\":[\"https:\/\/juanfe.juanfe.org\/reduccion-de-las-desigualdades\/\"]}]},{\"@type\":\"ImageObject\",\"inLanguage\":\"en-US\",\"@id\":\"https:\/\/juanfe.juanfe.org\/reduccion-de-las-desigualdades\/#primaryimage\",\"url\":\"https:\/\/juanfe.juanfe.org\/wp-content\/uploads\/2019\/10\/icon-apoyamos.png\",\"contentUrl\":\"https:\/\/juanfe.juanfe.org\/wp-content\/uploads\/2019\/10\/icon-apoyamos.png\"},{\"@type\":\"BreadcrumbList\",\"@id\":\"https:\/\/juanfe.juanfe.org\/reduccion-de-las-desigualdades\/#breadcrumb\",\"itemListElement\":[{\"@type\":\"ListItem\",\"position\":1,\"name\":\"Portada\",\"item\":\"https:\/\/juanfe.juanfe.org\/en\/\"},{\"@type\":\"ListItem\",\"position\":2,\"name\":\"Reduced Inequalities\"}]},{\"@type\":\"WebSite\",\"@id\":\"https:\/\/juanfe.juanfe.org\/en\/#website\",\"url\":\"https:\/\/juanfe.juanfe.org\/en\/\",\"name\":\"Fundaci\u00f3n Juanfe\",\"description\":\"En la Fundaci\u00f3n Juanfe, sabemos que invertir en las mujeres es la clave para erradicar la pobreza y avanzar en la equidad de g\u00e9nero.\",\"publisher\":{\"@id\":\"https:\/\/juanfe.juanfe.org\/en\/#organization\"},\"potentialAction\":[{\"@type\":\"SearchAction\",\"target\":{\"@type\":\"EntryPoint\",\"urlTemplate\":\"https:\/\/juanfe.juanfe.org\/en\/?s={search_term_string}\"},\"query-input\":\"required name=search_term_string\"}],\"inLanguage\":\"en-US\"},{\"@type\":\"Organization\",\"@id\":\"https:\/\/juanfe.juanfe.org\/en\/#organization\",\"name\":\"Fundaci\u00f3n Juanfe\",\"url\":\"https:\/\/juanfe.juanfe.org\/en\/\",\"logo\":{\"@type\":\"ImageObject\",\"inLanguage\":\"en-US\",\"@id\":\"https:\/\/juanfe.juanfe.org\/en\/#\/schema\/logo\/image\/\",\"url\":\"https:\/\/juanfe.juanfe.org\/wp-content\/uploads\/2019\/11\/logo_Fundacion_JuanFe_Colombia.png\",\"contentUrl\":\"https:\/\/juanfe.juanfe.org\/wp-content\/uploads\/2019\/11\/logo_Fundacion_JuanFe_Colombia.png\",\"width\":251,\"height\":75,\"caption\":\"Fundaci\u00f3n Juanfe\"},\"image\":{\"@id\":\"https:\/\/juanfe.juanfe.org\/en\/#\/schema\/logo\/image\/\"}}]}<\/script>\n<!-- \/ Yoast SEO plugin. -->","yoast_head_json":{"title":"Fundaci\u00f3n Juanfe | Reduced Inequalities","robots":{"index":"index","follow":"follow","max-snippet":"max-snippet:-1","max-image-preview":"max-image-preview:large","max-video-preview":"max-video-preview:-1"},"canonical":"https:\/\/juanfe.juanfe.org\/reduccion-de-las-desigualdades\/","og_locale":"en_US","og_type":"article","og_title":"Fundaci\u00f3n Juanfe | Reduced Inequalities","og_description":"[vc_row full_width=&#8221;stretch_row_content_no_spaces&#8221; css=&#8221;.vc_custom_1571711456091{background-color: #dedede !important;}&#8221;][vc_column][vc_column_text] WHAT WE DO [\/vc_column_text][\/vc_column][\/vc_row][vc_row full_width=&#8221;stretch_row_content_no_spaces&#8221; css=&#8221;.vc_custom_1572657102856{margin-top: -35px !important;}&#8221;][vc_column][vc_row_inner css=&#8221;.vc_custom_1572663265304{margin: 0px !important;padding: 0px !important;background-color: #78c600 !important;}&#8221;][vc_column_inner css=&#8221;.vc_custom_1572663357111{margin: 0px !important;padding: 0px !important;}&#8221;][vc_column_text css=&#8221;.vc_custom_1603798638932{margin-top: 0px !important;margin-right: 0px !important;margin-bottom: [\u2026]","og_url":"https:\/\/juanfe.juanfe.org\/reduccion-de-las-desigualdades\/","og_site_name":"Fundaci\u00f3n Juanfe","article_modified_time":"2020-10-27T12:56:29+00:00","og_image":[{"url":"https:\/\/juanfe.juanfe.org\/wp-content\/uploads\/2019\/10\/icon-apoyamos.png"}],"twitter_card":"summary_large_image","twitter_misc":{"Est. reading time":"2 minutes"},"schema":{"@context":"https:\/\/schema.org","@graph":[{"@type":"WebPage","@id":"https:\/\/juanfe.juanfe.org\/reduccion-de-las-desigualdades\/","url":"https:\/\/juanfe.juanfe.org\/reduccion-de-las-desigualdades\/","name":"Fundaci\u00f3n Juanfe | Reduced Inequalities","isPartOf":{"@id":"https:\/\/juanfe.juanfe.org\/en\/#website"},"primaryImageOfPage":{"@id":"https:\/\/juanfe.juanfe.org\/reduccion-de-las-desigualdades\/#primaryimage"},"image":{"@id":"https:\/\/juanfe.juanfe.org\/reduccion-de-las-desigualdades\/#primaryimage"},"thumbnailUrl":"https:\/\/juanfe.juanfe.org\/wp-content\/uploads\/2019\/10\/icon-apoyamos.png","datePublished":"2019-11-27T14:36:12+00:00","dateModified":"2020-10-27T12:56:29+00:00","breadcrumb":{"@id":"https:\/\/juanfe.juanfe.org\/reduccion-de-las-desigualdades\/#breadcrumb"},"inLanguage":"en-US","potentialAction":[{"@type":"ReadAction","target":["https:\/\/juanfe.juanfe.org\/reduccion-de-las-desigualdades\/"]}]},{"@type":"ImageObject","inLanguage":"en-US","@id":"https:\/\/juanfe.juanfe.org\/reduccion-de-las-desigualdades\/#primaryimage","url":"https:\/\/juanfe.juanfe.org\/wp-content\/uploads\/2019\/10\/icon-apoyamos.png","contentUrl":"https:\/\/juanfe.juanfe.org\/wp-content\/uploads\/2019\/10\/icon-apoyamos.png"},{"@type":"BreadcrumbList","@id":"https:\/\/juanfe.juanfe.org\/reduccion-de-las-desigualdades\/#breadcrumb","itemListElement":[{"@type":"ListItem","position":1,"name":"Portada","item":"https:\/\/juanfe.juanfe.org\/en\/"},{"@type":"ListItem","position":2,"name":"Reduced Inequalities"}]},{"@type":"WebSite","@id":"https:\/\/juanfe.juanfe.org\/en\/#website","url":"https:\/\/juanfe.juanfe.org\/en\/","name":"Fundaci\u00f3n Juanfe","description":"En la Fundaci\u00f3n Juanfe, sabemos que invertir en las mujeres es la clave para erradicar la pobreza y avanzar en la equidad de g\u00e9nero.","publisher":{"@id":"https:\/\/juanfe.juanfe.org\/en\/#organization"},"potentialAction":[{"@type":"SearchAction","target":{"@type":"EntryPoint","urlTemplate":"https:\/\/juanfe.juanfe.org\/en\/?s={search_term_string}"},"query-input":"required name=search_term_string"}],"inLanguage":"en-US"},{"@type":"Organization","@id":"https:\/\/juanfe.juanfe.org\/en\/#organization","name":"Fundaci\u00f3n Juanfe","url":"https:\/\/juanfe.juanfe.org\/en\/","logo":{"@type":"ImageObject","inLanguage":"en-US","@id":"https:\/\/juanfe.juanfe.org\/en\/#\/schema\/logo\/image\/","url":"https:\/\/juanfe.juanfe.org\/wp-content\/uploads\/2019\/11\/logo_Fundacion_JuanFe_Colombia.png","contentUrl":"https:\/\/juanfe.juanfe.org\/wp-content\/uploads\/2019\/11\/logo_Fundacion_JuanFe_Colombia.png","width":251,"height":75,"caption":"Fundaci\u00f3n Juanfe"},"image":{"@id":"https:\/\/juanfe.juanfe.org\/en\/#\/schema\/logo\/image\/"}}]}},"_links":{"self":[{"href":"https:\/\/juanfe.juanfe.org\/en\/wp-json\/wp\/v2\/pages\/919","targetHints":{"allow":["GET"]}}],"collection":[{"href":"https:\/\/juanfe.juanfe.org\/en\/wp-json\/wp\/v2\/pages"}],"about":[{"href":"https:\/\/juanfe.juanfe.org\/en\/wp-json\/wp\/v2\/types\/page"}],"author":[{"embeddable":true,"href":"https:\/\/juanfe.juanfe.org\/en\/wp-json\/wp\/v2\/users\/1"}],"replies":[{"embeddable":true,"href":"https:\/\/juanfe.juanfe.org\/en\/wp-json\/wp\/v2\/comments?post=919"}],"version-history":[{"count":14,"href":"https:\/\/juanfe.juanfe.org\/en\/wp-json\/wp\/v2\/pages\/919\/revisions"}],"predecessor-version":[{"id":3182,"href":"https:\/\/juanfe.juanfe.org\/en\/wp-json\/wp\/v2\/pages\/919\/revisions\/3182"}],"wp:attachment":[{"href":"https:\/\/juanfe.juanfe.org\/en\/wp-json\/wp\/v2\/media?parent=919"}],"wp:term":[{"taxonomy":"category","embeddable":true,"href":"https:\/\/juanfe.juanfe.org\/en\/wp-json\/wp\/v2\/categories?post=919"},{"taxonomy":"post_tag","embeddable":true,"href":"https:\/\/juanfe.juanfe.org\/en\/wp-json\/wp\/v2\/tags?post=919"}],"curies":[{"name":"wp","href":"https:\/\/api.w.org\/{rel}","templated":true}]}}